{"id":1229,"date":"2019-02-27T10:01:12","date_gmt":"2019-02-27T10:01:12","guid":{"rendered":"https:\/\/gvbm-m1.ycdn.de\/?page_id=1229"},"modified":"2019-02-27T10:43:26","modified_gmt":"2019-02-27T10:43:26","slug":"literaturop","status":"publish","type":"page","link":"https:\/\/gvbm.net\/index.php\/literaturop\/","title":{"rendered":"Literatur"},"content":{"rendered":"<h3><strong><u>Operative Behandlung oder medizinische Versorgung<\/u><\/strong><\/h3>\n<p>Im Laufe der Geschichte haben medizinische Gesellschaften und Forschungseinrichtungen bahnbrechende Erkenntnisse und ein tiefgehendes Verst\u00e4ndnis \u00fcber die Pathogenese tausender Krankheitsbilder gewonnen. Zusammen mit der stetigen Verbesserung der Diagnose- und Behandlungsm\u00f6glichkeiten, nicht zuletzt durch die pr\u00e4zise Anwendung der Behandlungsverfahren durch den Operateur, haben sich Krankenhausaufenthalt und Kosten f\u00fcr die Einrichtungen vermindert, Heilungswahrscheinlichkeit und Wohlergehen der Betroffenen erh\u00f6ht.<\/p>\n<p>Eine weitere Voraussetzung f\u00fcr eine erfolgreiche und komplikationsfreie medizinische Versorgung ist ein hoher Qualit\u00e4tsstandard aller involvierten Instrumente und Materialien, der gegen die immer h\u00e4rteren Sparma\u00dfnahmen vieler Krankenhaus- und Einrichtungsvorst\u00e4nde bestehen muss und nicht zum Nachteil der Anwender oder der Behandelten werden darf. Dieser Qualit\u00e4tsstandard kann in verschiedene Segmente unterteilt werden, Segmentbeispiele w\u00e4ren Maschinenzuverl\u00e4ssigkeit, Hygiene, Ergonomie und viele mehr.<\/p>\n<p>Trotz hoher Investitionen in die Forschung rund um die Krankenhaushygiene gibt es noch viele Herausforderungen in dem genannten Bereich. Betroffen von unzureichenden wissenschaftlich fundierten Erkenntnissen und somit negativen gesundheitlichen Konsequenzen sind in erster Linie die behandelten Patienten<a href=\"https:\/\/link.springer.com\/article\/10.1007\/s00063-005-1105-2\" target=\"_blank\" rel=\"noopener\">[0]<\/a>, aber indirekt auch die Klinik samt Personal selbst. Entscheidungstr\u00e4ger in diesen Bereichen k\u00f6nnen unter anderem die Zentrale Sterilgutversorgung, die Verwaltung, der Einkauf und die behandelnden \u00c4rzte bzw. Chirurgen sein.<\/p>\n<p>Qualit\u00e4tsm\u00e4ngel, wie sie bei der Produktion in Niedriglohnl\u00e4ndern entstehen k\u00f6nnen, f\u00fchren potentiell auf der einen Seite zu einer erschwerten Handhabung bei der Operation und Unzuverl\u00e4ssigkeit des Instrumentariums, andererseits zu dadurch entstehenden Hygieneschwachstellen, wie in einer Dokumentation vom BBC (Juni 2011)<a href=\"https:\/\/www.youtube.com\/watch?time_continue=1&amp;v=PK8DvNl-6_w\" target=\"_blank\" rel=\"noopener\">[2a]<\/a> aufgezeigt wurde. Es f\u00fchrt f\u00fcr die Patienten zu schwerwiegenden postoperativen Folgen, wenn \u201escharfe Stahlkanten mikroskopisch kleine L\u00f6cher in die OP-Handschuhe rei\u00dfen, was als eine der wahrscheinlichen Ursachen f\u00fcr MRSA-Infektionen (multiresistente Staphylococcus Aurea Infektionen) gilt. In fehlerhaften Oberfl\u00e4chen [des Instrumentariums] k\u00f6nnen sich zudem Gewebe und K\u00f6rperfl\u00fcssigkeiten ablagern, eine weitere m\u00f6gliche Infektionsquelle.\u201c<a href=\"https:\/\/www.bmj.com\/content\/bmj\/early\/2005\/12\/31\/bmj.38901.619074.55.full.pdf?maxtoshow=&amp;HITS=10&amp;hits=10&amp;RESULTFORMAT=&amp;author1=bhutta&amp;andorexactfulltext=and&amp;searchid=1&amp;FIRSTINDEX=0&amp;sortspec=relevance&amp;resourcetype=HWCIT\" target=\"_blank\" rel=\"noopener\">[1a]<\/a><\/p>\n<p>Im Jahr 2006 traten in Deutschland ca. 400 000 &#8211; 600 000 <a href=\"https:\/\/www.rki.de\/DE\/Content\/Infekt\/Ausbrueche\/nosokomial\/nosokomiale_Ausbrueche_node.html\" target=\"_blank\" rel=\"noopener\">nosokomiale Infektionen<\/a> auf. Bei gesch\u00e4tzten 10 000 &#8211; 15 000 Patienten waren sie die Todesursache. Rund 14 000 nosokomiale <a href=\"https:\/\/www.infektionsschutz.de\/erregersteckbriefe\/mrsa\/\" target=\"_blank\" rel=\"noopener\">MRSA-Infektionen<\/a> waren zu beobachten.<a href=\"https:\/\/www.thieme-connect.com\/products\/ejournals\/abstract\/10.1055\/s-2008-1077224\" target=\"_blank\" rel=\"noopener\">[1]<\/a> Sie verl\u00e4ngern den Krankenhausaufenthalt, erfordern mehr Diagnostik- und Behandlungsaufwand und sind zwangsl\u00e4ufig mit hohen Mehrkosten f\u00fcr die Klinik verbunden.<a href=\"https:\/\/www.kvberlin.de\/20praxis\/70themen\/mrsa\/daeb_daeb.pdf\" target=\"_blank\" rel=\"noopener\">[2]<\/a><\/p>\n<p>Eine Reduzierung der nosokomialen Infektionen verbessert u.a. die Wirtschaftlichkeit einer Klinik. Als Beispiel: \u201eWenn [die Klinik] von der Krankenkasse f\u00fcr einen bestimmten Fall 3.500\u20ac erh\u00e4lt und der Patient nach drei Tagen als gesund entlassen wird, hat sie mehr verdient, als wenn er wegen einer [nosokomialen] Infektion 10 Tage l\u00e4nger bleibt.\u201c &#8211; K.-D. Zastrow<a href=\"https:\/\/www.krankenhaushygiene.de\/informationen\/presseinformationen\/pressearchiv\/101\" target=\"_blank\" rel=\"noopener\">[3]<\/a><\/p>\n<p>Unzureichende Instrumentenreinigung und Resterilisation von schwer zu s\u00e4ubernden Instrumenten sind ein entscheidender Faktor und ein besonders sensibler Bereich der Infektionspr\u00e4vention im Rahmen der Krankenhaushygiene. <a href=\"https:\/\/www.spektrum.de\/thema\/prionen-als-krankheitserreger\/1315359\" target=\"_blank\" rel=\"noopener\">Prionen<\/a> sind aufgrund ihrer physikalisch-chemischen Eigenschaften schwer von Oberfl\u00e4chen abzul\u00f6sen und zu inaktivieren. Werden chirurgische Instrumente oder andere Medizinprodukte an Patienten mit erkennbarem Risiko f\u00fcr CJK, <a href=\"https:\/\/www.rki.de\/DE\/Content\/InfAZ\/C\/CJK\/Download\/vCJK_Bgbl_06_10.pdf?__blob=publicationFile\" target=\"_blank\" rel=\"noopener\">vCJK<\/a> oder sonstige <a href=\"https:\/\/www.efsa.europa.eu\/de\/topics\/topic\/transmissible-spongiform-encephalopathies-tses\" target=\"_blank\" rel=\"noopener\">humane TSE<\/a> angewandt, gelten deshalb besondere Empfehlungen.<a href=\"https:\/\/www.rki.de\/DE\/Content\/Infekt\/Krankenhaushygiene\/Erreger_ausgewaehlt\/CJK\/CJK_pdf_04.pdf?__blob=publicationFile\" target=\"_blank\" rel=\"noopener\">[4]<\/a> Des Weiteren beeinflusst die Konstruktion der Instrumente die Reinigbarkeit der Medizinprodukte.<br \/>\nAllgemein stehen als L\u00f6sungskandidaten meistens die Folgenden zur Auswahl: Die h\u00e4ufigere <strong>Verwendung von einmalverwendbaren Produkten<\/strong>, die <strong>Verbesserung der Reinigungs- und Sterilisationstechnik<\/strong> und Qualifizierung des verantwortlichen Personals oder die <strong>Verwendung von Instrumentendesigns<\/strong>, die an die effektive Resterilisation angepasst und ggf. wissenschaftlich gepr\u00fcft sind. Alle L\u00f6sungsans\u00e4tze bed\u00fcrfen genauer Pr\u00fcfung und Kosten-Nutzen-Gegen\u00fcberstellung.<\/p>\n<p><u>L\u00f6sungsm\u00f6glichkeit 1: Mehrweg vs. Einweg (Kostenberechnung)<\/u><\/p>\n<p><strong>Vorschlag 1:<\/strong><\/p>\n<p>F\u00fcr Einweginstrumente w\u00e4ren die Gesamtkosten n\u00e4herungsweise Folgende:<\/p>\n<p>Durchschnittliche <a href=\"https:\/\/link.springer.com\/article\/10.1007\/s10039-002-0641-8\" target=\"_blank\" rel=\"noopener\">Mehrkosten durch nosokomiale MRSA-Infektion<\/a> pro Patient: 15.000\u20ac<br \/>\nDurchschnittlicher <a href=\"https:\/\/www.gehaltsvergleich.com\/gehalt\/Chirurgiemechaniker-Chirurgiemechanikerin\" target=\"_blank\" rel=\"noopener\">Stundenlohn Chirurgiemechaniker<\/a>: 19\u20ac<br \/>\nDurchschnittlicher <a href=\"http:\/\/www.lohnanalyse.de\/de\/loehne\/details\/sterilisationsassistentin.html\" target=\"_blank\" rel=\"noopener\">Stundenlohn Sterilisationsassistent<\/a>: 15,5\u20ac<\/p>\n<p><strong>Vorschlag 2:<\/strong><\/p>\n<p>Der \u201eTotal-Cost-Of-Ownership\u201c-Ansatz kann bei der Kostenann\u00e4herung helfen.[<a href=\"http:\/\/hscn.org\/Data\/Sites\/1\/resources\/innovationprocurement\/total-cost-of-ownership-spreadsheet.xlsx\" target=\"_blank\" rel=\"noopener\">7<\/a>,<a href=\"https:\/\/www.marktundmittelstand.de\/einkauf\/alle-kosten-im-einkauf-einbeziehen-1221721\/\" target=\"_blank\" rel=\"noopener\">8<\/a>] Hier k\u00f6nnen Sie die deutsche Tabelle herunterladen.<\/p>\n<p><u>Diskussion und Grenzen der Bestimmbarkeit<\/u><\/p>\n<p>Es scheiden sich die Geister, wie pr\u00e4zise ein einzelner Faktor gemessen werden k\u00f6nnen muss, um valide zu sein und in die Kostenkalkulation miteinbezogen werden zu k\u00f6nnen.<\/p>\n<p>Wenn die Kostenberechnung richtig ist, sind Abweichungen von rund 20 % zu akzeptieren. Denn eine Kostenberechnung ist nur eine Berechnung \u00fcblicher Kosten anhand von Vergangenheitszahlen, Toleranzen somit auch deshalb systemimmanent. Der Einzelfall kann und wird Abweichungen ergeben.<a href=\"https:\/\/www.ghv-guetestelle.de\/ghv\/redmedia\/2012-12_dib_fehlertoleranz_kos_1.pdf\" target=\"_blank\" rel=\"noopener\">[6]<\/a> Hinzu kommt die enorme technische und organisatorische Heterogenit\u00e4t der Krankenhausverwaltung \u2013 d.h. ein Kalkulationsmodell, welches f\u00fcr ein Produkt sehr gut passt, passt evtl. beim n\u00e4chsten Produkt \u00fcberhaupt nicht.<\/p>\n<p>Aufgrund des Fehlens eines validen und reproduzierbaren Kalkulationsmodells sind Instrumentenqualit\u00e4t und Umweltbelastung nicht mit in die Berechnung eingeflossen.<\/p>\n<p>Zur Diskussion steht, ob durch die Herstellung von Mehrweg- als auch Einweginstrumenten mit mangelnder Qualit\u00e4t, entweder durch zuf\u00e4llige oder systematische Fehler in der Produktion und\/oder im Qualit\u00e4tsmanagement, bisher nicht beachtete zus\u00e4tzliche Risiken und Kosten entstehen, wie z.B. Besch\u00e4digung oder Zerst\u00f6rung des Instrumentes bei Nutzung oder Belastung, gesundheitliche Risiken f\u00fcr Patienten, etc.<\/p>\n<p><u>L\u00f6sungsvorschlag 2: Bessere Sterilisationstechnik und -qualifizierung<\/u><\/p>\n<p>Eine Verbesserung der Sterilisations- und Reinigungstechnik beg\u00e4nne zun\u00e4chst mit der Projektarbeit, die dar\u00fcber aufkl\u00e4ren soll, welche Vorkehrungen getroffen werden m\u00fcssten, um die verbesserte Reinigung und Sterilisation der Instrumente zu gew\u00e4hrleisten. Ein Projektziel m\u00fcsste im Voraus quantifiziert werden, Verantwortungen verteilt, ein Zeitplan erstellt, ggf. beratende Personen hinzugezogen werden. Alleine das Projekt der Analyse und Zielsetzung w\u00fcrde mehrere Zehntausend Euro verschlingen. Aber das ist nur der Anfang.<br \/>\nSobald klar ist, was genau ben\u00f6tig wird, wird wahrscheinlich eine Kombination aus den verschiedenen Faktoren das Ergebnis sein:<\/p>\n<ul>\n<li>Neue Maschinen<\/li>\n<li>Fortbildungen f\u00fcr das ausf\u00fchrende Personal<\/li>\n<li>Sch\u00e4rfere S\u00e4uberungsmittel<\/li>\n<li>H\u00f6here Personalgeh\u00e4lter<\/li>\n<li>Besseres Qualit\u00e4tsmanagement<\/li>\n<li>Audit f\u00fcr aktuelle Standardisierung (Regulierung)<\/li>\n<\/ul>\n<p>Kostentreibend sind vor allem dabei neue Maschinen (Einstandspreis plus fortlaufende Wartung und Reparatur) und die Geh\u00e4lter f\u00fcr h\u00f6her qualifiziertes Personal (fortlaufend).<\/p>\n<p><u>L\u00f6sungsvorschlag 3: Verwendung von angepassten Instrumentendesigns<\/u><\/p>\n<p>Voraussetzung daf\u00fcr, dass diese Option \u00fcberhaupt beachtet werden sollte, ist, dass Ihr Betrieb einen nennenswerten Verbrauch von den betroffenen Produkten aufweist \u2013 f\u00fcr die produzierende Gro\u00df-Industrie (beispielhaft vertreten durch B. Braun AG oder Carl Zeiss AG) sind gew\u00f6hnlich Projekte kleinerer Volumina wenig interessant.<\/p>\n<p>Mittelst\u00e4ndische Unternehmen sind an dieser Stelle m\u00f6glicherweise mehr flexibel: Es w\u00fcrde eine enge Kooperation mit einem produzierenden Unternehmen folgen, welches ein Produkt mit Ihren Anforderungen herstellt. Dieser Prozess ist aufwendig und tendenziell nervlich strapazierend, vor allem nachdem auch der dritte Prototyp nicht richtig funktioniert.<\/p>\n<p>Doch auch wenn modernere Designs mit entsprechenden Materialien den Anforderungen der Reinigung und Sterilisation entsprechen, sind diese Produkte nicht selten selbst im Einstandspreis sehr kostenaufwendig. Hohe Qualit\u00e4t bei Sonderanfertigungen ist gew\u00f6hnlich kostenintensiv.<\/p>\n<p>Welcher L\u00f6sungsansatz ist f\u00fcr Ihre Anforderungen am effizientesten? Kontaktieren Sie uns gerne und teilen uns Ihre Erfahrungen und Entscheidungen mit: <a href=\"mailto:info@gvbm.net\">info@gvbm.net<\/a><\/p>\n<p>Alle Angaben sind ohne Gew\u00e4hr von Richtigkeit und Vollst\u00e4ndigkeit.<\/p>\n","protected":false},"excerpt":{"rendered":"<p>Operative Behandlung oder medizinische Versorgung Im Laufe der Geschichte haben medizinische Gesellschaften und Forschungseinrichtungen bahnbrechende Erkenntnisse und ein tiefgehendes Verst\u00e4ndnis \u00fcber die Pathogenese tausender Krankheitsbilder gewonnen.<span class=\"excerpt-hellip\"> [\u2026]<\/span><\/p>\n","protected":false},"author":2,"featured_media":1235,"parent":0,"menu_order":0,"comment_status":"closed","ping_status":"closed","template":"","meta":{"footnotes":""},"class_list":["post-1229","page","type-page","status-publish","has-post-thumbnail","hentry"],"_links":{"self":[{"href":"https:\/\/gvbm.net\/index.php\/wp-json\/wp\/v2\/pages\/1229","targetHints":{"allow":["GET"]}}],"collection":[{"href":"https:\/\/gvbm.net\/index.php\/wp-json\/wp\/v2\/pages"}],"about":[{"href":"https:\/\/gvbm.net\/index.php\/wp-json\/wp\/v2\/types\/page"}],"author":[{"embeddable":true,"href":"https:\/\/gvbm.net\/index.php\/wp-json\/wp\/v2\/users\/2"}],"replies":[{"embeddable":true,"href":"https:\/\/gvbm.net\/index.php\/wp-json\/wp\/v2\/comments?post=1229"}],"version-history":[{"count":5,"href":"https:\/\/gvbm.net\/index.php\/wp-json\/wp\/v2\/pages\/1229\/revisions"}],"predecessor-version":[{"id":1241,"href":"https:\/\/gvbm.net\/index.php\/wp-json\/wp\/v2\/pages\/1229\/revisions\/1241"}],"wp:featuredmedia":[{"embeddable":true,"href":"https:\/\/gvbm.net\/index.php\/wp-json\/wp\/v2\/media\/1235"}],"wp:attachment":[{"href":"https:\/\/gvbm.net\/index.php\/wp-json\/wp\/v2\/media?parent=1229"}],"curies":[{"name":"wp","href":"https:\/\/api.w.org\/{rel}","templated":true}]}}