{"id":126,"date":"2018-10-24T09:34:11","date_gmt":"2018-10-24T09:34:11","guid":{"rendered":"https:\/\/gvbm-m1.ycdn.de\/index.php\/produkt\/frazier-gerade-mit-aspirationsloch-gefenstert-doppelt-steril-verpackt\/"},"modified":"2025-09-11T22:51:27","modified_gmt":"2025-09-11T22:51:27","slug":"frazier-fergusson","status":"publish","type":"product","link":"https:\/\/gvbm.net\/index.php\/produkt\/frazier-fergusson\/","title":{"rendered":"Frazier (Fergusson)"},"content":{"rendered":"<h4>Anwendungsbereiche<\/h4>\n<p>Unser Frazier Einmalsauger ist ein einmalverwendbares chirurgisches Instrument, welches f\u00fcr die Entfernung von Fl\u00fcssigkeiten und R\u00fcckst\u00e4nden aus r\u00e4umlich begrenzten Stellen des operierten Bereiches wie z.B. Nasenh\u00f6hle<!--- <a href=\"https:\/\/upload.wikimedia.org\/wikipedia\/commons\/4\/4b\/Diagram_showing_the_position_of_the_sinuses_CRUK_359.svg\" target=\"_blank\" rel=\"noopener\">Sinus paranasales<\/a>, Cavitas Nasi, <a href=\"https:\/\/www.apotheken.de\/krankheiten\/hintergrundwissen\/4212-das-medizinische-fachgebiet-hals-nasen-ohren-heilkunde\" target=\"_blank\" rel=\"noopener\">HNO<\/a>)--->, <a href=\"https:\/\/upload.wikimedia.org\/wikipedia\/commons\/2\/26\/Blausen_0618_LumbarSpine.png\" target=\"_blank\" rel=\"noopener\">lumbale<\/a> und <a href=\"https:\/\/www.doc-burger.de\/wp-content\/uploads\/2018\/02\/Bild-4_montage-hws_fotolia.jpg\" target=\"_blank\" rel=\"noopener\">zervikale<\/a> Regionen der Wirbels\u00e4ule oder <a href=\"https:\/\/upload.wikimedia.org\/wikipedia\/commons\/9\/9f\/Cranial_bones_es.svg\" target=\"_blank\" rel=\"noopener\">intrakraniellen<\/a> Zug\u00e4ngen <!---<a href=\"https:\/\/www.spektrum.de\/lexikon\/neurowissenschaft\/neurochirurgie\/8528\" target=\"_blank\" rel=\"noopener\">Neurochirurgie<\/a>---> verwendet wird. Es stehen mehrere Lumengr\u00f6\u00dfen zur Auswahl.<\/p>\n<h4>Lieferumfang<\/h4>\n<p>Ein d\u00fcnner Draht (Mandrin) ist dem Produkt beigef\u00fcgt, um ggf. verstopfendes Gewebe w\u00e4hrend der OP zu entfernen.<\/p>\n<h4>Material &amp; Form<\/h4>\n<p>Au\u00dfer unseren 4 und 5 mm \u2205 Frazier Saugern (FSH2012, FSN24212, FSH2015) k\u00f6nnen die atraumatisch abgerundeten Saugrohre an einer beliebigen Stelle eigenst\u00e4ndig durch den Anwender intraoperativ bis einem Winkel von maximal 40\u00b0 gebogen werden. Die an der Spitze gefensterten Frazier Sauger (FSF\u2026) sind bereits vorgebogen. Die Saugleistung wird durch ein kleines Aspirationsloch im ergonomisch geformten Handgriff kontrolliert.<\/p>\n<h4>Herstellung &amp; Zertifizierung<\/h4>\n<p>Der Herstellungs- sowie Sterilisationsprozess in Gro\u00dfbritannien durch <a href=\"http:\/\/dtrmedical.com\/products\/needle-holders\/\" target=\"_blank\" rel=\"noopener\">DTR medical Ltd.<\/a> gew\u00e4hrleisten hohe Stabilit\u00e4t, Bruchfestigkeit und eine saubere, anwenderoptimierte L\u00f6sung. Zus\u00e4tzlich wirkt sich die <a href=\"http:\/\/dtrmedical.com\/wp-content\/uploads\/2014\/11\/Environmental-Resources-2014.pdf\" target=\"_blank\" rel=\"noopener\">50%ige Stahlwiederverwendung<\/a>\u00a0positiv auf Umwelteinfl\u00fcsse aus. Das Produkt ist durch DTR medical Ltd. ISO 13485 und CE zertifiziert. Weitere Informationen zu der Zertifizierung finden Sie <a href=\"https:\/\/gvbm.net\/index.php\/unternehmen\/qualitaet-zertifikate\/\">hier<\/a>.<\/p>\n","protected":false},"excerpt":{"rendered":"<h5>Frazier (Fergusson)<\/h5>\n<p>Einmalsauger \u2013 sterile Einmalsauger f\u00fcr Chirurgie, verschiedene Lumengr\u00f6\u00dfen, 20 Stk je Verkaufseinheit<\/p>\n","protected":false},"featured_media":3371,"comment_status":"open","ping_status":"closed","template":"","meta":[],"product_cat":[18,89,17],"product_tag":[614,607,604,610,608,609,615,605,618,606,616,611,617,612,557,613],"class_list":{"0":"post-126","1":"product","2":"type-product","3":"status-publish","4":"has-post-thumbnail","6":"product_cat-einmalsauger","7":"product_cat-einmalsauger-wirbelsaeulen-neurochirurgie","8":"product_cat-hno","9":"product_tag-aspirationsloch","10":"product_tag-chirurgische-absauger","11":"product_tag-einmalsauger","12":"product_tag-einweg-sauger","13":"product_tag-einwegsauger","14":"product_tag-ferg","15":"product_tag-fraz","16":"product_tag-hno","17":"product_tag-kanuele","18":"product_tag-neurochirurgie","19":"product_tag-otologie","20":"product_tag-rhino-chirurgie","21":"product_tag-rhinologie","22":"product_tag-rhinologisch","23":"product_tag-steril","24":"product_tag-unterbrecherloch","25":"pa_abmessungen-26mm-x-140mm","26":"pa_abmessungen-2mm-x-140mm","27":"pa_abmessungen-3mm-x-140mm","28":"pa_abmessungen-4mm-x-140mm","29":"pa_abmessungen-5mm-x-140mm","31":"first","32":"instock","33":"shipping-taxable","34":"purchasable","35":"product-type-variable","36":"has-default-attributes"},"_links":{"self":[{"href":"https:\/\/gvbm.net\/index.php\/wp-json\/wp\/v2\/product\/126","targetHints":{"allow":["GET"]}}],"collection":[{"href":"https:\/\/gvbm.net\/index.php\/wp-json\/wp\/v2\/product"}],"about":[{"href":"https:\/\/gvbm.net\/index.php\/wp-json\/wp\/v2\/types\/product"}],"replies":[{"embeddable":true,"href":"https:\/\/gvbm.net\/index.php\/wp-json\/wp\/v2\/comments?post=126"}],"wp:featuredmedia":[{"embeddable":true,"href":"https:\/\/gvbm.net\/index.php\/wp-json\/wp\/v2\/media\/3371"}],"wp:attachment":[{"href":"https:\/\/gvbm.net\/index.php\/wp-json\/wp\/v2\/media?parent=126"}],"wp:term":[{"taxonomy":"product_cat","embeddable":true,"href":"https:\/\/gvbm.net\/index.php\/wp-json\/wp\/v2\/product_cat?post=126"},{"taxonomy":"product_tag","embeddable":true,"href":"https:\/\/gvbm.net\/index.php\/wp-json\/wp\/v2\/product_tag?post=126"}],"curies":[{"name":"wp","href":"https:\/\/api.w.org\/{rel}","templated":true}]}}