{"id":1803,"date":"2019-10-29T12:48:30","date_gmt":"2019-10-29T12:48:30","guid":{"rendered":"https:\/\/gvbm.net\/?post_type=product&#038;p=1803"},"modified":"2025-09-03T18:34:27","modified_gmt":"2025-09-03T18:34:27","slug":"coronet-langstielige-hornhautstanze","status":"publish","type":"product","link":"https:\/\/gvbm.net\/index.php\/produkt\/coronet-langstielige-hornhautstanze\/","title":{"rendered":"CORONET\u00ae Langstielige Hornhautstanze (PK, DALK)"},"content":{"rendered":"<h4>Anwendungsbereiche<\/h4>\n<p>Die CORONET\u00ae Langstielige Hornhautstanze wurde speziell f\u00fcr die Keratoplastik entwickelt, insbesondere f\u00fcr perforierende Keratoplastiken (PK) und anteriore lamell\u00e4re Keratoplastiken (DALK). Sie erm\u00f6glicht pr\u00e4zise Schnitte und wird weltweit von Ophthalmologen f\u00fcr Hornhauttransplantationen eingesetzt.<\/p>\n<h4>Material &amp; Form<\/h4>\n<p>Die Hornhautstanze \u00fcberzeugt durch ihre ultra scharfe Klinge, die nur minimalen Druck erfordert, um einen sauberen und glatten Schnitt durchzuf\u00fchren. Gro\u00dfe Sichtfenster erleichtern die optimale Visualisierung w\u00e4hrend der Operation.<\/p>\n<p>F\u00fcr perfekte Ergebnisse wird empfohlen, Empf\u00e4nger- und Spender-Trepanationen mit CORONET\u00ae Systemen durchzuf\u00fchren, da diese kongruente Schnittkantenwinkel und -formen sicherstellen.<\/p>\n<h4>Technologie &amp; Klingenqualit\u00e4t<\/h4>\n<h5><em>Der wichtigste Teil eines jeden Hornhauttrepans ist die Klinge.<\/em><\/h5>\n<p>Alle Coronet\u00ae Hornhauttrepane wurden durch die exklusive CORONET\u00ae Cathedral Klingen Technologie hergestellt. <a href=\"https:\/\/gvbm.net\/wp-content\/uploads\/2019\/10\/Flyer-Coronet-Klingenprofil.pdf\">Hier k\u00f6nnen Sie mehr erfahren<\/a>.<\/p>\n<h4>Herstellung &amp; Zertifizierung<\/h4>\n<p>Der Herstellungs- sowie Sterilisationsprozess in Gro\u00dfbritannien durch\u00a0<a href=\"https:\/\/www.networkmedical.co.uk\/\" target=\"_blank\" rel=\"noopener\">Network Medical Products Ltd.<\/a>\u00a0gew\u00e4hrleisten Qualit\u00e4t f\u00fcr h\u00f6chste Anspr\u00fcche und eine saubere, anwenderoptimierte L\u00f6sung.\u00a0Das Produkt ist durch Network Medical Products Ltd.\u00a0ISO 13485\u00a0und\u00a0CE\u00a0zertifiziert.\u00a0Weitere Informationen zu der Zertifizierung finden Sie <a href=\"https:\/\/gvbm.net\/index.php\/unternehmen\/qualitaet-zertifikate\/\">hier<\/a>.<\/p>\n","protected":false},"excerpt":{"rendered":"<p>CORONET\u00ae Langstielige Hornhautstanze (PK, DALK) \u2013 Einmal-Trepan mit ergonomischem Handgriff f\u00fcr pr\u00e4zise Hornhauttransplantationen (PK, DALK). Steril verpackt, 1 St\u00fcck je Verkaufseinheit.<\/p>\n","protected":false},"featured_media":1828,"comment_status":"open","ping_status":"closed","template":"","meta":[],"product_cat":[695,696],"product_tag":[558,561,559,562,560,578,588,581,563,574,571,548,551,568,556,583,582,567,564,554,575,546,566,553,586,573,565,576,544,570,579,572,584,580,585,589,587,552,549,547,569,555,557,577,550,545,590],"class_list":{"0":"post-1803","1":"product","2":"type-product","3":"status-publish","4":"has-post-thumbnail","6":"product_cat-ophthalmologie","7":"product_cat-coronet-einmal-trepane","8":"product_tag-7mm","9":"product_tag-8-5mm","10":"product_tag-8mm","11":"product_tag-9-5mm","12":"product_tag-9mm","13":"product_tag-anterior","14":"product_tag-augenchirurgie","15":"product_tag-augenheilkunde","16":"product_tag-best","17":"product_tag-cornea","18":"product_tag-coronet","19":"product_tag-dalk","20":"product_tag-deep-anterior-lamellar-keratoplasty","21":"product_tag-disposable","22":"product_tag-einmal","23":"product_tag-einmal-trepan","24":"product_tag-einmalinstrument","25":"product_tag-einweg","26":"product_tag-franceschetti","27":"product_tag-hornhaut","28":"product_tag-hornhautspende","29":"product_tag-hornhautstanze","30":"product_tag-hornhauttransplantat","31":"product_tag-keratoplastik","32":"product_tag-keratoplastik-instrumente","33":"product_tag-keratoplastik-trepan","34":"product_tag-keratoplastiktrepan","35":"product_tag-kornea","36":"product_tag-langstieliger-trepan","37":"product_tag-long-handled-trephine","38":"product_tag-medical","39":"product_tag-network","40":"product_tag-ophthalmo-chirurgie","41":"product_tag-ophthalmologie","42":"product_tag-ophthalmologie-produkte","43":"product_tag-ophthalmologische-stanzinstrumente","44":"product_tag-ophthalmoprodukte","45":"product_tag-perforating-keratoplasty","46":"product_tag-perforierende-keratoplastik","47":"product_tag-pk","48":"product_tag-single-use","49":"product_tag-stanze","50":"product_tag-steril","51":"product_tag-stroma","52":"product_tag-tiefe-anteriore-lamellaere-keratoplastik","53":"product_tag-trepan","54":"product_tag-trepan-mit-handgriff","56":"first","57":"instock","58":"shipping-taxable","59":"purchasable","60":"product-type-variable"},"_links":{"self":[{"href":"https:\/\/gvbm.net\/index.php\/wp-json\/wp\/v2\/product\/1803","targetHints":{"allow":["GET"]}}],"collection":[{"href":"https:\/\/gvbm.net\/index.php\/wp-json\/wp\/v2\/product"}],"about":[{"href":"https:\/\/gvbm.net\/index.php\/wp-json\/wp\/v2\/types\/product"}],"replies":[{"embeddable":true,"href":"https:\/\/gvbm.net\/index.php\/wp-json\/wp\/v2\/comments?post=1803"}],"wp:featuredmedia":[{"embeddable":true,"href":"https:\/\/gvbm.net\/index.php\/wp-json\/wp\/v2\/media\/1828"}],"wp:attachment":[{"href":"https:\/\/gvbm.net\/index.php\/wp-json\/wp\/v2\/media?parent=1803"}],"wp:term":[{"taxonomy":"product_cat","embeddable":true,"href":"https:\/\/gvbm.net\/index.php\/wp-json\/wp\/v2\/product_cat?post=1803"},{"taxonomy":"product_tag","embeddable":true,"href":"https:\/\/gvbm.net\/index.php\/wp-json\/wp\/v2\/product_tag?post=1803"}],"curies":[{"name":"wp","href":"https:\/\/api.w.org\/{rel}","templated":true}]}}