{"id":1873,"date":"2019-11-04T12:15:10","date_gmt":"2019-11-04T12:15:10","guid":{"rendered":"https:\/\/gvbm.net\/?post_type=product&#038;p=1873"},"modified":"2025-09-03T19:02:36","modified_gmt":"2025-09-03T19:02:36","slug":"coronet-standard-kornea-trepan","status":"publish","type":"product","link":"https:\/\/gvbm.net\/index.php\/produkt\/coronet-standard-kornea-trepan\/","title":{"rendered":"CORONET\u00ae Standard Kornea Trepan"},"content":{"rendered":"<h4>Anwendungsbereiche<\/h4>\n<p>Unser Standard Kornea Trepan wird f\u00fcr perforierende und anteriore lamell\u00e4re Keratoplastiken verwendet.<\/p>\n<h4>Material &amp; Form<\/h4>\n<p>Dank der ultra scharfen Klinge bedarf es minimalem Druck, um einen sauberen Schnitt durchzuf\u00fchren.<\/p>\n<p>Wir empfehlen f\u00fcr die Empf\u00e4nger- und Spender-Trepanation Systeme des selben Herstellers zu verwenden, um kongruente Schnittkantenwinkel und -formen zu erhalten.<\/p>\n<h5><em>Der wichtigste Teil eines jeden Hornhauttrepans ist die Klinge.<\/em><\/h5>\n<p>Alle Coronet\u00ae Hornhauttrepane wurden durch die exklusive CORONET\u00ae Cathedral Klingen Technologie hergestellt.\u00a0<a href=\"https:\/\/gvbm.net\/wp-content\/uploads\/2019\/10\/Flyer-Coronet-Klingenprofil.pdf\">Hier k\u00f6nnen Sie mehr erfahren<\/a>.<\/p>\n<h4>Herstellung &amp; Zertifizierung<\/h4>\n<p>Der Herstellungs- sowie Sterilisationsprozess in Gro\u00dfbritannien durch\u00a0<a href=\"https:\/\/www.networkmedical.co.uk\/\" target=\"_blank\" rel=\"noopener\">Network Medical Products Ltd.<\/a>\u00a0gew\u00e4hrleisten Qualit\u00e4t f\u00fcr h\u00f6chste Anspr\u00fcche und eine saubere, anwenderoptimierte L\u00f6sung.\u00a0Das Produkt ist durch Network Medical Products Ltd.\u00a0ISO 13485\u00a0und\u00a0CE\u00a0zertifiziert.\u00a0Weitere Informationen zu der Zertifizierung finden Sie <a href=\"https:\/\/gvbm.net\/index.php\/unternehmen\/qualitaet-zertifikate\/\">hier<\/a>.<\/p>\n","protected":false},"excerpt":{"rendered":"<p>Steriler CORONET\u00ae Standard Kornea Trepan f\u00fcr die Keratoplastik. Einmal-Trepan mit Trepanf\u00fchrung und Standfu\u00df, 1 St\u00fcck je Verkaufseinheit. Jetzt anfragen!<\/p>\n","protected":false},"featured_media":1874,"comment_status":"open","ping_status":"closed","template":"","meta":[],"product_cat":[695,696],"product_tag":[741,721,720,722,725,739,726,762,761,733,553,711,699,712,708,698,714,715,716,703,719,700,707,709,710,728,731,730,702,706,701,734,745,746,750,704,729,747,705,732,743,735,717,763,736,737,749,748,751,754,549,713,718,724,723,727,753,752,738,755,756,744,757,742,545,759,760,758,740],"class_list":{"0":"post-1873","1":"product","2":"type-product","3":"status-publish","4":"has-post-thumbnail","6":"product_cat-ophthalmologie","7":"product_cat-coronet-einmal-trepane","8":"product_tag-anteriore-lamellare-keratoplastik","9":"product_tag-endothel-keratoplastik","10":"product_tag-endotheliale-keratoplastik","11":"product_tag-epi-keratoplastik","12":"product_tag-gts-keratoplastik","13":"product_tag-hintere-lamellare-keratoplastik","14":"product_tag-hochrisiko-keratoplastik","15":"product_tag-hornhaut-trepan","16":"product_tag-hornhaut-trepanation","17":"product_tag-keratolitik-keratoplastik","18":"product_tag-keratoplastik","19":"product_tag-keratoplastik-ablauf","20":"product_tag-keratoplastik-abstoayung","21":"product_tag-keratoplastik-arten","22":"product_tag-keratoplastik-auge","23":"product_tag-keratoplastik-bei-keratokonus","24":"product_tag-keratoplastik-berlin","25":"product_tag-keratoplastik-bilder","26":"product_tag-keratoplastik-dalk","27":"product_tag-keratoplastik-dmek","28":"product_tag-keratoplastik-englisch","29":"product_tag-keratoplastik-erfahrungen","30":"product_tag-keratoplastik-faden-ziehen","31":"product_tag-keratoplastik-icd","32":"product_tag-keratoplastik-immunsuppression","33":"product_tag-keratoplastik-je","34":"product_tag-keratoplastik-kassenleistung","35":"product_tag-keratoplastik-keratokonus","36":"product_tag-keratoplastik-kliniken","37":"product_tag-keratoplastik-komplikationen","38":"product_tag-keratoplastik-kosten","39":"product_tag-keratoplastik-lebensdauer","40":"product_tag-keratoplastik-op","41":"product_tag-keratoplastik-operation","42":"product_tag-keratoplastik-perforierend","43":"product_tag-keratoplastik-sehleistung","44":"product_tag-keratoplastik-sta-je","45":"product_tag-keratoplastika","46":"product_tag-keratoplastiken","47":"product_tag-kpl-keratoplastik","48":"product_tag-lamellar-keratoplastik","49":"product_tag-lamellare-keratoplastik","50":"product_tag-lamellare-keratoplastik-dmek","51":"product_tag-lamellaere-keratoplastik","52":"product_tag-lamellierende-keratoplastik","53":"product_tag-leitlinie-keratoplastik","54":"product_tag-opere-keratoplasti","55":"product_tag-ops-keratoplastik","56":"product_tag-penetrierende-keratoplastik","57":"product_tag-perf-keratoplastik","58":"product_tag-perforierende-keratoplastik","59":"product_tag-perforierende-keratoplastik-a-chaud","60":"product_tag-perforierende-keratoplastik-dmek","61":"product_tag-perforierende-keratoplastik-englisch","62":"product_tag-perforierende-keratoplastik-erfahrungen","63":"product_tag-perforierende-keratoplastik-haufigste-indikation","64":"product_tag-perforierende-keratoplastik-video","65":"product_tag-perforierte-keratoplastik","66":"product_tag-posteriore-lamellare-keratoplastik","67":"product_tag-re-keratoplastik","68":"product_tag-refraktive-keratoplastik","69":"product_tag-sehscharfe-nach-keratoplastik","70":"product_tag-tektonische-keratoplastik","71":"product_tag-tiefe-lamellare-keratoplastik","72":"product_tag-trepan","73":"product_tag-trepan-ophtalmologie","74":"product_tag-trepan-surgery","75":"product_tag-trepanation","76":"product_tag-vordere-lamellare-keratoplastik","78":"first","79":"instock","80":"shipping-taxable","81":"purchasable","82":"product-type-variable"},"_links":{"self":[{"href":"https:\/\/gvbm.net\/index.php\/wp-json\/wp\/v2\/product\/1873","targetHints":{"allow":["GET"]}}],"collection":[{"href":"https:\/\/gvbm.net\/index.php\/wp-json\/wp\/v2\/product"}],"about":[{"href":"https:\/\/gvbm.net\/index.php\/wp-json\/wp\/v2\/types\/product"}],"replies":[{"embeddable":true,"href":"https:\/\/gvbm.net\/index.php\/wp-json\/wp\/v2\/comments?post=1873"}],"wp:featuredmedia":[{"embeddable":true,"href":"https:\/\/gvbm.net\/index.php\/wp-json\/wp\/v2\/media\/1874"}],"wp:attachment":[{"href":"https:\/\/gvbm.net\/index.php\/wp-json\/wp\/v2\/media?parent=1873"}],"wp:term":[{"taxonomy":"product_cat","embeddable":true,"href":"https:\/\/gvbm.net\/index.php\/wp-json\/wp\/v2\/product_cat?post=1873"},{"taxonomy":"product_tag","embeddable":true,"href":"https:\/\/gvbm.net\/index.php\/wp-json\/wp\/v2\/product_tag?post=1873"}],"curies":[{"name":"wp","href":"https:\/\/api.w.org\/{rel}","templated":true}]}}