{"id":1971,"date":"2019-11-05T08:35:18","date_gmt":"2019-11-05T08:35:18","guid":{"rendered":"https:\/\/gvbm.net\/?post_type=product&#038;p=1971"},"modified":"2025-09-01T07:02:15","modified_gmt":"2025-09-01T07:02:15","slug":"coronet-clear-vue-saugtrepan-pk","status":"publish","type":"product","link":"https:\/\/gvbm.net\/index.php\/produkt\/coronet-clear-vue-saugtrepan-pk\/","title":{"rendered":"CORONET\u00ae Clear-Vue\u2122 Saugtrepan (PK)"},"content":{"rendered":"<h4>Anwendungsbereiche<\/h4>\n<p>Unser CORONET\u00ae Clear-Vue\u2122 Saugtrepan wird f\u00fcr die Trepanation der Empf\u00e4nger-Hornhaut bei perforierender Keratoplastik (PK) verwendet. Das System unterst\u00fctzt Chirurgen bei exakten Schnitten und gew\u00e4hrleistet minimalen Druck auf den Bulbus, um IOP-Peaks zu vermeiden. Ideal f\u00fcr pr\u00e4zise Visualisierung und sichere Operationsergebnisse.<\/p>\n<h4>Material &amp; Form<\/h4>\n<ul>\n<li>Ultra-scharfe Klinge f\u00fcr saubere, pr\u00e4zise Schnitte<\/li>\n<li>Gro\u00dfe Sichtfenster zur optimalen Visualisierung des Einschnitts<\/li>\n<li>Vakuumsystem f\u00fcr sichere Haftung auf dem Bulbus<\/li>\n<li>Empfohlene Kombination von Empf\u00e4nger- und Spender-Trepanen desselben Herstellers f\u00fcr perfekte Schnittkanten<\/li>\n<\/ul>\n<h5><em>Der wichtigste Teil eines jeden Hornhauttrepans ist die Klinge.<\/em><\/h5>\n<p>Alle Coronet\u00ae Hornhauttrepane wurden durch die exklusive CORONET\u00ae Cathedral Klingen Technologie hergestellt.\u00a0<a href=\"https:\/\/gvbm.net\/wp-content\/uploads\/2019\/10\/Flyer-Coronet-Klingenprofil.pdf\">Hier k\u00f6nnen Sie mehr erfahren<\/a>.<\/p>\n<h4>Herstellung &amp; Zertifizierung<\/h4>\n<p>Der Herstellungs- sowie Sterilisationsprozess in Gro\u00dfbritannien durch\u00a0<a href=\"https:\/\/www.networkmedical.co.uk\/\" target=\"_blank\" rel=\"noopener\">Network Medical Products Ltd.<\/a>\u00a0gew\u00e4hrleisten Qualit\u00e4t f\u00fcr h\u00f6chste Anspr\u00fcche und eine saubere, anwenderoptimierte L\u00f6sung. Das Produkt ist durch Network Medical Products Ltd.\u00a0ISO 13485\u00a0und\u00a0CE\u00a0zertifiziert. Weitere Informationen zu der Zertifizierung finden Sie <a href=\"https:\/\/gvbm.net\/index.php\/unternehmen\/qualitaet-zertifikate\/\">hier<\/a>.<\/p>\n","protected":false},"excerpt":{"rendered":"<p>Einmal-CORONET\u00ae Clear-Vue\u2122 Saugtrepan \u2013 f\u00fcr pr\u00e4zise und sichere Hornhautschnitte, mit Vakuumtubierung f\u00fcr die perforierende Keratoplastik, steril verpackt, 1 St\u00fcck je Verkaufseinheit<\/p>\n","protected":false},"featured_media":1973,"comment_status":"open","ping_status":"closed","template":"","meta":[],"product_cat":[695,696],"product_tag":[583,825,824,823,546,549,822,821,826,827],"class_list":{"0":"post-1971","1":"product","2":"type-product","3":"status-publish","4":"has-post-thumbnail","6":"product_cat-ophthalmologie","7":"product_cat-coronet-einmal-trepane","8":"product_tag-einmal-trepan","9":"product_tag-einmal-vakuumtrepan","10":"product_tag-einmal-vakuumtrepane","11":"product_tag-einmaltrepan","12":"product_tag-hornhautstanze","13":"product_tag-perforierende-keratoplastik","14":"product_tag-saugtrepan","15":"product_tag-vakuumtrepan","16":"product_tag-vorschub","17":"product_tag-zielfadenkreuz","19":"first","20":"instock","21":"shipping-taxable","22":"purchasable","23":"product-type-variable"},"_links":{"self":[{"href":"https:\/\/gvbm.net\/index.php\/wp-json\/wp\/v2\/product\/1971","targetHints":{"allow":["GET"]}}],"collection":[{"href":"https:\/\/gvbm.net\/index.php\/wp-json\/wp\/v2\/product"}],"about":[{"href":"https:\/\/gvbm.net\/index.php\/wp-json\/wp\/v2\/types\/product"}],"replies":[{"embeddable":true,"href":"https:\/\/gvbm.net\/index.php\/wp-json\/wp\/v2\/comments?post=1971"}],"wp:featuredmedia":[{"embeddable":true,"href":"https:\/\/gvbm.net\/index.php\/wp-json\/wp\/v2\/media\/1973"}],"wp:attachment":[{"href":"https:\/\/gvbm.net\/index.php\/wp-json\/wp\/v2\/media?parent=1971"}],"wp:term":[{"taxonomy":"product_cat","embeddable":true,"href":"https:\/\/gvbm.net\/index.php\/wp-json\/wp\/v2\/product_cat?post=1971"},{"taxonomy":"product_tag","embeddable":true,"href":"https:\/\/gvbm.net\/index.php\/wp-json\/wp\/v2\/product_tag?post=1971"}],"curies":[{"name":"wp","href":"https:\/\/api.w.org\/{rel}","templated":true}]}}