{"id":1987,"date":"2019-11-05T08:48:46","date_gmt":"2019-11-05T08:48:46","guid":{"rendered":"https:\/\/gvbm.net\/?post_type=product&#038;p=1987"},"modified":"2025-09-03T18:49:13","modified_gmt":"2025-09-03T18:49:13","slug":"coronet-saugtrepan-pk","status":"publish","type":"product","link":"https:\/\/gvbm.net\/index.php\/produkt\/coronet-saugtrepan-pk\/","title":{"rendered":"CORONET\u00ae Saugtrepan (PK)"},"content":{"rendered":"<h4>Anwendungsbereiche<\/h4>\n<p>Unser Saugtrepan wird f\u00fcr die Trepanation der Empf\u00e4nger-Hornhaut\u00a0im Zuge der perforierenden Keratoplastik verwendet.<\/p>\n<h4>Material &amp; Form<\/h4>\n<p>Dank der ultra scharfen Klinge bedarf es minimalem Druck, um einen sauberen Schnitt durchzuf\u00fchren. Gro\u00dfe Sichtfenster erm\u00f6glichen die ideale Visualisierung des Einschnittes. Das sichere Vakuum gew\u00e4hrleistet Haftung auf dem Bulbus und pr\u00e4zise Schnitte. <a href=\"https:\/\/gvbm.net\/index.php\/produkt\/coronet-clear-vue-saugtrepan-pk\/\">Hier gelangen Sie zum neuen Clear-Vue\u2122 Saugtrepan.<\/a><\/p>\n<p>Wir empfehlen f\u00fcr die Empf\u00e4nger- und Spender-Trepanation Systeme des selben Herstellers zu verwenden, um kongruente Schnittkantenwinkel und -formen zu erhalten.<\/p>\n<h5><em>Der wichtigste Teil eines jeden Hornhauttrepans ist die Klinge.<\/em><\/h5>\n<p>Alle Coronet\u00ae Hornhauttrepane wurden durch die exklusive CORONET\u00ae Cathedral Klingen Technologie hergestellt.\u00a0<a href=\"https:\/\/gvbm.net\/wp-content\/uploads\/2019\/10\/Flyer-Coronet-Klingenprofil.pdf\">Hier k\u00f6nnen Sie mehr erfahren<\/a>.<\/p>\n<h4>Herstellung &amp; Zertifizierung<\/h4>\n<p>Der Herstellungs- sowie Sterilisationsprozess in Gro\u00dfbritannien durch\u00a0<a href=\"https:\/\/www.networkmedical.co.uk\/\" target=\"_blank\" rel=\"noopener\">Network Medical Products Ltd.<\/a>\u00a0gew\u00e4hrleisten Qualit\u00e4t f\u00fcr h\u00f6chste Anspr\u00fcche und eine saubere, anwenderoptimierte L\u00f6sung.\u00a0Das Produkt ist durch Network Medical Products Ltd.\u00a0ISO 13485\u00a0und\u00a0CE\u00a0zertifiziert.\u00a0Weitere Informationen zu der Zertifizierung finden Sie <a href=\"https:\/\/gvbm.net\/index.php\/unternehmen\/qualitaet-zertifikate\/\">hier<\/a>.<\/p>\n","protected":false},"excerpt":{"rendered":"<h5>CORONET\u00ae Saugtrepan (PK)<\/h5>\n<p>Einmal-Saugtrepan mit Vakuumtubierung f\u00fcr pr\u00e4zise perforierende Keratoplastik (PK). Steril verpackt, 1 St\u00fcck je Verkaufseinheit.<\/p>\n","protected":false},"featured_media":1988,"comment_status":"open","ping_status":"closed","template":"","meta":[],"product_cat":[695,696],"product_tag":[],"class_list":{"0":"post-1987","1":"product","2":"type-product","3":"status-publish","4":"has-post-thumbnail","6":"product_cat-ophthalmologie","7":"product_cat-coronet-einmal-trepane","9":"first","10":"instock","11":"shipping-taxable","12":"purchasable","13":"product-type-variable"},"_links":{"self":[{"href":"https:\/\/gvbm.net\/index.php\/wp-json\/wp\/v2\/product\/1987","targetHints":{"allow":["GET"]}}],"collection":[{"href":"https:\/\/gvbm.net\/index.php\/wp-json\/wp\/v2\/product"}],"about":[{"href":"https:\/\/gvbm.net\/index.php\/wp-json\/wp\/v2\/types\/product"}],"replies":[{"embeddable":true,"href":"https:\/\/gvbm.net\/index.php\/wp-json\/wp\/v2\/comments?post=1987"}],"wp:featuredmedia":[{"embeddable":true,"href":"https:\/\/gvbm.net\/index.php\/wp-json\/wp\/v2\/media\/1988"}],"wp:attachment":[{"href":"https:\/\/gvbm.net\/index.php\/wp-json\/wp\/v2\/media?parent=1987"}],"wp:term":[{"taxonomy":"product_cat","embeddable":true,"href":"https:\/\/gvbm.net\/index.php\/wp-json\/wp\/v2\/product_cat?post=1987"},{"taxonomy":"product_tag","embeddable":true,"href":"https:\/\/gvbm.net\/index.php\/wp-json\/wp\/v2\/product_tag?post=1987"}],"curies":[{"name":"wp","href":"https:\/\/api.w.org\/{rel}","templated":true}]}}