{"id":2017,"date":"2019-11-07T11:47:56","date_gmt":"2019-11-07T11:47:56","guid":{"rendered":"https:\/\/gvbm.net\/?post_type=product&#038;p=2017"},"modified":"2025-09-03T19:07:43","modified_gmt":"2025-09-03T19:07:43","slug":"coronet-ut-dsaek-endoglide","status":"publish","type":"product","link":"https:\/\/gvbm.net\/index.php\/produkt\/coronet-ut-dsaek-endoglide\/","title":{"rendered":"CORONET\u00ae UT-DSAEK EndoGlide\u2122"},"content":{"rendered":"<h4>Anwendungsbereiche<\/h4>\n<p>Das CORONET\u00ae UT-DSAEK EndoGlide\u2122 wurde in einer Kooperation zwischen Network Medical Ltd. und Prof. Donald Tan speziell entwickelt, um eine kontrollierte Entfaltung des Transplantats in der Vorderkammer bei minimalem Endothelzellverlust zu erm\u00f6glichen. Die Plastik-Kartusche ist vollst\u00e4ndig transparent und ber\u00fchrt das Transplantat nicht. Das zweiseitige Aufwindes des Transplantates vermeidet Selbstber\u00fchrung und die Lamelle kann schonend durch sanftes Hineinziehen mit dem <a href=\"https:\/\/gvbm.net\/index.php\/produkt\/endoglide-platzierungszaengchen\/\">Platzierungsz\u00e4ngchen<\/a> in die Vorderkammer des Patientenauges eingef\u00fchrt werden.<\/p>\n<p>Ein weiterer Vorteil ergibt sich aus der Markierung des Kartuschen-Handgriffs mit Hinweisen \u00fcber die Ausrichtung, sodass die richtige Orientierung der Lamelle 100% der F\u00e4lle gew\u00e4hrleistet ist. Es wird eine 4.50mm Inzision f\u00fcr das Einf\u00fchren der Kartusche ben\u00f6tigt.<\/p>\n<p>Endothel-Lamellen mit einer Dicke zwischen\u00a070\u03bcm bis 250\u03bcm sind f\u00fcr das UT-DSAEK\u00a0EndoGlide\u2122 geeignet.<\/p>\n<div class=\"BorlabsCookie _brlbs-cb-youtube\">\n<div class=\"_brlbs-content-blocker\">\n<div class=\"_brlbs-embed _brlbs-video-youtube\"> <img decoding=\"async\" class=\"_brlbs-thumbnail\" src=\"https:\/\/gvbm.net\/wp-content\/plugins\/borlabs-cookie\/assets\/images\/cb-no-thumbnail.png\" alt=\"YouTube\"> <\/p>\n<div class=\"_brlbs-caption\">\n<p>Mit dem Laden des Videos akzeptieren Sie die Datenschutzerkl\u00e4rung von YouTube.<br \/><a href=\"https:\/\/policies.google.com\/privacy\" target=\"_blank\" rel=\"nofollow noopener noreferrer\">Mehr erfahren<\/a><\/p>\n<p><a class=\"_brlbs-btn _brlbs-icon-play-white\" href=\"#\" data-borlabs-cookie-unblock role=\"button\">Video laden<\/a><\/p>\n<p><label><input type=\"checkbox\" name=\"unblockAll\" value=\"1\" checked> <small>YouTube immer entsperren<\/small><\/label><\/p>\n<\/p><\/div>\n<\/p><\/div>\n<\/p><\/div>\n<div class=\"borlabs-hide\" data-borlabs-cookie-type=\"content-blocker\" data-borlabs-cookie-id=\"youtube\"><script type=\"text\/template\">PGlmcmFtZSB0aXRsZT0iQ09ST05FVCBEb25vciBQdW5jaCAmYW1wOyBFbmRvR2xpZGUgVWx0cmF0aGluIERTQUVLIiB3aWR0aD0iMTIyMCIgaGVpZ2h0PSI2ODYiIHNyYz0iaHR0cHM6Ly93d3cueW91dHViZS1ub2Nvb2tpZS5jb20vZW1iZWQvaEx1YjJXNVJCSjA\/c3RhcnQ9NyZmZWF0dXJlPW9lbWJlZCIgZnJhbWVib3JkZXI9IjAiIGFsbG93PSJhY2NlbGVyb21ldGVyOyBhdXRvcGxheTsgY2xpcGJvYXJkLXdyaXRlOyBlbmNyeXB0ZWQtbWVkaWE7IGd5cm9zY29wZTsgcGljdHVyZS1pbi1waWN0dXJlOyB3ZWItc2hhcmUiIHJlZmVycmVycG9saWN5PSJzdHJpY3Qtb3JpZ2luLXdoZW4tY3Jvc3Mtb3JpZ2luIiBhbGxvd2Z1bGxzY3JlZW4+PC9pZnJhbWU+<\/script><\/div>\n<\/div>\n<h4>Lieferumfang<\/h4>\n<p>CORONET\u00ae UT-DSAEK EndoGlide\u2122 wird steril geliefert und umfasst die transparente Plastik-Implantationskartusche, einen wei\u00dfen Standfu\u00df mit Transplantatmulde und Kartuschenf\u00fchrung, sowie den violetten Kartuschenhandgriff.<\/p>\n<h4>Herstellung &amp; Zertifizierung<\/h4>\n<p>Der Herstellungs- sowie Sterilisationsprozess in Gro\u00dfbritannien durch\u00a0<a href=\"https:\/\/www.networkmedical.co.uk\/\" target=\"_blank\" rel=\"noopener\">Network Medical Products Ltd.<\/a>\u00a0gew\u00e4hrleisten Qualit\u00e4t f\u00fcr h\u00f6chste Anspr\u00fcche und eine saubere, anwenderoptimierte L\u00f6sung.\u00a0Das Produkt ist durch Network Medical Products Ltd.\u00a0ISO 13485\u00a0und\u00a0CE\u00a0zertifiziert.\u00a0Weitere Informationen zu der Zertifizierung finden Sie <a href=\"https:\/\/gvbm.net\/index.php\/unternehmen\/qualitaet-zertifikate\/\">hier<\/a>.<\/p>\n","protected":false},"excerpt":{"rendered":"<p>Sterile CORONET\u00ae UT-DSAEK EndoGlide\u2122 Implantationskartusche nach Tan. Einmal-DSAEK-Kartusche f\u00fcr die Endotheltransplantation, 1 St\u00fcck je Verkaufseinheit<\/p>\n","protected":false},"featured_media":2018,"comment_status":"open","ping_status":"closed","template":"","meta":[],"product_cat":[695,697],"product_tag":[665,1074,1076,1077,1075],"class_list":{"0":"post-2017","1":"product","2":"type-product","3":"status-publish","4":"has-post-thumbnail","6":"product_cat-ophthalmologie","7":"product_cat-endoglide-kartuschen-pinzetten","8":"product_tag-dmek-glass-injector","9":"product_tag-dsaek","10":"product_tag-dsek","11":"product_tag-injector","12":"product_tag-ut-dsaek","14":"first","15":"instock","16":"shipping-taxable","17":"purchasable","18":"product-type-simple"},"_links":{"self":[{"href":"https:\/\/gvbm.net\/index.php\/wp-json\/wp\/v2\/product\/2017","targetHints":{"allow":["GET"]}}],"collection":[{"href":"https:\/\/gvbm.net\/index.php\/wp-json\/wp\/v2\/product"}],"about":[{"href":"https:\/\/gvbm.net\/index.php\/wp-json\/wp\/v2\/types\/product"}],"replies":[{"embeddable":true,"href":"https:\/\/gvbm.net\/index.php\/wp-json\/wp\/v2\/comments?post=2017"}],"wp:featuredmedia":[{"embeddable":true,"href":"https:\/\/gvbm.net\/index.php\/wp-json\/wp\/v2\/media\/2018"}],"wp:attachment":[{"href":"https:\/\/gvbm.net\/index.php\/wp-json\/wp\/v2\/media?parent=2017"}],"wp:term":[{"taxonomy":"product_cat","embeddable":true,"href":"https:\/\/gvbm.net\/index.php\/wp-json\/wp\/v2\/product_cat?post=2017"},{"taxonomy":"product_tag","embeddable":true,"href":"https:\/\/gvbm.net\/index.php\/wp-json\/wp\/v2\/product_tag?post=2017"}],"curies":[{"name":"wp","href":"https:\/\/api.w.org\/{rel}","templated":true}]}}