{"id":2052,"date":"2019-11-08T09:53:28","date_gmt":"2019-11-08T09:53:28","guid":{"rendered":"https:\/\/gvbm.net\/?post_type=product&#038;p=2052"},"modified":"2025-09-03T18:28:56","modified_gmt":"2025-09-03T18:28:56","slug":"coronet-exaktor-trepan","status":"publish","type":"product","link":"https:\/\/gvbm.net\/index.php\/produkt\/coronet-exaktor-trepan\/","title":{"rendered":"CORONET\u00ae Exaktor Trepan"},"content":{"rendered":"<h4>Anwendungsbereiche<\/h4>\n<p>Der CORONET\u00ae Exaktor Trepan wird speziell f\u00fcr die Trepanation der Korneaskleralscheibe eingesetzt. Dieses Verfahren ist ein entscheidender Schritt vor der eigentlichen Pr\u00e4paration des Transplantats im Rahmen der Keratoplastik. Durch seine pr\u00e4zise gefertigte Klinge gew\u00e4hrleistet der Trepan h\u00f6chste Genauigkeit und Sicherheit bei ophthalmologischen Eingriffen.<\/p>\n<p>Ein besonderer Vorteil liegt in den gro\u00dfen Durchmessern der Klinge: Diese machen den Exaktor Trepan nicht nur f\u00fcr die Keratoplastik-Vorbereitung, sondern auch f\u00fcr die Entnahme von Spendergewebe bei Verstorbenen geeignet. Damit ist das Instrument vielseitig einsetzbar und bietet Augen\u00e4rzten eine zuverl\u00e4ssige L\u00f6sung in unterschiedlichen klinischen Situationen.<\/p>\n<h4>Material &amp; Form<\/h4>\n<p>Die Klinge wurde traditionell aus rostfreien Stahl hergestellt.<\/p>\n<h4>Herstellung &amp; Zertifizierung<\/h4>\n<p>Der Herstellungs- sowie Sterilisationsprozess in Gro\u00dfbritannien durch\u00a0<a href=\"https:\/\/www.networkmedical.co.uk\/\" target=\"_blank\" rel=\"noopener\">Network Medical Products Ltd.<\/a>\u00a0gew\u00e4hrleisten Qualit\u00e4t f\u00fcr h\u00f6chste Anspr\u00fcche und eine saubere, anwenderoptimierte L\u00f6sung.\u00a0Das Produkt ist durch Network Medical Products Ltd.\u00a0ISO 13485\u00a0und\u00a0CE\u00a0zertifiziert.\u00a0Weitere Informationen zu der Zertifizierung finden Sie <a href=\"https:\/\/gvbm.net\/index.php\/unternehmen\/qualitaet-zertifikate\/\">hier<\/a>.<\/p>\n","protected":false},"excerpt":{"rendered":"<h5>CORONET\u00ae Exaktor Trepan<\/h5>\n<p>Einmal-Trepan f\u00fcr die pr\u00e4zise Vorbereitung bei Keratoplastik, sorgt f\u00fcr exakte Schnitte und zuverl\u00e4ssige Anwendung. Steril verpackt, 1 St\u00fcck je Verkaufseinheit.<\/p>\n","protected":false},"featured_media":2057,"comment_status":"open","ping_status":"closed","template":"","meta":[],"product_cat":[695,696],"product_tag":[],"class_list":{"0":"post-2052","1":"product","2":"type-product","3":"status-publish","4":"has-post-thumbnail","6":"product_cat-ophthalmologie","7":"product_cat-coronet-einmal-trepane","9":"first","10":"instock","11":"shipping-taxable","12":"purchasable","13":"product-type-variable"},"_links":{"self":[{"href":"https:\/\/gvbm.net\/index.php\/wp-json\/wp\/v2\/product\/2052","targetHints":{"allow":["GET"]}}],"collection":[{"href":"https:\/\/gvbm.net\/index.php\/wp-json\/wp\/v2\/product"}],"about":[{"href":"https:\/\/gvbm.net\/index.php\/wp-json\/wp\/v2\/types\/product"}],"replies":[{"embeddable":true,"href":"https:\/\/gvbm.net\/index.php\/wp-json\/wp\/v2\/comments?post=2052"}],"wp:featuredmedia":[{"embeddable":true,"href":"https:\/\/gvbm.net\/index.php\/wp-json\/wp\/v2\/media\/2057"}],"wp:attachment":[{"href":"https:\/\/gvbm.net\/index.php\/wp-json\/wp\/v2\/media?parent=2052"}],"wp:term":[{"taxonomy":"product_cat","embeddable":true,"href":"https:\/\/gvbm.net\/index.php\/wp-json\/wp\/v2\/product_cat?post=2052"},{"taxonomy":"product_tag","embeddable":true,"href":"https:\/\/gvbm.net\/index.php\/wp-json\/wp\/v2\/product_tag?post=2052"}],"curies":[{"name":"wp","href":"https:\/\/api.w.org\/{rel}","templated":true}]}}