{"id":2088,"date":"2019-11-28T09:23:48","date_gmt":"2019-11-28T09:23:48","guid":{"rendered":"https:\/\/gvbm.net\/?post_type=product&#038;p=2088"},"modified":"2026-02-11T08:36:31","modified_gmt":"2026-02-11T08:36:31","slug":"lletzlearn-kolposkopie-simulator","status":"publish","type":"product","link":"https:\/\/gvbm.net\/index.php\/produkt\/lletzlearn-kolposkopie-simulator\/","title":{"rendered":"LLETZlearn\u00ae Kolposkopie Simulator"},"content":{"rendered":"<h4>Anwendungsbereiche<\/h4>\n<p>Der wiederverwendbare LLETZlearn\u00ae Kolposkopie Simulator wurde speziell f\u00fcr die Verwendung mit unseren <a href=\"https:\/\/gvbm.net\/index.php\/produkt\/wolfram-drahtschlingenelektrode\/\">Wolfram-Drahtschlingenelektroden<\/a> und Kugelelektroden entwickelt. Das Training mit unserem Simulator erm\u00f6glicht es Operateuren, die notwendige Sicherheit in die eigenen F\u00e4higkeiten zu entwickeln, bevor eine potentiell folgenschwere Durchf\u00fchrung am Patienten stattfindet, und damit das Risiko bei Operation f\u00fcr Patienten zu minimieren.<br \/>\nEs k\u00f6nnen sowohl monopolare als auch bipolare Elektroden bei Gewebeentnahmen vom Geb\u00e4rmutterhals bzw. Cervix im Zuge der simulierten HPV- bzw. PAP-Untersuchung beim Training verwendet werden.<br \/>\nSomit bildet unser LLETZlearn\u00ae Kolposkopie Simulator eine sinnvolle und kosteneffiziente Erg\u00e4nzung f\u00fcr Ausbildungsst\u00e4tten oder f\u00fcr einen fortbildenden Kurs in Klinik oder Praxis.<\/p>\n<h4>Lieferumfang<\/h4>\n<ul>\n<li>Standfu\u00df mit leitender Metallplatte, Zylinderf\u00fchrung und gezahntem Gewebehalter<\/li>\n<li>Zylinder<\/li>\n<li>Vulva-Modell<\/li>\n<\/ul>\n<div class=\"BorlabsCookie _brlbs-cb-youtube\">\n<div class=\"_brlbs-content-blocker\">\n<div class=\"_brlbs-embed _brlbs-video-youtube\"> <img decoding=\"async\" class=\"_brlbs-thumbnail\" src=\"https:\/\/gvbm.net\/wp-content\/plugins\/borlabs-cookie\/assets\/images\/cb-no-thumbnail.png\" alt=\"YouTube\"> <\/p>\n<div class=\"_brlbs-caption\">\n<p>Mit dem Laden des Videos akzeptieren Sie die Datenschutzerkl\u00e4rung von YouTube.<br \/><a href=\"https:\/\/policies.google.com\/privacy\" target=\"_blank\" rel=\"nofollow noopener noreferrer\">Mehr erfahren<\/a><\/p>\n<p><a class=\"_brlbs-btn _brlbs-icon-play-white\" href=\"#\" data-borlabs-cookie-unblock role=\"button\">Video laden<\/a><\/p>\n<p><label><input type=\"checkbox\" name=\"unblockAll\" value=\"1\" checked> <small>YouTube immer entsperren<\/small><\/label><\/p>\n<\/p><\/div>\n<\/p><\/div>\n<\/p><\/div>\n<div class=\"borlabs-hide\" data-borlabs-cookie-type=\"content-blocker\" data-borlabs-cookie-id=\"youtube\"><script type=\"text\/template\">PGlmcmFtZSB0aXRsZT0iS29scG9za29waWUtUm91dGluZSBlbnR3aWNrZWxuIG1pdCBMTEVUWmxlYXJuwq4gVHJhaW5pbmciIHdpZHRoPSIxMjIwIiBoZWlnaHQ9IjY4NiIgc3JjPSJodHRwczovL3d3dy55b3V0dWJlLW5vY29va2llLmNvbS9lbWJlZC9BS2wzeUh5a1BXWT9mZWF0dXJlPW9lbWJlZCIgZnJhbWVib3JkZXI9IjAiIGFsbG93PSJhY2NlbGVyb21ldGVyOyBhdXRvcGxheTsgY2xpcGJvYXJkLXdyaXRlOyBlbmNyeXB0ZWQtbWVkaWE7IGd5cm9zY29wZTsgcGljdHVyZS1pbi1waWN0dXJlOyB3ZWItc2hhcmUiIHJlZmVycmVycG9saWN5PSJzdHJpY3Qtb3JpZ2luLXdoZW4tY3Jvc3Mtb3JpZ2luIiBhbGxvd2Z1bGxzY3JlZW4+PC9pZnJhbWU+<\/script><\/div>\n<\/div>\n<h4>Herstellung &amp; Zertifizierung<\/h4>\n<p>Der Herstellungs- sowie Sterilisationsprozess in Gro\u00dfbritannien durch <a href=\"http:\/\/dtrmedical.com\/\" target=\"_blank\" rel=\"noopener\">DTR medical Ltd.<\/a> gew\u00e4hrleisten hohe Stabilit\u00e4t, Bruchfestigkeit und eine saubere, anwenderoptimierte L\u00f6sung. Das Produkt ist durch DTR medical Ltd. ISO 13485 und CE zertifiziert.\u00a0Weitere Informationen zu der Zertifizierung finden Sie <a href=\"https:\/\/gvbm.net\/index.php\/unternehmen\/qualitaet-zertifikate\/\">hier<\/a>.<\/p>\n","protected":false},"excerpt":{"rendered":"<p>Simulations-Trainer f\u00fcr Gyn\u00e4kologen, unsteril, wiederverwendbar, 1 Stk je Verkaufseinheit<\/p>\n","protected":false},"featured_media":4463,"comment_status":"open","ping_status":"closed","template":"","meta":[],"product_cat":[139,1131],"product_tag":[],"class_list":{"0":"post-2088","1":"product","2":"type-product","3":"status-publish","4":"has-post-thumbnail","6":"product_cat-gynaekologie","7":"product_cat-kolposkopie-training","9":"first","10":"instock","11":"shipping-taxable","12":"purchasable","13":"product-type-simple"},"_links":{"self":[{"href":"https:\/\/gvbm.net\/index.php\/wp-json\/wp\/v2\/product\/2088","targetHints":{"allow":["GET"]}}],"collection":[{"href":"https:\/\/gvbm.net\/index.php\/wp-json\/wp\/v2\/product"}],"about":[{"href":"https:\/\/gvbm.net\/index.php\/wp-json\/wp\/v2\/types\/product"}],"replies":[{"embeddable":true,"href":"https:\/\/gvbm.net\/index.php\/wp-json\/wp\/v2\/comments?post=2088"}],"wp:featuredmedia":[{"embeddable":true,"href":"https:\/\/gvbm.net\/index.php\/wp-json\/wp\/v2\/media\/4463"}],"wp:attachment":[{"href":"https:\/\/gvbm.net\/index.php\/wp-json\/wp\/v2\/media?parent=2088"}],"wp:term":[{"taxonomy":"product_cat","embeddable":true,"href":"https:\/\/gvbm.net\/index.php\/wp-json\/wp\/v2\/product_cat?post=2088"},{"taxonomy":"product_tag","embeddable":true,"href":"https:\/\/gvbm.net\/index.php\/wp-json\/wp\/v2\/product_tag?post=2088"}],"curies":[{"name":"wp","href":"https:\/\/api.w.org\/{rel}","templated":true}]}}