{"id":2139,"date":"2019-12-04T10:45:43","date_gmt":"2019-12-04T10:45:43","guid":{"rendered":"https:\/\/gvbm.net\/?post_type=product&#038;p=2139"},"modified":"2025-09-05T20:09:00","modified_gmt":"2025-09-05T20:09:00","slug":"lanzett-stieltupfer-und-keiltupfer","status":"publish","type":"product","link":"https:\/\/gvbm.net\/index.php\/produkt\/lanzett-stieltupfer-und-keiltupfer\/","title":{"rendered":"EYETEC\u00ae Lanzett-Stieltupfer und Keiltupfer"},"content":{"rendered":"<h4>Anwendungsbereiche und Material<\/h4>\n<p>Die EYETEC\u00ae Lanzett-Stieltupfer und Keiltupfer sind Schw\u00e4mmchen bestehen aus hochsaugf\u00e4higem Polyvinylalkohol (PVA)\/ Cellulose und sind in der Lage, ein Vielfaches ihres Eigengewichtes an Fl\u00fcssigkeit aufzunehmen.<br \/>\nDie Saugtupfer sind fussel- und faserfrei, partikelarm, biokompatibel und bew\u00e4hrt in allen Augenoperationen wie Eingriffen am Glask\u00f6rper, an der Hornhaut oder bei Katarakt.<\/p>\n<p>Dank ihrer hohen Saugf\u00e4higkeit eignen sich die steril verpackten Stieltupfer aus PVA und Cellulose auch zum Auftragen von Pharmaka auf die Bindehaut oder zum Einf\u00e4rben der Spender-Hornhaut bei der Keratoplastik. Hierzu kann einfach die Spitze des Dreiecktupfers abgeschnitten werden, um das Medikament oder F\u00e4rbemittel aufzutragen<\/p>\n<div style=\"width: 1220px;\" class=\"wp-video\"><!--[if lt IE 9]><script>document.createElement('video');<\/script><![endif]-->\n<video class=\"wp-video-shortcode\" id=\"video-2139-1\" width=\"1220\" height=\"686\" preload=\"metadata\" controls=\"controls\"><source type=\"video\/mp4\" src=\"https:\/\/gvbm.net\/wp-content\/uploads\/2019\/12\/EYETEC\u2122-PVA-Eye-Spears_Lanzett-Stieltupfer_Vergleich.mp4?_=1\" \/><a href=\"https:\/\/gvbm.net\/wp-content\/uploads\/2019\/12\/EYETEC\u2122-PVA-Eye-Spears_Lanzett-Stieltupfer_Vergleich.mp4\">https:\/\/gvbm.net\/wp-content\/uploads\/2019\/12\/EYETEC\u2122-PVA-Eye-Spears_Lanzett-Stieltupfer_Vergleich.mp4<\/a><\/video><\/div>\n<p>Alternativlink:\u00a0https:\/\/www.youtube.com\/watch?v=TFCWooEZfxc<\/p>\n<h4>Herstellung &amp; Zertifizierung<\/h4>\n<p>Der Herstellungs- sowie Sterilisationsprozess in Gro\u00dfbritannien durch\u00a0<a href=\"https:\/\/www.networkmedical.co.uk\/\" target=\"_blank\" rel=\"noopener\">Network Medical Products Ltd.<\/a>\u00a0gew\u00e4hrleisten eine saubere, anwenderoptimierte L\u00f6sung. Das Produkt ist durch Network Medical Products Ltd.\u00a0ISO 13485\u00a0und\u00a0CE\u00a0zertifiziert. Weitere Informationen zu der Zertifizierung finden Sie <a href=\"https:\/\/gvbm.net\/index.php\/unternehmen\/qualitaet-zertifikate\/\">hier<\/a>.<\/p>\n","protected":false},"excerpt":{"rendered":"<p>EYETEC\u00ae Lanzett-Stieltupfer und Keiltupfer \u2013 PVA- und Cellulose-Schw\u00e4mmchen f\u00fcr Augenoperationen, hochsaugf\u00e4hig, fussel- und faserfrei, steril verpackt<\/p>\n","protected":false},"featured_media":2490,"comment_status":"open","ping_status":"closed","template":"","meta":[],"product_cat":[695,1101],"product_tag":[581,568,567,1097,1099,1092,553,1095,1093,580,1094,1098,569,1096,557,1091,1100,1089,1090],"class_list":{"0":"post-2139","1":"product","2":"type-product","3":"status-publish","4":"has-post-thumbnail","6":"product_cat-ophthalmologie","7":"product_cat-eyetec-tupfer","8":"product_tag-augenheilkunde","9":"product_tag-disposable","10":"product_tag-einweg","11":"product_tag-eyespears","12":"product_tag-eyetec","13":"product_tag-keiltupfer","14":"product_tag-keratoplastik","15":"product_tag-keratoplasty","16":"product_tag-ophthalmika","17":"product_tag-ophthalmologie","18":"product_tag-ophthalmology","19":"product_tag-pvasponge","20":"product_tag-single-use","21":"product_tag-spears","22":"product_tag-steril","23":"product_tag-stieltupfer","24":"product_tag-swab","25":"product_tag-tupfer","26":"product_tag-wundversorgung","28":"first","29":"instock","30":"shipping-taxable","31":"purchasable","32":"product-type-variable"},"_links":{"self":[{"href":"https:\/\/gvbm.net\/index.php\/wp-json\/wp\/v2\/product\/2139","targetHints":{"allow":["GET"]}}],"collection":[{"href":"https:\/\/gvbm.net\/index.php\/wp-json\/wp\/v2\/product"}],"about":[{"href":"https:\/\/gvbm.net\/index.php\/wp-json\/wp\/v2\/types\/product"}],"replies":[{"embeddable":true,"href":"https:\/\/gvbm.net\/index.php\/wp-json\/wp\/v2\/comments?post=2139"}],"wp:featuredmedia":[{"embeddable":true,"href":"https:\/\/gvbm.net\/index.php\/wp-json\/wp\/v2\/media\/2490"}],"wp:attachment":[{"href":"https:\/\/gvbm.net\/index.php\/wp-json\/wp\/v2\/media?parent=2139"}],"wp:term":[{"taxonomy":"product_cat","embeddable":true,"href":"https:\/\/gvbm.net\/index.php\/wp-json\/wp\/v2\/product_cat?post=2139"},{"taxonomy":"product_tag","embeddable":true,"href":"https:\/\/gvbm.net\/index.php\/wp-json\/wp\/v2\/product_tag?post=2139"}],"curies":[{"name":"wp","href":"https:\/\/api.w.org\/{rel}","templated":true}]}}