{"id":2226,"date":"2019-12-07T11:38:46","date_gmt":"2019-12-07T11:38:46","guid":{"rendered":"https:\/\/gvbm.net\/?post_type=product&#038;p=2226"},"modified":"2023-12-26T10:53:11","modified_gmt":"2023-12-26T10:53:11","slug":"netcell-absorbent-pva-nasentamponade-anatomisch","status":"publish","type":"product","link":"https:\/\/gvbm.net\/index.php\/produkt\/netcell-absorbent-pva-nasentamponade-anatomisch\/","title":{"rendered":"AbsorbENT\u00ae PVA Nasentamponade Anatomisch"},"content":{"rendered":"<h4>Anwendungsbereiche<\/h4>\n<p>Unsere PVA Sinustamponade ist f\u00fcr das Aufsaugen von Blut und Sekreten postoperativ zu Nasenh\u00f6hlen-Operationen anzuwenden.<\/p>\n<h4>Material &amp; Form<\/h4>\n<p>Unsere Tamponaden sind aus Polyvinylalkohol (PVA), einem hochsaugf\u00e4higen, feinpor\u00f6sen und biokompatiblen Material und passen sich optimal den anatomischen Gegebenheiten an. Die in komprimierter Form gelieferten Schw\u00e4mme k\u00f6nnen ein Vielfaches Ihres Eigengewichtes an Fl\u00fcssigkeit aufnehmen. Solange die Tamponade noch trocken und komprimiert ist, ist diese einfach zuschneidbar.<\/p>\n<h4>Herstellung &amp; Zertifizierung<\/h4>\n<p><a name=\"_GoBack\"><\/a>Der Herstellungs- sowie Sterilisationsprozess durch <a href=\"https:\/\/innoviamedical.com\/\" target=\"_blank\" rel=\"noopener\">Innovia Medical<\/a> gew\u00e4hrleisten eine saubere, anwenderoptimierte L\u00f6sung. Das Produkt ist durch Network Medical Products Ltd. ISO 13485 und CE zertifiziert. Weitere Informationen zu der Zertifizierung finden Sie <a href=\"https:\/\/gvbm.net\/index.php\/unternehmen\/qualitaet-zertifikate\/\">hier<\/a>.<\/p>\n","protected":false},"excerpt":{"rendered":"<p>Einweg-PVA-Schw\u00e4mmchen mit Haltef\u00e4den, steril verpackt, 10 Stk je Verkaufseinheit<\/p>\n","protected":false},"featured_media":2233,"comment_status":"open","ping_status":"closed","template":"","meta":[],"product_cat":[17,1083],"product_tag":[],"class_list":{"0":"post-2226","1":"product","2":"type-product","3":"status-publish","4":"has-post-thumbnail","6":"product_cat-hno","7":"product_cat-netcell_pva_tamponaden_schwaemmchen_otologie_rhinologie","9":"first","10":"instock","11":"shipping-taxable","12":"purchasable","13":"product-type-variable"},"_links":{"self":[{"href":"https:\/\/gvbm.net\/index.php\/wp-json\/wp\/v2\/product\/2226","targetHints":{"allow":["GET"]}}],"collection":[{"href":"https:\/\/gvbm.net\/index.php\/wp-json\/wp\/v2\/product"}],"about":[{"href":"https:\/\/gvbm.net\/index.php\/wp-json\/wp\/v2\/types\/product"}],"replies":[{"embeddable":true,"href":"https:\/\/gvbm.net\/index.php\/wp-json\/wp\/v2\/comments?post=2226"}],"wp:featuredmedia":[{"embeddable":true,"href":"https:\/\/gvbm.net\/index.php\/wp-json\/wp\/v2\/media\/2233"}],"wp:attachment":[{"href":"https:\/\/gvbm.net\/index.php\/wp-json\/wp\/v2\/media?parent=2226"}],"wp:term":[{"taxonomy":"product_cat","embeddable":true,"href":"https:\/\/gvbm.net\/index.php\/wp-json\/wp\/v2\/product_cat?post=2226"},{"taxonomy":"product_tag","embeddable":true,"href":"https:\/\/gvbm.net\/index.php\/wp-json\/wp\/v2\/product_tag?post=2226"}],"curies":[{"name":"wp","href":"https:\/\/api.w.org\/{rel}","templated":true}]}}