{"id":2287,"date":"2019-12-08T09:10:34","date_gmt":"2019-12-08T09:10:34","guid":{"rendered":"https:\/\/gvbm.net\/?post_type=product&#038;p=2287"},"modified":"2025-09-22T23:41:24","modified_gmt":"2025-09-22T23:41:24","slug":"spuelkanuele-30-kniegebogen-2-5cm","status":"publish","type":"product","link":"https:\/\/gvbm.net\/index.php\/produkt\/spuelkanuele-30-kniegebogen-2-5cm\/","title":{"rendered":"Sp\u00fclkan\u00fcle, kniegebogen"},"content":{"rendered":"<h4>Anwendungsbereiche<\/h4>\n<p>Unsere Einweg-Sp\u00fclkan\u00fcle ist ein einmalverwendbares chirurgisches Sp\u00fclinstrument, welches f\u00fcr diverse Techniken verwendet werden kann:<\/p>\n<ul>\n<li>N\u00e4ssen und s\u00e4ubern der Augenoberfl\u00e4che mit BSS<\/li>\n<li>Aufbringen von Viskoelastikum auf die Kornea\u00f6ffnung (Open Sky) bei einer perforierenden Keratoplastik<\/li>\n<li>Aufbringen von Viskoelastikum auf die Augenoberfl\u00e4che unter die Verbandslinse<\/li>\n<li>etc.<\/li>\n<\/ul>\n<h4>Material &amp; Form<\/h4>\n<p>Der\u00a0<a href=\"http:\/\/www.adhesivedispensers.co.uk\/Images\/actaper3.jpg\" target=\"_blank\" rel=\"noopener\">Luer-Slip<\/a>\u00a0Anschluss passt auf alle g\u00e4ngigen\u00a0Schlauchadapter\u00a0und Spritzen. Es stehen verschiedene Lumen zur Verf\u00fcgung.<\/p>\n<h4>Herstellung &amp; Zertifizierung<\/h4>\n<p><a name=\"_GoBack\"><\/a>Der Herstellungs- sowie Sterilisationsprozess durch\u00a0<a href=\"https:\/\/www.eaglelabs.com\/\" target=\"_blank\" rel=\"noopener\">Eagle Labs<\/a>\u00a0gew\u00e4hrleisten hohe Stabilit\u00e4t, Bruchfestigkeit und eine saubere, anwenderoptimierte L\u00f6sung. Das Produkt ist durch Network Medical Products Ltd.\u00a0ISO 13485\u00a0und\u00a0CE\u00a0zertifiziert. Weitere Informationen zu der Zertifizierung finden Sie <a href=\"https:\/\/gvbm.net\/index.php\/unternehmen\/qualitaet-zertifikate\/\">hier<\/a>.<\/p>\n","protected":false},"excerpt":{"rendered":"<p>Sim Micro \u201eFlat\u201c Einweg-Sauger mit flacher, gefensterter Spitze. 30\u00b0 gebogen, ergonomischer Handgriff. Steril verpackt, 1 St\u00fcck je Verkaufseinheit.<\/p>\n","protected":false},"featured_media":2313,"comment_status":"open","ping_status":"closed","template":"","meta":[],"product_cat":[695,1110,1086],"product_tag":[],"class_list":{"0":"post-2287","1":"product","2":"type-product","3":"status-publish","4":"has-post-thumbnail","6":"product_cat-ophthalmologie","7":"product_cat-diverse-kanuelen","8":"product_cat-einmal-kanuelen","10":"first","11":"instock","12":"shipping-taxable","13":"purchasable","14":"product-type-variable"},"_links":{"self":[{"href":"https:\/\/gvbm.net\/index.php\/wp-json\/wp\/v2\/product\/2287","targetHints":{"allow":["GET"]}}],"collection":[{"href":"https:\/\/gvbm.net\/index.php\/wp-json\/wp\/v2\/product"}],"about":[{"href":"https:\/\/gvbm.net\/index.php\/wp-json\/wp\/v2\/types\/product"}],"replies":[{"embeddable":true,"href":"https:\/\/gvbm.net\/index.php\/wp-json\/wp\/v2\/comments?post=2287"}],"wp:featuredmedia":[{"embeddable":true,"href":"https:\/\/gvbm.net\/index.php\/wp-json\/wp\/v2\/media\/2313"}],"wp:attachment":[{"href":"https:\/\/gvbm.net\/index.php\/wp-json\/wp\/v2\/media?parent=2287"}],"wp:term":[{"taxonomy":"product_cat","embeddable":true,"href":"https:\/\/gvbm.net\/index.php\/wp-json\/wp\/v2\/product_cat?post=2287"},{"taxonomy":"product_tag","embeddable":true,"href":"https:\/\/gvbm.net\/index.php\/wp-json\/wp\/v2\/product_tag?post=2287"}],"curies":[{"name":"wp","href":"https:\/\/api.w.org\/{rel}","templated":true}]}}