{"id":2308,"date":"2019-12-09T06:45:00","date_gmt":"2019-12-09T06:45:00","guid":{"rendered":"https:\/\/gvbm.net\/?post_type=product&#038;p=2308"},"modified":"2025-09-20T23:08:13","modified_gmt":"2025-09-20T23:08:13","slug":"luftkanuele-n-sautter","status":"publish","type":"product","link":"https:\/\/gvbm.net\/index.php\/produkt\/luftkanuele-n-sautter\/","title":{"rendered":"Luftkan\u00fcle n. Sautter"},"content":{"rendered":"<h4>Anwendungsbereiche<\/h4>\n<p>Die Einweg-Luftkan\u00fcle n. Sautter ist ein chirurgisches Sp\u00fclinstrument f\u00fcr ophthalmologische Eingriffe. Sie wird u.a. verwendet bei:<\/p>\n<ul>\n<li>Abl\u00f6sung der Linse aus dem Linsensack (Hydrodissektion bei Katarakt)<\/li>\n<li>Abl\u00f6sung der Spender-Deszemetlamelle mit Luft, BSS oder Viskoelastikum (DMEK-, DSAEK-Pr\u00e4paration)<\/li>\n<li>Stabilisierung des implantierten Endothels in der Vorderkammer (DMEK, DSAEK)<\/li>\n<\/ul>\n<p>&nbsp;<\/p>\n<p><span style=\"font-size: 21px;\">Material &amp; Form<\/span><\/p>\n<p>Der\u00a0<a href=\"http:\/\/www.adhesivedispensers.co.uk\/Images\/actaper3.jpg\" target=\"_blank\" rel=\"noopener\">Luer-Lock<\/a>\u00a0Anschluss passt auf alle g\u00e4ngigen\u00a0Schlauchadapter\u00a0und Spritzen. Es stehen verschiedene Lumen der abgeflachten Spitze zur Verf\u00fcgung.<\/p>\n<h4>Herstellung &amp; Zertifizierung<\/h4>\n<p><a name=\"_GoBack\"><\/a>Der Herstellungs- sowie Sterilisationsprozess durch\u00a0<a href=\"https:\/\/www.eaglelabs.com\/\" target=\"_blank\" rel=\"noopener\">Eagle Labs<\/a>\u00a0gew\u00e4hrleisten hohe Stabilit\u00e4t, Bruchfestigkeit und eine saubere, anwenderoptimierte L\u00f6sung. Das Produkt ist durch Network Medical Products Ltd.\u00a0ISO 13485\u00a0und\u00a0CE\u00a0zertifiziert. Weitere Informationen zu der Zertifizierung finden Sie <a href=\"https:\/\/gvbm.net\/index.php\/unternehmen\/qualitaet-zertifikate\/\">hier<\/a>.<\/p>\n","protected":false},"excerpt":{"rendered":"<p>Luftkan\u00fcle n. Sautter \u2013 27GA, abgeflachte Spitze, steril verpackt, 10 St\u00fcck je Verkaufseinheit<\/p>\n","protected":false},"featured_media":2318,"comment_status":"open","ping_status":"closed","template":"","meta":[],"product_cat":[695,1086,1088],"product_tag":[],"class_list":{"0":"post-2308","1":"product","2":"type-product","3":"status-publish","4":"has-post-thumbnail","6":"product_cat-ophthalmologie","7":"product_cat-einmal-kanuelen","8":"product_cat-hydrodissektionskanuelen","10":"first","11":"instock","12":"shipping-taxable","13":"purchasable","14":"product-type-variable"},"_links":{"self":[{"href":"https:\/\/gvbm.net\/index.php\/wp-json\/wp\/v2\/product\/2308","targetHints":{"allow":["GET"]}}],"collection":[{"href":"https:\/\/gvbm.net\/index.php\/wp-json\/wp\/v2\/product"}],"about":[{"href":"https:\/\/gvbm.net\/index.php\/wp-json\/wp\/v2\/types\/product"}],"replies":[{"embeddable":true,"href":"https:\/\/gvbm.net\/index.php\/wp-json\/wp\/v2\/comments?post=2308"}],"wp:featuredmedia":[{"embeddable":true,"href":"https:\/\/gvbm.net\/index.php\/wp-json\/wp\/v2\/media\/2318"}],"wp:attachment":[{"href":"https:\/\/gvbm.net\/index.php\/wp-json\/wp\/v2\/media?parent=2308"}],"wp:term":[{"taxonomy":"product_cat","embeddable":true,"href":"https:\/\/gvbm.net\/index.php\/wp-json\/wp\/v2\/product_cat?post=2308"},{"taxonomy":"product_tag","embeddable":true,"href":"https:\/\/gvbm.net\/index.php\/wp-json\/wp\/v2\/product_tag?post=2308"}],"curies":[{"name":"wp","href":"https:\/\/api.w.org\/{rel}","templated":true}]}}