{"id":2340,"date":"2019-12-09T14:54:59","date_gmt":"2019-12-09T14:54:59","guid":{"rendered":"https:\/\/gvbm.net\/?post_type=product&#038;p=2340"},"modified":"2025-09-24T23:25:42","modified_gmt":"2025-09-24T23:25:42","slug":"zystotomkanuele-n-simcoe","status":"publish","type":"product","link":"https:\/\/gvbm.net\/index.php\/produkt\/zystotomkanuele-n-simcoe\/","title":{"rendered":"Zystotomkan\u00fcle n. Simcoe"},"content":{"rendered":"<p>&nbsp;<\/p>\n<h4>Anwendungsbereiche<\/h4>\n<p>Unsere Einweg-Zystotomkan\u00fcle n. Simcoe ist ein einmalverwendbares chirurgisches Sp\u00fclinstrument, welches f\u00fcr die Kapsulektomie durch eine kleine <a href=\"https:\/\/gvbm.net\/index.php\/produkt-kategorie\/ophthalmologie\/einmal-messer-augenchirurgie\/\">Inzision<\/a> bei stehender Vorderkammer verwendet wird. Der Vorteil der Rhexis mit einer Kan\u00fcle ist, dass durch gezielte Regulierung der BSS-Zufuhr die Vorderkammer auf der gew\u00fcnschten Tiefe gehalten werden kann.<\/p>\n<h4>Material &amp; Form<\/h4>\n<p>Der\u00a0<a href=\"http:\/\/www.adhesivedispensers.co.uk\/Images\/actaper3.jpg\" target=\"_blank\" rel=\"noopener\">Luer-Lock<\/a> Anschluss passt auf alle g\u00e4ngigen Schlauchadapter und Spritzen.<\/p>\n<h4>Herstellung &amp; Zertifizierung<\/h4>\n<p><a name=\"_GoBack\"><\/a>Der Herstellungs- sowie Sterilisationsprozess durch\u00a0<a href=\"https:\/\/www.eaglelabs.com\/\" target=\"_blank\" rel=\"noopener\">Eagle Labs<\/a>\u00a0gew\u00e4hrleisten hohe Stabilit\u00e4t, Bruchfestigkeit und eine saubere, anwenderoptimierte L\u00f6sung. Das Produkt ist durch Network Medical Products Ltd.\u00a0ISO 13485\u00a0und\u00a0CE\u00a0zertifiziert. Weitere Informationen zu der Zertifizierung finden Sie <a href=\"https:\/\/gvbm.net\/index.php\/unternehmen\/qualitaet-zertifikate\/\">hier<\/a>.<\/p>\n","protected":false},"excerpt":{"rendered":"<p>Zystotomkan\u00fcle n. Simcoe-Einmal-Cystotomkan\u00fcle, 25 GA, steril verpackt, 10 St\u00fcck je Verkaufseinheit<\/p>\n","protected":false},"featured_media":2343,"comment_status":"open","ping_status":"closed","template":"","meta":[],"product_cat":[695,1086,1087],"product_tag":[],"class_list":{"0":"post-2340","1":"product","2":"type-product","3":"status-publish","4":"has-post-thumbnail","6":"product_cat-ophthalmologie","7":"product_cat-einmal-kanuelen","8":"product_cat-zystotomkanuelen","10":"first","11":"instock","12":"shipping-taxable","13":"purchasable","14":"product-type-simple"},"_links":{"self":[{"href":"https:\/\/gvbm.net\/index.php\/wp-json\/wp\/v2\/product\/2340","targetHints":{"allow":["GET"]}}],"collection":[{"href":"https:\/\/gvbm.net\/index.php\/wp-json\/wp\/v2\/product"}],"about":[{"href":"https:\/\/gvbm.net\/index.php\/wp-json\/wp\/v2\/types\/product"}],"replies":[{"embeddable":true,"href":"https:\/\/gvbm.net\/index.php\/wp-json\/wp\/v2\/comments?post=2340"}],"wp:featuredmedia":[{"embeddable":true,"href":"https:\/\/gvbm.net\/index.php\/wp-json\/wp\/v2\/media\/2343"}],"wp:attachment":[{"href":"https:\/\/gvbm.net\/index.php\/wp-json\/wp\/v2\/media?parent=2340"}],"wp:term":[{"taxonomy":"product_cat","embeddable":true,"href":"https:\/\/gvbm.net\/index.php\/wp-json\/wp\/v2\/product_cat?post=2340"},{"taxonomy":"product_tag","embeddable":true,"href":"https:\/\/gvbm.net\/index.php\/wp-json\/wp\/v2\/product_tag?post=2340"}],"curies":[{"name":"wp","href":"https:\/\/api.w.org\/{rel}","templated":true}]}}