{"id":2449,"date":"2020-01-08T08:56:53","date_gmt":"2020-01-08T08:56:53","guid":{"rendered":"https:\/\/gvbm.net\/?post_type=product&#038;p=2449"},"modified":"2025-09-11T22:48:06","modified_gmt":"2025-09-11T22:48:06","slug":"eyetec-pva-lasik","status":"publish","type":"product","link":"https:\/\/gvbm.net\/index.php\/produkt\/eyetec-pva-lasik\/","title":{"rendered":"EYETEC\u2122 PVA LASIK K-Tupfer n. Chayet"},"content":{"rendered":"<h4>Anwendungsbereiche und Material<\/h4>\n<p class=\"bodytext\">Die EYETEC\u2122 LASIK K-Tupfer n. Chayet bestehen aus hochsaugf\u00e4higem Polyvinylalkohol (PVA) und k\u00f6nnen ein Vielfaches ihres Eigengewichtes an Fl\u00fcssigkeit aufnehmen.<br \/>\nSie sind speziell f\u00fcr den Einsatz bei LASIK- und LASEK-Operationen entwickelt. Der fussel- und faserfreie PVA-Tupfer ist sehr partikelarm, biokompatibel und sorgt daf\u00fcr, dass das Fremdk\u00f6rpergef\u00fchl am Auge minimiert wird.<\/p>\n<h4>Herstellung &amp; Zertifizierung<\/h4>\n<p><a name=\"_GoBack\"><\/a>Der Herstellungs- sowie Sterilisationsprozess in Gro\u00dfbritannien durch\u00a0<a href=\"https:\/\/www.networkmedical.co.uk\/ent\/product-type\/suction-tubes\/f-e-s-s-suction-tubes\/\" target=\"_blank\" rel=\"noopener\">Network Medical Products Ltd.<\/a>\u00a0gew\u00e4hrleisten eine saubere, anwenderoptimierte L\u00f6sung. Das Produkt ist durch Network Medical Products Ltd.\u00a0ISO 13485\u00a0und\u00a0CE\u00a0zertifiziert. Weitere Informationen zu der Zertifizierung finden Sie <a href=\"https:\/\/gvbm.net\/index.php\/unternehmen\/qualitaet-zertifikate\/\">hier<\/a>.<\/p>\n","protected":false},"excerpt":{"rendered":"<p>EYETEC\u2122 PVA LASIK K-Tupfer n. Chayet \u2013 Einweg-Drainage-Schw\u00e4mmchen aus PVA, steril verpackt, 20 Stk je Verkaufseinheit<\/p>\n","protected":false},"featured_media":2502,"comment_status":"open","ping_status":"closed","template":"","meta":[],"product_cat":[695,1101],"product_tag":[],"class_list":{"0":"post-2449","1":"product","2":"type-product","3":"status-publish","4":"has-post-thumbnail","6":"product_cat-ophthalmologie","7":"product_cat-eyetec-tupfer","9":"first","10":"instock","11":"shipping-taxable","12":"purchasable","13":"product-type-variable"},"_links":{"self":[{"href":"https:\/\/gvbm.net\/index.php\/wp-json\/wp\/v2\/product\/2449","targetHints":{"allow":["GET"]}}],"collection":[{"href":"https:\/\/gvbm.net\/index.php\/wp-json\/wp\/v2\/product"}],"about":[{"href":"https:\/\/gvbm.net\/index.php\/wp-json\/wp\/v2\/types\/product"}],"replies":[{"embeddable":true,"href":"https:\/\/gvbm.net\/index.php\/wp-json\/wp\/v2\/comments?post=2449"}],"wp:featuredmedia":[{"embeddable":true,"href":"https:\/\/gvbm.net\/index.php\/wp-json\/wp\/v2\/media\/2502"}],"wp:attachment":[{"href":"https:\/\/gvbm.net\/index.php\/wp-json\/wp\/v2\/media?parent=2449"}],"wp:term":[{"taxonomy":"product_cat","embeddable":true,"href":"https:\/\/gvbm.net\/index.php\/wp-json\/wp\/v2\/product_cat?post=2449"},{"taxonomy":"product_tag","embeddable":true,"href":"https:\/\/gvbm.net\/index.php\/wp-json\/wp\/v2\/product_tag?post=2449"}],"curies":[{"name":"wp","href":"https:\/\/api.w.org\/{rel}","templated":true}]}}