{"id":2553,"date":"2020-01-17T18:42:43","date_gmt":"2020-01-17T18:42:43","guid":{"rendered":"https:\/\/gvbm.net\/?post_type=product&#038;p=2553"},"modified":"2025-09-29T04:42:21","modified_gmt":"2025-09-29T04:42:21","slug":"mvr-stilett","status":"publish","type":"product","link":"https:\/\/gvbm.net\/index.php\/produkt\/mvr-stilett\/","title":{"rendered":"MVR-Stilett"},"content":{"rendered":"<h4>Anwendungsbereiche<\/h4>\n<p>Das MVR-Stilett wird f\u00fcr vitreoretinale Infusions\u00f6ffnungen sowie f\u00fcr pr\u00e4zise Parazentese-Einschnitte in der Hornhaut eingesetzt. Die sehr feine und spitze Klinge erm\u00f6glicht pr\u00e4zises und atraumatisches Arbeiten.<\/p>\n<h4>Material &amp; Form<\/h4>\n<p>Die Klinge ist sehr schlank und spitz mit einem pfeilf\u00f6rmigen Querschnitt.<\/p>\n<h4>Herstellung &amp; Zertifizierung<\/h4>\n<p><a name=\"_GoBack\"><\/a>Der Herstellungs- sowie Sterilisationsprozess in den USA durch\u00a0<a href=\"https:\/\/www.eaglelabs.com\/\" target=\"_blank\" rel=\"noopener\">Eagle Labs<\/a>\u00a0gew\u00e4hrleisten hohe Stabilit\u00e4t, Bruchfestigkeit und eine saubere, anwenderoptimierte L\u00f6sung. Das Produkt ist durch Network Medical Products Ltd.\u00a0ISO 13485\u00a0und\u00a0CE\u00a0zertifiziert. Weitere Informationen zu der Zertifizierung finden Sie <a href=\"https:\/\/gvbm.net\/index.php\/unternehmen\/qualitaet-zertifikate\/\">hier<\/a>.<\/p>\n","protected":false},"excerpt":{"rendered":"<p>MVR-Stilett f\u00fcr Infusions\u00f6ffnungen und Parazentese in der Hornhaut. Steril verpackt, 6 St\u00fcck je Verkaufseinheit.<\/p>\n","protected":false},"featured_media":2562,"comment_status":"open","ping_status":"closed","template":"","meta":[],"product_cat":[695,1102],"product_tag":[],"class_list":{"0":"post-2553","1":"product","2":"type-product","3":"status-publish","4":"has-post-thumbnail","6":"product_cat-ophthalmologie","7":"product_cat-einmal-messer-augenchirurgie","9":"first","10":"instock","11":"shipping-taxable","12":"purchasable","13":"product-type-variable"},"_links":{"self":[{"href":"https:\/\/gvbm.net\/index.php\/wp-json\/wp\/v2\/product\/2553","targetHints":{"allow":["GET"]}}],"collection":[{"href":"https:\/\/gvbm.net\/index.php\/wp-json\/wp\/v2\/product"}],"about":[{"href":"https:\/\/gvbm.net\/index.php\/wp-json\/wp\/v2\/types\/product"}],"replies":[{"embeddable":true,"href":"https:\/\/gvbm.net\/index.php\/wp-json\/wp\/v2\/comments?post=2553"}],"wp:featuredmedia":[{"embeddable":true,"href":"https:\/\/gvbm.net\/index.php\/wp-json\/wp\/v2\/media\/2562"}],"wp:attachment":[{"href":"https:\/\/gvbm.net\/index.php\/wp-json\/wp\/v2\/media?parent=2553"}],"wp:term":[{"taxonomy":"product_cat","embeddable":true,"href":"https:\/\/gvbm.net\/index.php\/wp-json\/wp\/v2\/product_cat?post=2553"},{"taxonomy":"product_tag","embeddable":true,"href":"https:\/\/gvbm.net\/index.php\/wp-json\/wp\/v2\/product_tag?post=2553"}],"curies":[{"name":"wp","href":"https:\/\/api.w.org\/{rel}","templated":true}]}}