{"id":2564,"date":"2020-01-20T10:25:21","date_gmt":"2020-01-20T10:25:21","guid":{"rendered":"https:\/\/gvbm.net\/?post_type=product&#038;p=2564"},"modified":"2026-02-12T12:50:54","modified_gmt":"2026-02-12T12:50:54","slug":"phaco-slit-knife","status":"publish","type":"product","link":"https:\/\/gvbm.net\/index.php\/produkt\/phaco-slit-knife\/","title":{"rendered":"Phakolanze (Slit &#038; Clear Corneal Messer)"},"content":{"rendered":"<h4>Anwendungsbereiche<\/h4>\n<p>Unsere Phakolanze wird f\u00fcr den ersten Schnitt oder das Erweitern des Schnitts in der Peripherie der Kornea verwendet, um das Einf\u00fchren von Phakoemulsifikationsspitzen, Keratoplastik- oder IOL-Kartuschen zu erm\u00f6glichen. Einschnitte in die Sklera sind ebenfalls m\u00f6glich.<\/p>\n<h4>Material &amp; Form<\/h4>\n<p>Die Klinge ist in verschiedenen Breiten verf\u00fcgbar und hat einen pfeilf\u00f6rmigen Querschnitt mit flacher Ober- und Unterseite.<\/p>\n<h4>Herstellung &amp; Zertifizierung<\/h4>\n<p><a name=\"_GoBack\"><\/a>Der Herstellungs- sowie Sterilisationsprozess durch\u00a0<a href=\"https:\/\/www.eaglelabs.com\/\" target=\"_blank\" rel=\"noopener\">Eagle Labs<\/a>\u00a0gew\u00e4hrleisten hohe Stabilit\u00e4t, Bruchfestigkeit und eine saubere, anwenderoptimierte L\u00f6sung. Das Produkt ist durch Network Medical Products Ltd.\u00a0ISO 13485\u00a0und\u00a0CE\u00a0zertifiziert. Weitere Informationen zu der Zertifizierung finden Sie <a href=\"https:\/\/gvbm.net\/index.php\/unternehmen\/qualitaet-zertifikate\/\">hier<\/a>.<\/p>\n","protected":false},"excerpt":{"rendered":"<p>Phakolanze f\u00fcr korneale &amp; sklerale Einschnitte, 45\u00b0 gewinkelt, Pfeilf\u00f6rmiger Querschnitt, steril verpackt, 6 St\u00fcck je Verkaufseinheit.<\/p>\n","protected":false},"featured_media":3306,"comment_status":"open","ping_status":"closed","template":"","meta":[],"product_cat":[695,1102],"product_tag":[],"class_list":{"0":"post-2564","1":"product","2":"type-product","3":"status-publish","4":"has-post-thumbnail","6":"product_cat-ophthalmologie","7":"product_cat-einmal-messer-augenchirurgie","9":"first","10":"instock","11":"shipping-taxable","12":"purchasable","13":"product-type-variable"},"_links":{"self":[{"href":"https:\/\/gvbm.net\/index.php\/wp-json\/wp\/v2\/product\/2564","targetHints":{"allow":["GET"]}}],"collection":[{"href":"https:\/\/gvbm.net\/index.php\/wp-json\/wp\/v2\/product"}],"about":[{"href":"https:\/\/gvbm.net\/index.php\/wp-json\/wp\/v2\/types\/product"}],"replies":[{"embeddable":true,"href":"https:\/\/gvbm.net\/index.php\/wp-json\/wp\/v2\/comments?post=2564"}],"wp:featuredmedia":[{"embeddable":true,"href":"https:\/\/gvbm.net\/index.php\/wp-json\/wp\/v2\/media\/3306"}],"wp:attachment":[{"href":"https:\/\/gvbm.net\/index.php\/wp-json\/wp\/v2\/media?parent=2564"}],"wp:term":[{"taxonomy":"product_cat","embeddable":true,"href":"https:\/\/gvbm.net\/index.php\/wp-json\/wp\/v2\/product_cat?post=2564"},{"taxonomy":"product_tag","embeddable":true,"href":"https:\/\/gvbm.net\/index.php\/wp-json\/wp\/v2\/product_tag?post=2564"}],"curies":[{"name":"wp","href":"https:\/\/api.w.org\/{rel}","templated":true}]}}