{"id":2662,"date":"2020-01-23T15:30:53","date_gmt":"2020-01-23T15:30:53","guid":{"rendered":"https:\/\/gvbm.net\/?post_type=product&#038;p=2662"},"modified":"2025-09-06T00:52:05","modified_gmt":"2025-09-06T00:52:05","slug":"eyetec-pva-instrumenten-abstreiftuch","status":"publish","type":"product","link":"https:\/\/gvbm.net\/index.php\/produkt\/eyetec-pva-instrumenten-abstreiftuch\/","title":{"rendered":"EYETEC\u00ae PVA Instrumenten-Abstreiftuch"},"content":{"rendered":"<h4>Anwendungsbereiche &amp; Material<\/h4>\n<pre>Das EYETEC\u00ae PVA Instrumenten-Abstreiftuch ist ein Einweg-Schw\u00e4mmchen, das zur Reinigung und Trocknung von chirurgischen Instrumenten im OP verwendet wird.\r\nEs besteht aus hochsaugf\u00e4higem Polyvinylalkohol (PVA), das Fl\u00fcssigkeiten effizient aufnimmt, fussel- und faserfrei ist und somit eine pr\u00e4zise, saubere und schonende Anwendung erm\u00f6glicht.<\/pre>\n<h4>Herstellung &amp; Zertifizierung<\/h4>\n<p><a name=\"_GoBack\"><\/a>Der Herstellungs- sowie Sterilisationsprozess in Gro\u00dfbritannien durch\u00a0<a href=\"https:\/\/www.networkmedical.co.uk\/ent\/product-type\/suction-tubes\/f-e-s-s-suction-tubes\/\" target=\"_blank\" rel=\"noopener\">Network Medical Products Ltd.<\/a> gew\u00e4hrleisten eine saubere, anwenderoptimierte L\u00f6sung. Das Produkt ist durch Network Medical Products Ltd. ISO 13485 und CE zertifiziert. Weitere Informationen zu der Zertifizierung finden Sie <a href=\"https:\/\/gvbm.net\/index.php\/unternehmen\/qualitaet-zertifikate\/\">hier<\/a>.<\/p>\n","protected":false},"excerpt":{"rendered":"<p>EYETEC\u00ae PVA Instrumenten-Abstreiftuch \u2013 Einweg-Schw\u00e4mmchen 75x75mm, hochsaugf\u00e4hig, steril verpackt, 20 Stk je Verkaufseinheit<\/p>\n","protected":false},"featured_media":2663,"comment_status":"open","ping_status":"closed","template":"","meta":[],"product_cat":[695,1101,17,1083],"product_tag":[],"class_list":{"0":"post-2662","1":"product","2":"type-product","3":"status-publish","4":"has-post-thumbnail","6":"product_cat-ophthalmologie","7":"product_cat-eyetec-tupfer","8":"product_cat-hno","9":"product_cat-netcell_pva_tamponaden_schwaemmchen_otologie_rhinologie","11":"first","12":"instock","13":"shipping-taxable","14":"purchasable","15":"product-type-simple"},"_links":{"self":[{"href":"https:\/\/gvbm.net\/index.php\/wp-json\/wp\/v2\/product\/2662","targetHints":{"allow":["GET"]}}],"collection":[{"href":"https:\/\/gvbm.net\/index.php\/wp-json\/wp\/v2\/product"}],"about":[{"href":"https:\/\/gvbm.net\/index.php\/wp-json\/wp\/v2\/types\/product"}],"replies":[{"embeddable":true,"href":"https:\/\/gvbm.net\/index.php\/wp-json\/wp\/v2\/comments?post=2662"}],"wp:featuredmedia":[{"embeddable":true,"href":"https:\/\/gvbm.net\/index.php\/wp-json\/wp\/v2\/media\/2663"}],"wp:attachment":[{"href":"https:\/\/gvbm.net\/index.php\/wp-json\/wp\/v2\/media?parent=2662"}],"wp:term":[{"taxonomy":"product_cat","embeddable":true,"href":"https:\/\/gvbm.net\/index.php\/wp-json\/wp\/v2\/product_cat?post=2662"},{"taxonomy":"product_tag","embeddable":true,"href":"https:\/\/gvbm.net\/index.php\/wp-json\/wp\/v2\/product_tag?post=2662"}],"curies":[{"name":"wp","href":"https:\/\/api.w.org\/{rel}","templated":true}]}}