{"id":2840,"date":"2020-02-24T10:18:14","date_gmt":"2020-02-24T10:18:14","guid":{"rendered":"https:\/\/gvbm.net\/?post_type=product&#038;p=2840"},"modified":"2025-09-03T18:23:58","modified_gmt":"2025-09-03T18:23:58","slug":"coronet-dmek-trainer","status":"publish","type":"product","link":"https:\/\/gvbm.net\/index.php\/produkt\/coronet-dmek-trainer\/","title":{"rendered":"CORONET\u00ae DMEK Trainer"},"content":{"rendered":"<h4>Anwendungsbereiche<\/h4>\n<p>Der CORONET\u00ae DMEK Trainer wurde speziell f\u00fcr das praxisnahe Training der DMEK-Keratoplastik entwickelt. Er eignet sich f\u00fcr den Einsatz in Universit\u00e4tskliniken, Augenzentren und spezialisierten Fortbildungskursen. Das Trainingssystem erm\u00f6glicht Anf\u00e4ngern das Erlernen grundlegender Handgriffe und bietet erfahrenen Operateuren die M\u00f6glichkeit, ihre Technik zu verfeinern und standardisierte Abl\u00e4ufe zu \u00fcben.<\/p>\n<h4>Lieferumfang<\/h4>\n<ul>\n<li>DMEK Training-Set-Bestandteile:\n<ul>\n<li>1 Stk Standfu\u00df mit Gewebehalter und Kompressionsring, <em>wiederverwendbar<\/em><\/li>\n<li>1 Stk Einwegspritze 1mm, <em>einweg<\/em><\/li>\n<li>1 Stk Verbindungsschlauch mit Schiebeklemme, <em>einweg<\/em><\/li>\n<li>3 Stk Irisblenden aus Gummi, <em>einweg<\/em><\/li>\n<\/ul>\n<p>unsteril verpackt, 1 Set je Verkaufseinheit<\/li>\n<li>Austauschmaterial-Set-Bestandteile:\n<ul>\n<li>1 Stk Einwegspritze 1mm, <em>einweg<\/em><\/li>\n<li>1 Stk Verbindungsschlauch mit Schiebeklemme, <em>einweg<\/em><\/li>\n<li>3 Stk Irisblenden aus Gummi, <em>einweg<\/em><\/li>\n<\/ul>\n<p>unsteril verpackt, 10 Sets je Verkaufseinheit<\/li>\n<\/ul>\n<h4>Aufbau &amp; Durchf\u00fchrung<\/h4>\n<p>Sobald Sie uns mit einer Anfrage dem Produkt kontaktiert haben, senden wir Ihnen umgehend die genaue Anleitung zur Anwendung des Trainers zu und bieten an, dass ein Mitarbeiter Sie telefonisch oder vorort ber\u00e4t.<\/p>\n<div class=\"BorlabsCookie _brlbs-cb-youtube\">\n<div class=\"_brlbs-content-blocker\">\n<div class=\"_brlbs-embed _brlbs-video-youtube\"> <img decoding=\"async\" class=\"_brlbs-thumbnail\" src=\"https:\/\/gvbm.net\/wp-content\/plugins\/borlabs-cookie\/assets\/images\/cb-no-thumbnail.png\" alt=\"YouTube\"> <\/p>\n<div class=\"_brlbs-caption\">\n<p>Mit dem Laden des Videos akzeptieren Sie die Datenschutzerkl\u00e4rung von YouTube.<br \/><a href=\"https:\/\/policies.google.com\/privacy\" target=\"_blank\" rel=\"nofollow noopener noreferrer\">Mehr erfahren<\/a><\/p>\n<p><a class=\"_brlbs-btn _brlbs-icon-play-white\" href=\"#\" data-borlabs-cookie-unblock role=\"button\">Video laden<\/a><\/p>\n<p><label><input type=\"checkbox\" name=\"unblockAll\" value=\"1\" checked> <small>YouTube immer entsperren<\/small><\/label><\/p>\n<\/p><\/div>\n<\/p><\/div>\n<\/p><\/div>\n<div class=\"borlabs-hide\" data-borlabs-cookie-type=\"content-blocker\" data-borlabs-cookie-id=\"youtube\"><script type=\"text\/template\">PGlmcmFtZSB0aXRsZT0iQ09ST05FVCBTdXJnaWNhbCBUcmFpbmVyICZhbXA7IERNRUsgJmFtcDsgRFNBRUsgRW5kb0dsaWRlIiB3aWR0aD0iMTIyMCIgaGVpZ2h0PSI2ODYiIHNyYz0iaHR0cHM6Ly93d3cueW91dHViZS1ub2Nvb2tpZS5jb20vZW1iZWQvQUJFUnpQeVBaQ3M\/ZmVhdHVyZT1vZW1iZWQiIGZyYW1lYm9yZGVyPSIwIiBhbGxvdz0iYWNjZWxlcm9tZXRlcjsgYXV0b3BsYXk7IGNsaXBib2FyZC13cml0ZTsgZW5jcnlwdGVkLW1lZGlhOyBneXJvc2NvcGU7IHBpY3R1cmUtaW4tcGljdHVyZTsgd2ViLXNoYXJlIiByZWZlcnJlcnBvbGljeT0ic3RyaWN0LW9yaWdpbi13aGVuLWNyb3NzLW9yaWdpbiIgYWxsb3dmdWxsc2NyZWVuPjwvaWZyYW1lPg==<\/script><\/div>\n<\/div>\n<div class=\"BorlabsCookie _brlbs-cb-youtube\">\n<div class=\"_brlbs-content-blocker\">\n<div class=\"_brlbs-embed _brlbs-video-youtube\"> <img decoding=\"async\" class=\"_brlbs-thumbnail\" src=\"https:\/\/gvbm.net\/wp-content\/plugins\/borlabs-cookie\/assets\/images\/cb-no-thumbnail.png\" alt=\"YouTube\"> <\/p>\n<div class=\"_brlbs-caption\">\n<p>Mit dem Laden des Videos akzeptieren Sie die Datenschutzerkl\u00e4rung von YouTube.<br \/><a href=\"https:\/\/policies.google.com\/privacy\" target=\"_blank\" rel=\"nofollow noopener noreferrer\">Mehr erfahren<\/a><\/p>\n<p><a class=\"_brlbs-btn _brlbs-icon-play-white\" href=\"#\" data-borlabs-cookie-unblock role=\"button\">Video laden<\/a><\/p>\n<p><label><input type=\"checkbox\" name=\"unblockAll\" value=\"1\" checked> <small>YouTube immer entsperren<\/small><\/label><\/p>\n<\/p><\/div>\n<\/p><\/div>\n<\/p><\/div>\n<div class=\"borlabs-hide\" data-borlabs-cookie-type=\"content-blocker\" data-borlabs-cookie-id=\"youtube\"><script type=\"text\/template\">PGlmcmFtZSB0aXRsZT0iQ09ST05FVCBTdXJnaWNhbCBUcmFpbmVyIGZvciBFSyIgd2lkdGg9IjEyMjAiIGhlaWdodD0iNjg2IiBzcmM9Imh0dHBzOi8vd3d3LnlvdXR1YmUtbm9jb29raWUuY29tL2VtYmVkL1puT1hRNXZlTC1BP2ZlYXR1cmU9b2VtYmVkIiBmcmFtZWJvcmRlcj0iMCIgYWxsb3c9ImFjY2VsZXJvbWV0ZXI7IGF1dG9wbGF5OyBjbGlwYm9hcmQtd3JpdGU7IGVuY3J5cHRlZC1tZWRpYTsgZ3lyb3Njb3BlOyBwaWN0dXJlLWluLXBpY3R1cmU7IHdlYi1zaGFyZSIgcmVmZXJyZXJwb2xpY3k9InN0cmljdC1vcmlnaW4td2hlbi1jcm9zcy1vcmlnaW4iIGFsbG93ZnVsbHNjcmVlbj48L2lmcmFtZT4=<\/script><\/div>\n<\/div>\n<h4>Herstellung &amp; Zertifizierung<\/h4>\n<p>Der Herstellungs- sowie Sterilisationsprozess in Gro\u00dfbritannien durch <a href=\"https:\/\/www.networkmedical.co.uk\/\" target=\"_blank\" rel=\"noopener\">Network Medical Products Ltd.<\/a> gew\u00e4hrleisten anwenderoptimierte L\u00f6sung.<\/p>\n","protected":false},"excerpt":{"rendered":"<h4>CORONET\u00ae DMEK Trainer<\/h4>\n<h5><strong>DMEK Training-Set<\/strong><\/h5>\n<ul>\n<li>DMEK Training-Set \u2013 speziell entwickelt zum pr\u00e4zisen \u00dcben der Descemet Membrane Endothelial Keratoplastik (DMEK).<\/li>\n<li>Das Set enth\u00e4lt einen Standfu\u00df mit Gewebehalter und Kompressionsring (wiederverwendbar), eine Einwegspritze 1mm, einen Verbindungsschlauch mit Schiebeklemme sowie drei Irisblenden aus Gummi (jeweils einweg).<\/li>\n<li>Unsteril verpackt, 1 Set je Verkaufseinheit.<\/li>\n<\/ul>\n<h5><strong>DMEK Austauschmaterial-Set<\/strong><\/h5>\n<ul>\n<li>DMEK Austauschmaterial-Set \u2013 ideal f\u00fcr wiederholtes chirurgisches Training und universit\u00e4re \u00dcbungen.<\/li>\n<li>Enthalten sind eine Einwegspritze 1mm, ein Verbindungsschlauch mit Schiebeklemme sowie drei Irisblenden aus Gummi (jeweils einweg).<\/li>\n<li>Unsteril verpackt, 10 Sets je Verkaufseinheit.<\/li>\n<\/ul>\n","protected":false},"featured_media":2842,"comment_status":"open","ping_status":"closed","template":"","meta":[],"product_cat":[695,1108,1085],"product_tag":[],"class_list":{"0":"post-2840","1":"product","2":"type-product","3":"status-publish","4":"has-post-thumbnail","6":"product_cat-ophthalmologie","7":"product_cat-dmek-training","8":"product_cat-keratoplastik","10":"first","11":"instock","12":"shipping-taxable","13":"purchasable","14":"product-type-variable"},"_links":{"self":[{"href":"https:\/\/gvbm.net\/index.php\/wp-json\/wp\/v2\/product\/2840","targetHints":{"allow":["GET"]}}],"collection":[{"href":"https:\/\/gvbm.net\/index.php\/wp-json\/wp\/v2\/product"}],"about":[{"href":"https:\/\/gvbm.net\/index.php\/wp-json\/wp\/v2\/types\/product"}],"replies":[{"embeddable":true,"href":"https:\/\/gvbm.net\/index.php\/wp-json\/wp\/v2\/comments?post=2840"}],"wp:featuredmedia":[{"embeddable":true,"href":"https:\/\/gvbm.net\/index.php\/wp-json\/wp\/v2\/media\/2842"}],"wp:attachment":[{"href":"https:\/\/gvbm.net\/index.php\/wp-json\/wp\/v2\/media?parent=2840"}],"wp:term":[{"taxonomy":"product_cat","embeddable":true,"href":"https:\/\/gvbm.net\/index.php\/wp-json\/wp\/v2\/product_cat?post=2840"},{"taxonomy":"product_tag","embeddable":true,"href":"https:\/\/gvbm.net\/index.php\/wp-json\/wp\/v2\/product_tag?post=2840"}],"curies":[{"name":"wp","href":"https:\/\/api.w.org\/{rel}","templated":true}]}}