{"id":2914,"date":"2020-02-28T09:59:39","date_gmt":"2020-02-28T09:59:39","guid":{"rendered":"https:\/\/gvbm.net\/?post_type=product&#038;p=2914"},"modified":"2025-09-12T13:51:23","modified_gmt":"2025-09-12T13:51:23","slug":"kapselpolierkanuele-n-lu","status":"publish","type":"product","link":"https:\/\/gvbm.net\/index.php\/produkt\/kapselpolierkanuele-n-lu\/","title":{"rendered":"Kapselpolierkan\u00fcle n. Lu"},"content":{"rendered":"<h4>Anwendungsbereiche<\/h4>\n<p>Die Kapselpolierkan\u00fcle n. Lu wird in der Augenchirurgie eingesetzt und erm\u00f6glicht das sorgf\u00e4ltige Polieren der vorderen und hinteren Linsenkapsel im Rahmen einer Katarakt-Operation.<\/p>\n<h4>Material &amp; Form<\/h4>\n<p>Der\u00a0<a href=\"http:\/\/www.adhesivedispensers.co.uk\/Images\/actaper3.jpg\" target=\"_blank\" rel=\"noopener\">Luer-Lock<\/a>\u00a0Anschluss passt auf alle g\u00e4ngigen\u00a0Schlauchadapter\u00a0und Spritzen. Die Oberfl\u00e4che der Kugelspitze ist fein aufgeraut.<\/p>\n<h4>Herstellung &amp; Zertifizierung<\/h4>\n<p><a name=\"_GoBack\"><\/a>Der Herstellungs- sowie Sterilisationsprozess durch\u00a0<a href=\"https:\/\/www.eaglelabs.com\/\" target=\"_blank\" rel=\"noopener\">Eagle Labs<\/a>\u00a0gew\u00e4hrleisten hohe Stabilit\u00e4t, Bruchfestigkeit und eine saubere, anwenderoptimierte L\u00f6sung. Das Produkt ist durch Network Medical Products Ltd.\u00a0ISO 13485\u00a0und\u00a0CE\u00a0zertifiziert. Weitere Informationen zu der Zertifizierung finden Sie <a href=\"https:\/\/gvbm.net\/index.php\/unternehmen\/qualitaet-zertifikate\/\">hier<\/a>.<\/p>\n","protected":false},"excerpt":{"rendered":"<p>Kapselpolierkan\u00fcle n. Lu \u2013 Einweg-Kan\u00fcle f\u00fcr Katarakt-Operationen | 23GA x 25mm<br \/>\nSterile Kapselpolierkan\u00fcle n. Lu f\u00fcr pr\u00e4zises Polieren der Linsenkapsel bei Katarakt-OPs. Mit Luer-Lock Anschluss, 23GA x 25mm, 10 St\u00fcck je Verkaufseinheit<\/p>\n","protected":false},"featured_media":2917,"comment_status":"open","ping_status":"closed","template":"","meta":[],"product_cat":[695,1086,1109],"product_tag":[],"class_list":{"0":"post-2914","1":"product","2":"type-product","3":"status-publish","4":"has-post-thumbnail","6":"product_cat-ophthalmologie","7":"product_cat-einmal-kanuelen","8":"product_cat-kapselpolierkanuelen","10":"first","11":"instock","12":"shipping-taxable","13":"purchasable","14":"product-type-simple"},"_links":{"self":[{"href":"https:\/\/gvbm.net\/index.php\/wp-json\/wp\/v2\/product\/2914","targetHints":{"allow":["GET"]}}],"collection":[{"href":"https:\/\/gvbm.net\/index.php\/wp-json\/wp\/v2\/product"}],"about":[{"href":"https:\/\/gvbm.net\/index.php\/wp-json\/wp\/v2\/types\/product"}],"replies":[{"embeddable":true,"href":"https:\/\/gvbm.net\/index.php\/wp-json\/wp\/v2\/comments?post=2914"}],"wp:featuredmedia":[{"embeddable":true,"href":"https:\/\/gvbm.net\/index.php\/wp-json\/wp\/v2\/media\/2917"}],"wp:attachment":[{"href":"https:\/\/gvbm.net\/index.php\/wp-json\/wp\/v2\/media?parent=2914"}],"wp:term":[{"taxonomy":"product_cat","embeddable":true,"href":"https:\/\/gvbm.net\/index.php\/wp-json\/wp\/v2\/product_cat?post=2914"},{"taxonomy":"product_tag","embeddable":true,"href":"https:\/\/gvbm.net\/index.php\/wp-json\/wp\/v2\/product_tag?post=2914"}],"curies":[{"name":"wp","href":"https:\/\/api.w.org\/{rel}","templated":true}]}}