{"id":3030,"date":"2020-03-17T19:18:55","date_gmt":"2020-03-17T19:18:55","guid":{"rendered":"https:\/\/gvbm.net\/?post_type=product&#038;p=3030"},"modified":"2025-09-24T22:20:33","modified_gmt":"2025-09-24T22:20:33","slug":"sub-tenon-anaesthesiekanuele-n-conner-3-ports","status":"publish","type":"product","link":"https:\/\/gvbm.net\/index.php\/produkt\/sub-tenon-anaesthesiekanuele-n-conner-3-ports\/","title":{"rendered":"Sub-Tenon An\u00e4sthesiekan\u00fcle n. Conner, 3 Ports"},"content":{"rendered":"<h4>Anwendungsbereiche<\/h4>\n<p>Unsere Sub-Tenon An\u00e4sthesiekan\u00fcle n. Conner erm\u00f6glicht das gleichm\u00e4\u00dfige Einsp\u00fclen von Fl\u00fcssigkeit in den Sub-Tenon-Bereich des Auges im Zuge der an\u00e4sthetischen Behandlung des Auges.<\/p>\n<h4>Material &amp; Form<\/h4>\n<p>Der\u00a0<a href=\"http:\/\/www.adhesivedispensers.co.uk\/Images\/actaper3.jpg\" target=\"_blank\" rel=\"noopener\">Luer-Lock<\/a>\u00a0Anschluss passt auf alle g\u00e4ngigen\u00a0Schlauchadapter\u00a0und Spritzen. Die Oberfl\u00e4che der Kugelspitze ist fein aufgeraut.<\/p>\n<h4>Herstellung &amp; Zertifizierung<\/h4>\n<p><a name=\"_GoBack\"><\/a>Der Herstellungs- sowie Sterilisationsprozess durch\u00a0<a href=\"https:\/\/www.eaglelabs.com\/\" target=\"_blank\" rel=\"noopener\">Eagle Labs<\/a>\u00a0gew\u00e4hrleisten hohe Stabilit\u00e4t, Bruchfestigkeit und eine saubere, anwenderoptimierte L\u00f6sung. Das Produkt ist durch Network Medical Products Ltd.\u00a0ISO 13485\u00a0und\u00a0CE\u00a0zertifiziert. Weitere Informationen zu der Zertifizierung finden Sie <a href=\"https:\/\/gvbm.net\/index.php\/unternehmen\/qualitaet-zertifikate\/\">hier<\/a>.<\/p>\n","protected":false},"excerpt":{"rendered":"<p>Sub-Tenon An\u00e4sthesiekan\u00fcle n. Conner, 3 Ports -Einmal-Kan\u00fcle, 3 L\u00f6cher am Kan\u00fclenende f\u00fcr gleichm\u00e4\u00dfige Fl\u00fcssigkeitsverteilung, steril verpackt, 10 St\u00fcck je Verkaufseinheit<\/p>\n","protected":false},"featured_media":3031,"comment_status":"open","ping_status":"closed","template":"","meta":[],"product_cat":[695,1110,1086],"product_tag":[],"class_list":{"0":"post-3030","1":"product","2":"type-product","3":"status-publish","4":"has-post-thumbnail","6":"product_cat-ophthalmologie","7":"product_cat-diverse-kanuelen","8":"product_cat-einmal-kanuelen","10":"first","11":"instock","12":"shipping-taxable","13":"purchasable","14":"product-type-variable"},"_links":{"self":[{"href":"https:\/\/gvbm.net\/index.php\/wp-json\/wp\/v2\/product\/3030","targetHints":{"allow":["GET"]}}],"collection":[{"href":"https:\/\/gvbm.net\/index.php\/wp-json\/wp\/v2\/product"}],"about":[{"href":"https:\/\/gvbm.net\/index.php\/wp-json\/wp\/v2\/types\/product"}],"replies":[{"embeddable":true,"href":"https:\/\/gvbm.net\/index.php\/wp-json\/wp\/v2\/comments?post=3030"}],"wp:featuredmedia":[{"embeddable":true,"href":"https:\/\/gvbm.net\/index.php\/wp-json\/wp\/v2\/media\/3031"}],"wp:attachment":[{"href":"https:\/\/gvbm.net\/index.php\/wp-json\/wp\/v2\/media?parent=3030"}],"wp:term":[{"taxonomy":"product_cat","embeddable":true,"href":"https:\/\/gvbm.net\/index.php\/wp-json\/wp\/v2\/product_cat?post=3030"},{"taxonomy":"product_tag","embeddable":true,"href":"https:\/\/gvbm.net\/index.php\/wp-json\/wp\/v2\/product_tag?post=3030"}],"curies":[{"name":"wp","href":"https:\/\/api.w.org\/{rel}","templated":true}]}}