{"id":3159,"date":"2022-03-21T14:54:31","date_gmt":"2022-03-21T14:54:31","guid":{"rendered":"https:\/\/gvbm.net\/?post_type=product&#038;p=3159"},"modified":"2025-09-20T22:30:18","modified_gmt":"2025-09-20T22:30:18","slug":"lasik-kanuele-n-burrato","status":"publish","type":"product","link":"https:\/\/gvbm.net\/index.php\/produkt\/lasik-kanuele-n-burrato\/","title":{"rendered":"LASIK-Kan\u00fcle n. Burrato"},"content":{"rendered":"<h4>Anwendungsbereiche<\/h4>\n<p>Die LASIK-Kan\u00fcle n. Burrato ist ein einmalverwendbares chirurgisches Instrument, entwickelt zum Bewegen und Sp\u00fclen des LASIK-Flaps w\u00e4hrend refraktiver Eingriffe wie der LASIK-Operation.<\/p>\n<h4>Material &amp; Form<\/h4>\n<ul>\n<li>25GA x 25mm Kan\u00fcle mit Multiport<\/li>\n<li>9mm L\u00e4nge von Biegung bis Spitze<\/li>\n<li>2 seitliche \u00d6ffnungen + offenes Kan\u00fclenende f\u00fcr kontrolliertes Sp\u00fclen<\/li>\n<li>Der\u00a0<a href=\"http:\/\/www.adhesivedispensers.co.uk\/Images\/actaper3.jpg\" target=\"_blank\" rel=\"noopener\">Luer-Lock<\/a> Anschluss, passend f\u00fcr alle g\u00e4ngigen Schlauchadapter und Spritzen<\/li>\n<\/ul>\n<h4>Herstellung &amp; Zertifizierung<\/h4>\n<p><a name=\"_GoBack\"><\/a>Der Herstellungs- sowie Sterilisationsprozess durch\u00a0<a href=\"https:\/\/www.eaglelabs.com\/\" target=\"_blank\" rel=\"noopener\">Eagle Labs<\/a>\u00a0gew\u00e4hrleisten hohe Stabilit\u00e4t, Bruchfestigkeit und eine saubere, anwenderoptimierte L\u00f6sung. Das Produkt ist durch Network Medical Products Ltd.\u00a0ISO 13485\u00a0und\u00a0CE\u00a0zertifiziert. Weitere Informationen zu der Zertifizierung finden Sie\u00a0<a href=\"https:\/\/gvbm.net\/index.php\/unternehmen\/qualitaet-zertifikate\/\">hier<\/a>.<\/p>\n","protected":false},"excerpt":{"rendered":"<p>LASIK-Kan\u00fcle n. Burrato \u2013 25GA Multiport, zum Bewegen und Sp\u00fclen des Flaps, steril verpackt, 10 St\u00fcck je Verkaufseinheit<\/p>\n","protected":false},"featured_media":3160,"comment_status":"open","ping_status":"closed","template":"","meta":[],"product_cat":[695,1086,1111],"product_tag":[],"class_list":{"0":"post-3159","1":"product","2":"type-product","3":"status-publish","4":"has-post-thumbnail","6":"product_cat-ophthalmologie","7":"product_cat-einmal-kanuelen","8":"product_cat-lasik-kanuele","10":"first","11":"instock","12":"shipping-taxable","13":"purchasable","14":"product-type-simple"},"_links":{"self":[{"href":"https:\/\/gvbm.net\/index.php\/wp-json\/wp\/v2\/product\/3159","targetHints":{"allow":["GET"]}}],"collection":[{"href":"https:\/\/gvbm.net\/index.php\/wp-json\/wp\/v2\/product"}],"about":[{"href":"https:\/\/gvbm.net\/index.php\/wp-json\/wp\/v2\/types\/product"}],"replies":[{"embeddable":true,"href":"https:\/\/gvbm.net\/index.php\/wp-json\/wp\/v2\/comments?post=3159"}],"wp:featuredmedia":[{"embeddable":true,"href":"https:\/\/gvbm.net\/index.php\/wp-json\/wp\/v2\/media\/3160"}],"wp:attachment":[{"href":"https:\/\/gvbm.net\/index.php\/wp-json\/wp\/v2\/media?parent=3159"}],"wp:term":[{"taxonomy":"product_cat","embeddable":true,"href":"https:\/\/gvbm.net\/index.php\/wp-json\/wp\/v2\/product_cat?post=3159"},{"taxonomy":"product_tag","embeddable":true,"href":"https:\/\/gvbm.net\/index.php\/wp-json\/wp\/v2\/product_tag?post=3159"}],"curies":[{"name":"wp","href":"https:\/\/api.w.org\/{rel}","templated":true}]}}