{"id":3162,"date":"2022-03-21T14:58:18","date_gmt":"2022-03-21T14:58:18","guid":{"rendered":"https:\/\/gvbm.net\/?post_type=product&#038;p=3162"},"modified":"2025-09-20T22:40:56","modified_gmt":"2025-09-20T22:40:56","slug":"lasik-kanuele-n-hersh","status":"publish","type":"product","link":"https:\/\/gvbm.net\/index.php\/produkt\/lasik-kanuele-n-hersh\/","title":{"rendered":"LASIK-Kan\u00fcle n. Hersh"},"content":{"rendered":"<h4>Anwendungsbereiche<\/h4>\n<p>Die LASIK-Kan\u00fcle n. Hersh ist ein einmalverwendbares ophthalmologisches Instrument, das speziell f\u00fcr das Bewegen und Sp\u00fclen des LASIK-Flaps w\u00e4hrend refraktiver Augenoperationen entwickelt wurde.<\/p>\n<h4>Material &amp; Form<\/h4>\n<ul>\n<li>27GA (0,36 mm) Kan\u00fcle<\/li>\n<li>Offenes L\u00f6ffelende f\u00fcr pr\u00e4zise Handhabung und gleichm\u00e4\u00dfige Sp\u00fclung<\/li>\n<li>9 mm Spitze bis Biegung<\/li>\n<li>2,5 cm Rohrl\u00e4nge<\/li>\n<li>Der\u00a0<a href=\"http:\/\/www.adhesivedispensers.co.uk\/Images\/actaper3.jpg\" target=\"_blank\" rel=\"noopener\">Luer-Lock<\/a> Anschluss, passend f\u00fcr alle g\u00e4ngigen Schlauchadapter und Spritzen<\/li>\n<\/ul>\n<h4>Herstellung &amp; Zertifizierung<\/h4>\n<p><a name=\"_GoBack\"><\/a>Der Herstellungs- sowie Sterilisationsprozess durch\u00a0<a href=\"https:\/\/www.eaglelabs.com\/\" target=\"_blank\" rel=\"noopener\">Eagle Labs<\/a>\u00a0gew\u00e4hrleisten hohe Stabilit\u00e4t, Bruchfestigkeit und eine saubere, anwenderoptimierte L\u00f6sung. Das Produkt ist durch Network Medical Products Ltd.\u00a0ISO 13485\u00a0und\u00a0CE\u00a0zertifiziert. Weitere Informationen zu der Zertifizierung finden Sie\u00a0<a href=\"https:\/\/gvbm.net\/index.php\/unternehmen\/qualitaet-zertifikate\/\">hier<\/a>.<\/p>\n","protected":false},"excerpt":{"rendered":"<p>LASIK-Kan\u00fcle n. Hersh \u2013 27GA Einwegkan\u00fcle mit offenem L\u00f6ffelende, zum Bewegen und Sp\u00fclen des LASIK-Flaps, steril verpackt, 10 St\u00fcck je Verkaufseinheit<\/p>\n","protected":false},"featured_media":3166,"comment_status":"open","ping_status":"closed","template":"","meta":[],"product_cat":[695,1086,1111],"product_tag":[],"class_list":{"0":"post-3162","1":"product","2":"type-product","3":"status-publish","4":"has-post-thumbnail","6":"product_cat-ophthalmologie","7":"product_cat-einmal-kanuelen","8":"product_cat-lasik-kanuele","10":"first","11":"instock","12":"shipping-taxable","13":"purchasable","14":"product-type-simple"},"_links":{"self":[{"href":"https:\/\/gvbm.net\/index.php\/wp-json\/wp\/v2\/product\/3162","targetHints":{"allow":["GET"]}}],"collection":[{"href":"https:\/\/gvbm.net\/index.php\/wp-json\/wp\/v2\/product"}],"about":[{"href":"https:\/\/gvbm.net\/index.php\/wp-json\/wp\/v2\/types\/product"}],"replies":[{"embeddable":true,"href":"https:\/\/gvbm.net\/index.php\/wp-json\/wp\/v2\/comments?post=3162"}],"wp:featuredmedia":[{"embeddable":true,"href":"https:\/\/gvbm.net\/index.php\/wp-json\/wp\/v2\/media\/3166"}],"wp:attachment":[{"href":"https:\/\/gvbm.net\/index.php\/wp-json\/wp\/v2\/media?parent=3162"}],"wp:term":[{"taxonomy":"product_cat","embeddable":true,"href":"https:\/\/gvbm.net\/index.php\/wp-json\/wp\/v2\/product_cat?post=3162"},{"taxonomy":"product_tag","embeddable":true,"href":"https:\/\/gvbm.net\/index.php\/wp-json\/wp\/v2\/product_tag?post=3162"}],"curies":[{"name":"wp","href":"https:\/\/api.w.org\/{rel}","templated":true}]}}