{"id":3168,"date":"2022-03-22T08:10:28","date_gmt":"2022-03-22T08:10:28","guid":{"rendered":"https:\/\/gvbm.net\/?post_type=product&#038;p=3168"},"modified":"2025-09-20T22:58:43","modified_gmt":"2025-09-20T22:58:43","slug":"lasik-spuelkanuele","status":"publish","type":"product","link":"https:\/\/gvbm.net\/index.php\/produkt\/lasik-spuelkanuele\/","title":{"rendered":"LASIK-Sp\u00fclkan\u00fcle"},"content":{"rendered":"<h4>Anwendungsbereiche<\/h4>\n<p>Die LASIK-Sp\u00fclkan\u00fcle ist ein einmalverwendbares ophthalmologisches Instrument, das speziell f\u00fcr das Bewegen und Sp\u00fclen des LASIK-Flaps entwickelt wurde. Sie sorgt f\u00fcr eine gezielte Sp\u00fclung und erleichtert die sichere Handhabung w\u00e4hrend der LASIK-Chirurgie.<\/p>\n<h4>Material &amp; Form<\/h4>\n<p>Der\u00a0<a href=\"http:\/\/www.adhesivedispensers.co.uk\/Images\/actaper3.jpg\" target=\"_blank\" rel=\"noopener\">Luer-Lock<\/a>\u00a0Anschluss passt auf alle g\u00e4ngigen\u00a0Schlauchadapter\u00a0und Spritzen.<\/p>\n<h4>Herstellung &amp; Zertifizierung<\/h4>\n<p><a name=\"_GoBack\"><\/a>Der Herstellungs- sowie Sterilisationsprozess durch\u00a0<a href=\"https:\/\/www.eaglelabs.com\/\" target=\"_blank\" rel=\"noopener\">Eagle Labs<\/a>\u00a0gew\u00e4hrleisten hohe Stabilit\u00e4t, Bruchfestigkeit und eine saubere, anwenderoptimierte L\u00f6sung. Das Produkt ist durch Network Medical Products Ltd.\u00a0ISO 13485\u00a0und\u00a0CE\u00a0zertifiziert. Weitere Informationen zu der Zertifizierung finden Sie\u00a0<a href=\"https:\/\/gvbm.net\/index.php\/unternehmen\/qualitaet-zertifikate\/\">hier<\/a>.<\/p>\n","protected":false},"excerpt":{"rendered":"<p>LASIK-Sp\u00fclkan\u00fcle \u2013 27GA Einwegkan\u00fcle mit 4 seitlichen L\u00f6chern und abgeflachtem Ende, zum Bewegen und Sp\u00fclen des LASIK-Flaps, steril, 10 St\u00fcck je Verkaufseinheit<\/p>\n","protected":false},"featured_media":3169,"comment_status":"open","ping_status":"closed","template":"","meta":[],"product_cat":[695,1086,1111],"product_tag":[],"class_list":{"0":"post-3168","1":"product","2":"type-product","3":"status-publish","4":"has-post-thumbnail","6":"product_cat-ophthalmologie","7":"product_cat-einmal-kanuelen","8":"product_cat-lasik-kanuele","10":"first","11":"instock","12":"shipping-taxable","13":"purchasable","14":"product-type-simple"},"_links":{"self":[{"href":"https:\/\/gvbm.net\/index.php\/wp-json\/wp\/v2\/product\/3168","targetHints":{"allow":["GET"]}}],"collection":[{"href":"https:\/\/gvbm.net\/index.php\/wp-json\/wp\/v2\/product"}],"about":[{"href":"https:\/\/gvbm.net\/index.php\/wp-json\/wp\/v2\/types\/product"}],"replies":[{"embeddable":true,"href":"https:\/\/gvbm.net\/index.php\/wp-json\/wp\/v2\/comments?post=3168"}],"wp:featuredmedia":[{"embeddable":true,"href":"https:\/\/gvbm.net\/index.php\/wp-json\/wp\/v2\/media\/3169"}],"wp:attachment":[{"href":"https:\/\/gvbm.net\/index.php\/wp-json\/wp\/v2\/media?parent=3168"}],"wp:term":[{"taxonomy":"product_cat","embeddable":true,"href":"https:\/\/gvbm.net\/index.php\/wp-json\/wp\/v2\/product_cat?post=3168"},{"taxonomy":"product_tag","embeddable":true,"href":"https:\/\/gvbm.net\/index.php\/wp-json\/wp\/v2\/product_tag?post=3168"}],"curies":[{"name":"wp","href":"https:\/\/api.w.org\/{rel}","templated":true}]}}