{"id":3213,"date":"2022-03-23T11:19:27","date_gmt":"2022-03-23T11:19:27","guid":{"rendered":"https:\/\/gvbm.net\/?post_type=product&#038;p=3213"},"modified":"2025-09-01T06:51:56","modified_gmt":"2025-09-01T06:51:56","slug":"bishop-harmon-kanuele","status":"publish","type":"product","link":"https:\/\/gvbm.net\/index.php\/produkt\/bishop-harmon-kanuele\/","title":{"rendered":"Bishop-Harmon-Kan\u00fcle"},"content":{"rendered":"<h4>Anwendungsbereiche<\/h4>\n<p>Unsere Bishop-Harmon-Kan\u00fcle erm\u00f6glicht das sichere und gezielte Sp\u00fclen der Vorderkammer. Sie ist ideal f\u00fcr den Einsatz in ophthalmologischen Operationen, bei denen exakte Fl\u00fcssigkeitskontrolle erforderlich ist.<\/p>\n<h4>Material &amp; Form<\/h4>\n<ul>\n<li>Der\u00a0<a href=\"http:\/\/www.adhesivedispensers.co.uk\/Images\/actaper3.jpg\" target=\"_blank\" rel=\"noopener\">Luer-Lock<\/a>\u00a0Anschluss passt auf alle g\u00e4ngigen\u00a0Schlauchadapter\u00a0und Spritzen.<\/li>\n<li>Stumpfe, abgeflachte Spitze f\u00fcr schonendes Arbeiten<\/li>\n<li>&nbsp;\n<p>Steril verpackt f\u00fcr sichere Anwendung<\/li>\n<\/ul>\n<h4>Herstellung &amp; Zertifizierung<\/h4>\n<p><a name=\"_GoBack\"><\/a>Der Herstellungs- sowie Sterilisationsprozess durch\u00a0<a href=\"https:\/\/www.eaglelabs.com\/\" target=\"_blank\" rel=\"noopener\">Eagle Labs<\/a>\u00a0gew\u00e4hrleisten hohe Stabilit\u00e4t, Bruchfestigkeit und eine saubere, anwenderoptimierte L\u00f6sung. Das Produkt ist durch Network Medical Products Ltd.\u00a0ISO 13485\u00a0und\u00a0CE\u00a0zertifiziert. Weitere Informationen zu der Zertifizierung finden Sie\u00a0<a href=\"https:\/\/gvbm.net\/index.php\/unternehmen\/qualitaet-zertifikate\/\">hier<\/a>.<\/p>\n","protected":false},"excerpt":{"rendered":"<p>Einmal-Bishop-Harmon-Kan\u00fcle mit stumpfer abgeflachter Spitze \u2013 pr\u00e4zises Sp\u00fclen der Vorderkammer in der Ophthalmologie, 19 GA, steril verpackt, 10 St\u00fcck je Verkaufseinheit<\/p>\n","protected":false},"featured_media":3216,"comment_status":"open","ping_status":"closed","template":"","meta":[],"product_cat":[695,1110,1086],"product_tag":[],"class_list":{"0":"post-3213","1":"product","2":"type-product","3":"status-publish","4":"has-post-thumbnail","6":"product_cat-ophthalmologie","7":"product_cat-diverse-kanuelen","8":"product_cat-einmal-kanuelen","10":"first","11":"instock","12":"shipping-taxable","13":"purchasable","14":"product-type-simple"},"_links":{"self":[{"href":"https:\/\/gvbm.net\/index.php\/wp-json\/wp\/v2\/product\/3213","targetHints":{"allow":["GET"]}}],"collection":[{"href":"https:\/\/gvbm.net\/index.php\/wp-json\/wp\/v2\/product"}],"about":[{"href":"https:\/\/gvbm.net\/index.php\/wp-json\/wp\/v2\/types\/product"}],"replies":[{"embeddable":true,"href":"https:\/\/gvbm.net\/index.php\/wp-json\/wp\/v2\/comments?post=3213"}],"wp:featuredmedia":[{"embeddable":true,"href":"https:\/\/gvbm.net\/index.php\/wp-json\/wp\/v2\/media\/3216"}],"wp:attachment":[{"href":"https:\/\/gvbm.net\/index.php\/wp-json\/wp\/v2\/media?parent=3213"}],"wp:term":[{"taxonomy":"product_cat","embeddable":true,"href":"https:\/\/gvbm.net\/index.php\/wp-json\/wp\/v2\/product_cat?post=3213"},{"taxonomy":"product_tag","embeddable":true,"href":"https:\/\/gvbm.net\/index.php\/wp-json\/wp\/v2\/product_tag?post=3213"}],"curies":[{"name":"wp","href":"https:\/\/api.w.org\/{rel}","templated":true}]}}