{"id":3223,"date":"2022-03-24T08:55:38","date_gmt":"2022-03-24T08:55:38","guid":{"rendered":"https:\/\/gvbm.net\/?post_type=product&#038;p=3223"},"modified":"2025-09-22T22:42:57","modified_gmt":"2025-09-22T22:42:57","slug":"silikonmantel-kapselpolierkanuele-n-terry","status":"publish","type":"product","link":"https:\/\/gvbm.net\/index.php\/produkt\/silikonmantel-kapselpolierkanuele-n-terry\/","title":{"rendered":"Silikonmantel-Kapselpolierkan\u00fcle n. Terry"},"content":{"rendered":"<h4>Anwendungsbereiche<\/h4>\n<p>Unsere Einweg-Silikonmantel-Kapselpolierkan\u00fcle n. Terry erm\u00f6glicht das sorgf\u00e4ltige Polieren der vorderen und hinteren Linsenkapsel im Zuge der Katarakt-Behandlung.<\/p>\n<h4>Material &amp; Form<\/h4>\n<p>Der\u00a0<a href=\"http:\/\/www.adhesivedispensers.co.uk\/Images\/actaper3.jpg\" target=\"_blank\" rel=\"noopener\">Luer-Lock<\/a>\u00a0Anschluss passt auf alle g\u00e4ngigen\u00a0Schlauchadapter\u00a0und Spritzen. Es stehen verschiedene Lumen und Winkel der abgeflachten Spitze zur Verf\u00fcgung.<\/p>\n<h4>Herstellung &amp; Zertifizierung<\/h4>\n<p><a name=\"_GoBack\"><\/a>Der Herstellungs- sowie Sterilisationsprozess durch\u00a0<a href=\"https:\/\/www.eaglelabs.com\/\" target=\"_blank\" rel=\"noopener\">Eagle Labs<\/a>\u00a0gew\u00e4hrleisten hohe Stabilit\u00e4t, Bruchfestigkeit und eine saubere, anwenderoptimierte L\u00f6sung. Das Produkt ist durch Network Medical Products Ltd.\u00a0ISO 13485\u00a0und\u00a0CE\u00a0zertifiziert. Weitere Informationen zu der Zertifizierung finden Sie\u00a0<a href=\"https:\/\/gvbm.net\/index.php\/unternehmen\/qualitaet-zertifikate\/\">hier<\/a>.<\/p>\n","protected":false},"excerpt":{"rendered":"<p>Einmal-Silikonmantel-Kapselpolierkan\u00fcle n. Terry, 27 GA, 30\u00b0 kniegebogen, 2.5cm Rohrl\u00e4nge, steril verpackt, 10 Stk je Verkaufseinheit<\/p>\n","protected":false},"featured_media":3226,"comment_status":"open","ping_status":"closed","template":"","meta":[],"product_cat":[695,1086,1109],"product_tag":[],"class_list":{"0":"post-3223","1":"product","2":"type-product","3":"status-publish","4":"has-post-thumbnail","6":"product_cat-ophthalmologie","7":"product_cat-einmal-kanuelen","8":"product_cat-kapselpolierkanuelen","10":"first","11":"instock","12":"shipping-taxable","13":"purchasable","14":"product-type-simple"},"_links":{"self":[{"href":"https:\/\/gvbm.net\/index.php\/wp-json\/wp\/v2\/product\/3223","targetHints":{"allow":["GET"]}}],"collection":[{"href":"https:\/\/gvbm.net\/index.php\/wp-json\/wp\/v2\/product"}],"about":[{"href":"https:\/\/gvbm.net\/index.php\/wp-json\/wp\/v2\/types\/product"}],"replies":[{"embeddable":true,"href":"https:\/\/gvbm.net\/index.php\/wp-json\/wp\/v2\/comments?post=3223"}],"wp:featuredmedia":[{"embeddable":true,"href":"https:\/\/gvbm.net\/index.php\/wp-json\/wp\/v2\/media\/3226"}],"wp:attachment":[{"href":"https:\/\/gvbm.net\/index.php\/wp-json\/wp\/v2\/media?parent=3223"}],"wp:term":[{"taxonomy":"product_cat","embeddable":true,"href":"https:\/\/gvbm.net\/index.php\/wp-json\/wp\/v2\/product_cat?post=3223"},{"taxonomy":"product_tag","embeddable":true,"href":"https:\/\/gvbm.net\/index.php\/wp-json\/wp\/v2\/product_tag?post=3223"}],"curies":[{"name":"wp","href":"https:\/\/api.w.org\/{rel}","templated":true}]}}