{"id":3235,"date":"2022-03-24T09:26:21","date_gmt":"2022-03-24T09:26:21","guid":{"rendered":"https:\/\/gvbm.net\/?post_type=product&#038;p=3235"},"modified":"2025-09-21T15:45:32","modified_gmt":"2025-09-21T15:45:32","slug":"nukleushydrodelineationskanuele-n-johnson","status":"publish","type":"product","link":"https:\/\/gvbm.net\/index.php\/produkt\/nukleushydrodelineationskanuele-n-johnson\/","title":{"rendered":"Nukleushydrodelineationskan\u00fcle n. Johnson"},"content":{"rendered":"<h4>Anwendungsbereiche<\/h4>\n<p>Die Nukleushydrodelineationskan\u00fcle n. Johnson ist ein einmalverwendbares chirurgisches Sp\u00fclinstrument, das speziell f\u00fcr die Kataraktchirurgie entwickelt wurde.<br \/>\nSie wird eingesetzt zur:<\/p>\n<ul>\n<li>Abl\u00f6sung der Linse<\/li>\n<li>Pr\u00e4paration des Linsenkerns<\/li>\n<li>Aussp\u00fclung von Linsenfragmenten aus dem Linsensack<\/li>\n<li>Damit unterst\u00fctzt sie den Operateur bei einer pr\u00e4zisen, sicheren und effizienten Kataraktoperation.<\/li>\n<\/ul>\n<p>&nbsp;<\/p>\n<h4>Material &amp; Form<\/h4>\n<p>Der\u00a0<a href=\"http:\/\/www.adhesivedispensers.co.uk\/Images\/actaper3.jpg\" target=\"_blank\" rel=\"noopener\">Luer-Lock<\/a>\u00a0Anschluss passt auf alle g\u00e4ngigen\u00a0Schlauchadapter\u00a0und Spritzen.<\/p>\n<h4>Herstellung &amp; Zertifizierung<\/h4>\n<p><a name=\"_GoBack\"><\/a>Der Herstellungs- sowie Sterilisationsprozess durch\u00a0<a href=\"https:\/\/www.eaglelabs.com\/\" target=\"_blank\" rel=\"noopener\">Eagle Labs<\/a>\u00a0gew\u00e4hrleisten hohe Stabilit\u00e4t, Bruchfestigkeit und eine saubere, anwenderoptimierte L\u00f6sung. Das Produkt ist durch Network Medical Products Ltd.\u00a0ISO 13485\u00a0und\u00a0CE\u00a0zertifiziert. Weitere Informationen zu der Zertifizierung finden Sie\u00a0<a href=\"https:\/\/gvbm.net\/index.php\/unternehmen\/qualitaet-zertifikate\/\">hier<\/a>.<\/p>\n","protected":false},"excerpt":{"rendered":"<p>Nukleushydrodelineationskan\u00fcle n. Johnson -Einweg-mit abgeschr\u00e4gter Spitze, leicht gebogen, 2.5cm Rohrl\u00e4nge, 30 GA, steril verpackt, 10 St\u00fcck je Verkaufseinheit<\/p>\n","protected":false},"featured_media":3236,"comment_status":"open","ping_status":"closed","template":"","meta":[],"product_cat":[695,1086,1088],"product_tag":[],"class_list":{"0":"post-3235","1":"product","2":"type-product","3":"status-publish","4":"has-post-thumbnail","6":"product_cat-ophthalmologie","7":"product_cat-einmal-kanuelen","8":"product_cat-hydrodissektionskanuelen","10":"first","11":"instock","12":"shipping-taxable","13":"purchasable","14":"product-type-simple"},"_links":{"self":[{"href":"https:\/\/gvbm.net\/index.php\/wp-json\/wp\/v2\/product\/3235","targetHints":{"allow":["GET"]}}],"collection":[{"href":"https:\/\/gvbm.net\/index.php\/wp-json\/wp\/v2\/product"}],"about":[{"href":"https:\/\/gvbm.net\/index.php\/wp-json\/wp\/v2\/types\/product"}],"replies":[{"embeddable":true,"href":"https:\/\/gvbm.net\/index.php\/wp-json\/wp\/v2\/comments?post=3235"}],"wp:featuredmedia":[{"embeddable":true,"href":"https:\/\/gvbm.net\/index.php\/wp-json\/wp\/v2\/media\/3236"}],"wp:attachment":[{"href":"https:\/\/gvbm.net\/index.php\/wp-json\/wp\/v2\/media?parent=3235"}],"wp:term":[{"taxonomy":"product_cat","embeddable":true,"href":"https:\/\/gvbm.net\/index.php\/wp-json\/wp\/v2\/product_cat?post=3235"},{"taxonomy":"product_tag","embeddable":true,"href":"https:\/\/gvbm.net\/index.php\/wp-json\/wp\/v2\/product_tag?post=3235"}],"curies":[{"name":"wp","href":"https:\/\/api.w.org\/{rel}","templated":true}]}}