{"id":3647,"date":"2024-04-16T16:37:11","date_gmt":"2024-04-16T16:37:11","guid":{"rendered":"https:\/\/gvbm.net\/?post_type=product&#038;p=3647"},"modified":"2025-09-20T23:20:55","modified_gmt":"2025-09-20T23:20:55","slug":"mikrochirurgisches-messer-mit-dura-schutz","status":"publish","type":"product","link":"https:\/\/gvbm.net\/index.php\/produkt\/mikrochirurgisches-messer-mit-dura-schutz\/","title":{"rendered":"Mikrochirurgisches Messer mit Dura-Schutz"},"content":{"rendered":"<section class=\"section mcb-section the_content has_content\">\n<div class=\"section_wrapper\">\n<div class=\"the_content_wrapper \">\n<h4>Anwendungsbereiche<\/h4>\n<p>Unser mikrochirurgisches Messer mit Dura-Schutz ist ein einmalverwendbares chirurgisches Instrument, welches f\u00fcr das Schneiden der Dura Mater in r\u00e4umlich begrenzten Stellen des operierten Bereiches wie z.B. <a href=\"https:\/\/upload.wikimedia.org\/wikipedia\/commons\/2\/26\/Blausen_0618_LumbarSpine.png\" target=\"_blank\" rel=\"noopener\">lumbale<\/a> und <a href=\"https:\/\/www.doc-burger.de\/wp-content\/uploads\/2018\/02\/Bild-4_montage-hws_fotolia.jpg\" target=\"_blank\" rel=\"noopener\">zervikale<\/a> Regionen der Wirbels\u00e4ule oder <a href=\"https:\/\/upload.wikimedia.org\/wikipedia\/commons\/9\/9f\/Cranial_bones_es.svg\" target=\"_blank\" rel=\"noopener\">intrakraniellen<\/a> Zug\u00e4ngen verwendet wird. Der spezielle Dura-Schutz verhindert Trauma des sensiblen Hirngewebes. Die Einweg-Messerklinge ist mit einem Mehrweg-Handgriff verbindbar.<\/p>\n<div style=\"width: 1220px;\" class=\"wp-video\"><!--[if lt IE 9]><script>document.createElement('video');<\/script><![endif]-->\n<video class=\"wp-video-shortcode\" id=\"video-3647-1\" width=\"1220\" height=\"686\" preload=\"metadata\" controls=\"controls\"><source type=\"video\/mp4\" src=\"https:\/\/gvbm.net\/wp-content\/uploads\/2024\/04\/Unbenanntes-Video-\u2013-Mit-Clipchamp-erstellt-1.mp4?_=1\" \/><a href=\"https:\/\/gvbm.net\/wp-content\/uploads\/2024\/04\/Unbenanntes-Video-\u2013-Mit-Clipchamp-erstellt-1.mp4\">https:\/\/gvbm.net\/wp-content\/uploads\/2024\/04\/Unbenanntes-Video-\u2013-Mit-Clipchamp-erstellt-1.mp4<\/a><\/video><\/div>\n<h4>Lieferumfang<\/h4>\n<p>Die Einweg-Messerklinge wird in einer sterilen Plastikkartusche zur Entnahme mit dem Mehrweg-Handgriff im OP geliefert.<\/p>\n<h4>Material &amp; Form<\/h4>\n<p>Die Klinge besteht aus rostfreiem Stahl, das spezielle Parier (Dura-Schutz) ist aus ABS hergestellt. Der Schraub-Anschluss ist, wie auch der leichte Handgriff, aus Titan gefertigt.<\/p>\n<h4>Herstellung &amp; Zertifizierung<\/h4>\n<p>Der Herstellungs- sowie Sterilisationsprozess in China durch <a href=\"https:\/\/www.bhky.com.cn\/\" target=\"_blank\" rel=\"noopener\">Beijing Bohaikangyuan Medical Devices<\/a> (BHKY) gew\u00e4hrleisten hohe Stabilit\u00e4t, Bruchfestigkeit und eine saubere, anwenderoptimierte L\u00f6sung. Das Produkt ist durch BHKY nach ISO 13485 und CE zertifiziert. Weitere Informationen zu der Zertifizierung finden Sie <a href=\"https:\/\/gvbm.net\/index.php\/unternehmen\/qualitaet-zertifikate\/\">hier<\/a>.<\/p>\n<\/div>\n<\/div>\n<\/section>\n","protected":false},"excerpt":{"rendered":"<p>Mikrochirurgisches Messer mit Dura-Schutz f\u00fcr pr\u00e4zise Neurochirurgie. Verhindert Hirngewebetrauma. steriles verpackt, 5 St\u00fcck je Verkaufseinheit.<\/p>\n","protected":false},"featured_media":3650,"comment_status":"open","ping_status":"closed","template":"","meta":[],"product_cat":[1117,88],"product_tag":[],"class_list":{"0":"post-3647","1":"product","2":"type-product","3":"status-publish","4":"has-post-thumbnail","6":"product_cat-einmal-messer","7":"product_cat-wirbelsaeulen-neurochirurgie","9":"first","10":"instock","11":"shipping-taxable","12":"purchasable","13":"product-type-variable"},"_links":{"self":[{"href":"https:\/\/gvbm.net\/index.php\/wp-json\/wp\/v2\/product\/3647","targetHints":{"allow":["GET"]}}],"collection":[{"href":"https:\/\/gvbm.net\/index.php\/wp-json\/wp\/v2\/product"}],"about":[{"href":"https:\/\/gvbm.net\/index.php\/wp-json\/wp\/v2\/types\/product"}],"replies":[{"embeddable":true,"href":"https:\/\/gvbm.net\/index.php\/wp-json\/wp\/v2\/comments?post=3647"}],"wp:featuredmedia":[{"embeddable":true,"href":"https:\/\/gvbm.net\/index.php\/wp-json\/wp\/v2\/media\/3650"}],"wp:attachment":[{"href":"https:\/\/gvbm.net\/index.php\/wp-json\/wp\/v2\/media?parent=3647"}],"wp:term":[{"taxonomy":"product_cat","embeddable":true,"href":"https:\/\/gvbm.net\/index.php\/wp-json\/wp\/v2\/product_cat?post=3647"},{"taxonomy":"product_tag","embeddable":true,"href":"https:\/\/gvbm.net\/index.php\/wp-json\/wp\/v2\/product_tag?post=3647"}],"curies":[{"name":"wp","href":"https:\/\/api.w.org\/{rel}","templated":true}]}}