{"id":3686,"date":"2024-06-07T11:57:43","date_gmt":"2024-06-07T11:57:43","guid":{"rendered":"https:\/\/gvbm.net\/?post_type=product&#038;p=3686"},"modified":"2025-09-20T23:50:41","modified_gmt":"2025-09-20T23:50:41","slug":"mini-blade-typ-6500-messerklinge-nr-11","status":"publish","type":"product","link":"https:\/\/gvbm.net\/index.php\/produkt\/mini-blade-typ-6500-messerklinge-nr-11\/","title":{"rendered":"Mini-Blade Typ 6500 Messerklinge Nr. 11"},"content":{"rendered":"<section class=\"section mcb-section the_content has_content\">\n<div class=\"section_wrapper\">\n<div class=\"the_content_wrapper \">\n<h4>Anwendungsbereiche<\/h4>\n<p>Das Mini-Blade Typ 6500 ist eine einmalverwendbare Messerklinge, die als kompakte Alternative zu einem klassischen Nr. 11 Skalpell in der Ophthalmologie eingesetzt wird. Die Klinge wird in geeignete chirurgische Handgriffe mit Spannfutter eingespannt und eignet sich f\u00fcr pr\u00e4zise mikrochirurgische Anwendungen am Auge.<\/p>\n<h4>Material &amp; Form<\/h4>\n<p>Die chemisch gesch\u00e4rfte Klinge bietet gleichm\u00e4\u00dfige Sch\u00e4rfe und hat die Form eines spitzen rechtwinkligen Dreiecks. Das Messer ist einseitig scharf.<\/p>\n<h4>Herstellung &amp; Zertifizierung<\/h4>\n<p><a name=\"_GoBack\"><\/a>Der Herstellungs- sowie Sterilisationsprozess durch\u00a0<a href=\"https:\/\/www.eaglelabs.com\/\" target=\"_blank\" rel=\"noopener\">Eagle Labs<\/a>\u00a0gew\u00e4hrleisten hohe Stabilit\u00e4t, Bruchfestigkeit und eine saubere, anwenderoptimierte L\u00f6sung. Das Produkt ist durch Network Medical Products Ltd.\u00a0ISO 13485\u00a0und\u00a0CE\u00a0zertifiziert. Weitere Informationen zu der Zertifizierung finden Sie <a href=\"https:\/\/gvbm.net\/index.php\/unternehmen\/qualitaet-zertifikate\/\">hier<\/a>.<\/p>\n<\/div>\n<\/div>\n<\/section>\n","protected":false},"excerpt":{"rendered":"<p>Mini-Blade Typ 6500 Messerklinge Nr. 11 f\u00fcr mikrochirurgische Augen-OPs. Steril verpackt, 20 St\u00fcck je Verkaufseinheit.<\/p>\n","protected":false},"featured_media":3687,"comment_status":"open","ping_status":"closed","template":"","meta":[],"product_cat":[695,1102],"product_tag":[],"class_list":{"0":"post-3686","1":"product","2":"type-product","3":"status-publish","4":"has-post-thumbnail","6":"product_cat-ophthalmologie","7":"product_cat-einmal-messer-augenchirurgie","9":"first","10":"instock","11":"shipping-taxable","12":"purchasable","13":"product-type-simple"},"_links":{"self":[{"href":"https:\/\/gvbm.net\/index.php\/wp-json\/wp\/v2\/product\/3686","targetHints":{"allow":["GET"]}}],"collection":[{"href":"https:\/\/gvbm.net\/index.php\/wp-json\/wp\/v2\/product"}],"about":[{"href":"https:\/\/gvbm.net\/index.php\/wp-json\/wp\/v2\/types\/product"}],"replies":[{"embeddable":true,"href":"https:\/\/gvbm.net\/index.php\/wp-json\/wp\/v2\/comments?post=3686"}],"wp:featuredmedia":[{"embeddable":true,"href":"https:\/\/gvbm.net\/index.php\/wp-json\/wp\/v2\/media\/3687"}],"wp:attachment":[{"href":"https:\/\/gvbm.net\/index.php\/wp-json\/wp\/v2\/media?parent=3686"}],"wp:term":[{"taxonomy":"product_cat","embeddable":true,"href":"https:\/\/gvbm.net\/index.php\/wp-json\/wp\/v2\/product_cat?post=3686"},{"taxonomy":"product_tag","embeddable":true,"href":"https:\/\/gvbm.net\/index.php\/wp-json\/wp\/v2\/product_tag?post=3686"}],"curies":[{"name":"wp","href":"https:\/\/api.w.org\/{rel}","templated":true}]}}