{"id":3697,"date":"2024-06-07T13:59:40","date_gmt":"2024-06-07T13:59:40","guid":{"rendered":"https:\/\/gvbm.net\/?post_type=product&#038;p=3697"},"modified":"2025-09-20T23:46:36","modified_gmt":"2025-09-20T23:46:36","slug":"mini-blade-typ-6400-einseitiges-rundmesser","status":"publish","type":"product","link":"https:\/\/gvbm.net\/index.php\/produkt\/mini-blade-typ-6400-einseitiges-rundmesser\/","title":{"rendered":"Mini-Blade Typ 6400 Einseitiges Rundmesser"},"content":{"rendered":"<section class=\"section mcb-section the_content has_content\">\n<div class=\"section_wrapper\">\n<div class=\"the_content_wrapper \">\n<section class=\"section mcb-section the_content has_content\">\n<div class=\"section_wrapper\">\n<div class=\"the_content_wrapper \">\n<h4>Anwendungsbereiche<\/h4>\n<p>Das Mini-Blade Typ 6400 ist eine einmalverwendbare Messerklinge, die als kleinere Alternative zu einem klassischen gerundeten Messer in der Ophthalmologie dient. Sie wird auf geeignete chirurgische Handgriffe mit Spannfutter eingespannt und erm\u00f6glicht pr\u00e4zise Schnitte bei mikrochirurgischen Anwendungen am Auge.<\/p>\n<h4>Material &amp; Form<\/h4>\n<p>Die chemisch gesch\u00e4rfte Klinge bietet gleichm\u00e4\u00dfige 180\u00b0-Sch\u00e4rfe und hat die Form eines Halbkreises. Das Messer ist einseitig scharf.<\/p>\n<h4>Herstellung &amp; Zertifizierung<\/h4>\n<p><a name=\"_GoBack\"><\/a>Der Herstellungs- sowie Sterilisationsprozess durch\u00a0<a href=\"https:\/\/www.eaglelabs.com\/\" target=\"_blank\" rel=\"noopener\">Eagle Labs<\/a>\u00a0gew\u00e4hrleisten hohe Stabilit\u00e4t, Bruchfestigkeit und eine saubere, anwenderoptimierte L\u00f6sung. Das Produkt ist durch Network Medical Products Ltd.\u00a0ISO 13485\u00a0und\u00a0CE\u00a0zertifiziert. Weitere Informationen zu der Zertifizierung finden Sie <a href=\"https:\/\/gvbm.net\/index.php\/unternehmen\/qualitaet-zertifikate\/\">hier<\/a>.<\/p>\n<\/div>\n<\/div>\n<\/section>\n<\/div>\n<\/div>\n<\/section>\n","protected":false},"excerpt":{"rendered":"<p>Mini-Blade Typ 6400 Einseitiges Rundmesser f\u00fcr mikrochirurgische Augen-OPs. Steril verpackt, 20 St\u00fcck je Verkaufseinheit.<\/p>\n","protected":false},"featured_media":3698,"comment_status":"open","ping_status":"closed","template":"","meta":[],"product_cat":[695,1102],"product_tag":[],"class_list":{"0":"post-3697","1":"product","2":"type-product","3":"status-publish","4":"has-post-thumbnail","6":"product_cat-ophthalmologie","7":"product_cat-einmal-messer-augenchirurgie","9":"first","10":"instock","11":"shipping-taxable","12":"purchasable","13":"product-type-simple"},"_links":{"self":[{"href":"https:\/\/gvbm.net\/index.php\/wp-json\/wp\/v2\/product\/3697","targetHints":{"allow":["GET"]}}],"collection":[{"href":"https:\/\/gvbm.net\/index.php\/wp-json\/wp\/v2\/product"}],"about":[{"href":"https:\/\/gvbm.net\/index.php\/wp-json\/wp\/v2\/types\/product"}],"replies":[{"embeddable":true,"href":"https:\/\/gvbm.net\/index.php\/wp-json\/wp\/v2\/comments?post=3697"}],"wp:featuredmedia":[{"embeddable":true,"href":"https:\/\/gvbm.net\/index.php\/wp-json\/wp\/v2\/media\/3698"}],"wp:attachment":[{"href":"https:\/\/gvbm.net\/index.php\/wp-json\/wp\/v2\/media?parent=3697"}],"wp:term":[{"taxonomy":"product_cat","embeddable":true,"href":"https:\/\/gvbm.net\/index.php\/wp-json\/wp\/v2\/product_cat?post=3697"},{"taxonomy":"product_tag","embeddable":true,"href":"https:\/\/gvbm.net\/index.php\/wp-json\/wp\/v2\/product_tag?post=3697"}],"curies":[{"name":"wp","href":"https:\/\/api.w.org\/{rel}","templated":true}]}}