{"id":3753,"date":"2024-06-26T07:28:12","date_gmt":"2024-06-26T07:28:12","guid":{"rendered":"https:\/\/gvbm.net\/?post_type=product&#038;p=3753"},"modified":"2025-09-03T20:23:37","modified_gmt":"2025-09-03T20:23:37","slug":"einweg-ohrtrichter-fuer-heine-otoskop","status":"publish","type":"product","link":"https:\/\/gvbm.net\/index.php\/produkt\/einweg-ohrtrichter-fuer-heine-otoskop\/","title":{"rendered":"Einweg-Ohrtrichter f\u00fcr Heine Otoskop"},"content":{"rendered":"<section class=\"section mcb-section the_content has_content\">\n<div class=\"section_wrapper\">\n<div class=\"the_content_wrapper \">\n<p>Unser Ohrspekulum f\u00fcr das Heine Oroskop ist ein einmalverwendbares chirurgisches Instrument, welches f\u00fcr das Spreizen, Offenhalten und Sichern der <a href=\"https:\/\/upload.wikimedia.org\/wikipedia\/commons\/2\/29\/Gray907.png\" target=\"_blank\" rel=\"noopener\">Ohrmuschel und des Geh\u00f6rgangs<\/a> (<a href=\"http:\/\/www.gesundheits-lexikon.com\/Medizingeraetediagnostik\/Ohren\/Ohrenspiegelung-Otoskopie-.html\" target=\"_blank\" rel=\"noopener\">Otoskopie<\/a>, <a href=\"http:\/\/www.gesundheits-lexikon.com\/Operationen\/Hals-Nasen-Ohren-Chirurgie\/Trommelfellschnitt-Parazentese-.html\" target=\"_blank\" rel=\"noopener\">Parazentese<\/a>, <a href=\"https:\/\/www.apotheken.de\/krankheiten\/hintergrundwissen\/4212-das-medizinische-fachgebiet-hals-nasen-ohren-heilkunde\" target=\"_blank\" rel=\"noopener\">HNO<\/a>) verwendet wird. Es stehen mehrere Gr\u00f6\u00dfen zur Auswahl.<\/p>\n<p><a name=\"_GoBack\"><\/a>Der Herstellungs- sowie Sterilisationsprozess in England (Gro\u00df Britannien) durch <a href=\"https:\/\/www.aw-online.com\/product-category\/disposables\/ear-care-disposables\/\" target=\"_blank\" rel=\"noopener\">Albert Waeschle Ltd<\/a> gew\u00e4hrleisten hohe Stabilit\u00e4t, Bruchfestigkeit und eine saubere, anwenderoptimierte L\u00f6sung.<\/p>\n<p>Das Produkt ist durch Albert Waeschle Ltd ISO 13485 und CE zertifiziert. Die Zertifikate k\u00f6nnen Sie <a href=\"https:\/\/gvbm.net\/index.php\/unternehmen\/qualitaet-zertifikate\/\">hier<\/a> einsehen. Weitere Informationen zur ISO Norm finden Sie <a href=\"https:\/\/www.iso.org\/standard\/59752.html\" target=\"_blank\" rel=\"noopener\">hier<\/a>.<\/p>\n<\/div>\n<\/div>\n<\/section>\n","protected":false},"excerpt":{"rendered":"<p>Einweg-Ohrtrichter f\u00fcr Heine Otoskop \u2013 einmalverwendbares, unsteriles Ohrspekulum in verschiedenen Gr\u00f6\u00dfen<br \/>\nUnser Einweg-Ohrtrichter f\u00fcr Heine Otoskop ist ein praktisches, einmalverwendbares Instrument zum sicheren Spreizen und Offenhalten der Ohrmuschel und des Geh\u00f6rgangs bei Otoskopie, Parazentese und HNO-Anwendungen.<\/p>\n","protected":false},"featured_media":3754,"comment_status":"open","ping_status":"closed","template":"","meta":[],"product_cat":[17,70],"product_tag":[],"class_list":{"0":"post-3753","1":"product","2":"type-product","3":"status-publish","4":"has-post-thumbnail","6":"product_cat-hno","7":"product_cat-spekula","9":"first","10":"instock","11":"shipping-taxable","12":"purchasable","13":"product-type-variable"},"_links":{"self":[{"href":"https:\/\/gvbm.net\/index.php\/wp-json\/wp\/v2\/product\/3753","targetHints":{"allow":["GET"]}}],"collection":[{"href":"https:\/\/gvbm.net\/index.php\/wp-json\/wp\/v2\/product"}],"about":[{"href":"https:\/\/gvbm.net\/index.php\/wp-json\/wp\/v2\/types\/product"}],"replies":[{"embeddable":true,"href":"https:\/\/gvbm.net\/index.php\/wp-json\/wp\/v2\/comments?post=3753"}],"wp:featuredmedia":[{"embeddable":true,"href":"https:\/\/gvbm.net\/index.php\/wp-json\/wp\/v2\/media\/3754"}],"wp:attachment":[{"href":"https:\/\/gvbm.net\/index.php\/wp-json\/wp\/v2\/media?parent=3753"}],"wp:term":[{"taxonomy":"product_cat","embeddable":true,"href":"https:\/\/gvbm.net\/index.php\/wp-json\/wp\/v2\/product_cat?post=3753"},{"taxonomy":"product_tag","embeddable":true,"href":"https:\/\/gvbm.net\/index.php\/wp-json\/wp\/v2\/product_tag?post=3753"}],"curies":[{"name":"wp","href":"https:\/\/api.w.org\/{rel}","templated":true}]}}