{"id":3794,"date":"2024-07-16T10:15:52","date_gmt":"2024-07-16T10:15:52","guid":{"rendered":"https:\/\/gvbm.net\/?post_type=product&#038;p=3794"},"modified":"2025-09-01T01:29:23","modified_gmt":"2025-09-01T01:29:23","slug":"accuflow-anteiliger-traenenwegsverschluss-partial-punctum-occluder","status":"publish","type":"product","link":"https:\/\/gvbm.net\/index.php\/produkt\/accuflow-anteiliger-traenenwegsverschluss-partial-punctum-occluder\/","title":{"rendered":"AccuFlow\u2122 partieller Tr\u00e4nenwegsverschluss (Partial Punctum Occluder)"},"content":{"rendered":"<section class=\"section mcb-section the_content has_content\">\n<div class=\"section_wrapper\">\n<div class=\"the_content_wrapper \">\n<section class=\"section mcb-section the_content has_content\">\n<div class=\"section_wrapper\">\n<div class=\"the_content_wrapper \">\n<h4>Anwendungsbereiche<\/h4>\n<p>Der AccuFlow\u2122 Tr\u00e4nenwegsverschluss ist ein einmalverwendbarer, weicher Kegel mit durchgehendem Loch, der den Punctumdurchfluss langfristig reduziert. Ideal f\u00fcr die Behandlung von Trockenen Augen (Dry Eye) und zur Stabilisierung des Tr\u00e4nenfilms.<\/p>\n<h4>Material &amp; Form<\/h4>\n<p>Hergestellt aus Medical-Grade-Silikon. Der Tr\u00e4nenwegsverschluss wird mithilfe des inkludierten einmalverwendbaren Applikators eingesetzt. Durch Dr\u00fccken des Ausl\u00f6sers wird der Kegel sanft in den Tr\u00e4nenkanal geschoben. Die 1.5 mm Plug-L\u00e4nge passt optimal f\u00fcr die meisten Patienten.<\/p>\n<h4>Herstellung &amp; Zertifizierung<\/h4>\n<p><a name=\"_GoBack\"><\/a>Der Herstellungs- sowie Sterilisationsprozess durch <a href=\"https:\/\/innoviamedical.com\/product\/comfort-tip-punctal-occluder\/\" target=\"_blank\" rel=\"noopener\">Lacrimedics Inc.<\/a> gew\u00e4hrleisten hohe Qualit\u00e4t und eine saubere, anwenderoptimierte L\u00f6sung. Das Produkt ist durch Network Medical Products Ltd. ISO 13485 und CE zertifiziert. Weitere Informationen zu der Zertifizierung finden Sie <a href=\"https:\/\/gvbm.net\/index.php\/unternehmen\/qualitaet-zertifikate\/\">hier<\/a>.<\/p>\n<\/div>\n<\/div>\n<\/section>\n<\/div>\n<\/div>\n<\/section>\n","protected":false},"excerpt":{"rendered":"<p>Einmal-Tr\u00e4nenwegsverschluss aus Medical-Grade-Silikon \u2013 effektiv gegen Trockene Augen (Dry Eye), 1.5 mm Plug-L\u00e4nge, steril verpackt, 2 St\u00fcck je Verkaufseinheit<\/p>\n","protected":false},"featured_media":3802,"comment_status":"open","ping_status":"closed","template":"","meta":[],"product_cat":[695,1118],"product_tag":[],"class_list":{"0":"post-3794","1":"product","2":"type-product","3":"status-publish","4":"has-post-thumbnail","6":"product_cat-ophthalmologie","7":"product_cat-lacrimedics-traenenwegsverschluss-punctum-plug","9":"first","10":"instock","11":"shipping-taxable","12":"purchasable","13":"product-type-variable"},"_links":{"self":[{"href":"https:\/\/gvbm.net\/index.php\/wp-json\/wp\/v2\/product\/3794","targetHints":{"allow":["GET"]}}],"collection":[{"href":"https:\/\/gvbm.net\/index.php\/wp-json\/wp\/v2\/product"}],"about":[{"href":"https:\/\/gvbm.net\/index.php\/wp-json\/wp\/v2\/types\/product"}],"replies":[{"embeddable":true,"href":"https:\/\/gvbm.net\/index.php\/wp-json\/wp\/v2\/comments?post=3794"}],"wp:featuredmedia":[{"embeddable":true,"href":"https:\/\/gvbm.net\/index.php\/wp-json\/wp\/v2\/media\/3802"}],"wp:attachment":[{"href":"https:\/\/gvbm.net\/index.php\/wp-json\/wp\/v2\/media?parent=3794"}],"wp:term":[{"taxonomy":"product_cat","embeddable":true,"href":"https:\/\/gvbm.net\/index.php\/wp-json\/wp\/v2\/product_cat?post=3794"},{"taxonomy":"product_tag","embeddable":true,"href":"https:\/\/gvbm.net\/index.php\/wp-json\/wp\/v2\/product_tag?post=3794"}],"curies":[{"name":"wp","href":"https:\/\/api.w.org\/{rel}","templated":true}]}}