{"id":3813,"date":"2024-07-18T07:19:31","date_gmt":"2024-07-18T07:19:31","guid":{"rendered":"https:\/\/gvbm.net\/?post_type=product&#038;p=3813"},"modified":"2025-09-24T23:05:35","modified_gmt":"2025-09-24T23:05:35","slug":"yankauer-mit-ergonomischem-handstueck","status":"publish","type":"product","link":"https:\/\/gvbm.net\/index.php\/produkt\/yankauer-mit-ergonomischem-handstueck\/","title":{"rendered":"Yankauer mit ergonomischem Handst\u00fcck"},"content":{"rendered":"<section class=\"section mcb-section the_content has_content\">\n<div class=\"section_wrapper\">\n<div class=\"the_content_wrapper \">\n<h4>Anwendungsbereiche<\/h4>\n<p>Unser Yankauer Einmalsauger ist ein einmalverwendbares chirurgisches Absauginstrument, welches f\u00fcr die Entfernung von Fl\u00fcssigkeiten und R\u00fcckst\u00e4nden aus r\u00e4umlich begrenzten Stellen des operierten Bereiches wie z.B. dem Nasen-Rauchen-Raum verwendet wird.<\/p>\n<h4>Material &amp; Form<\/h4>\n<p>Der Yankauer Sauger ist vorgebogen und tr\u00e4gt bei bestimmten Varianten einen tulpenf\u00f6rmigen, abgerundeten Rohrabschluss, um umliegendes Gewebe vor Traumatisierung und L\u00e4sion zu sch\u00fctzen. Die Saugleistung kann bei bestimmten Varianten durch ein kleines Aspirationsloch im ergonomisch geformten Handgriff kontrolliert werden.<\/p>\n<h4>Herstellung &amp; Zertifizierung<\/h4>\n<p>Der Hersteller Medline Inc. gew\u00e4hrleistet hohe Stabilit\u00e4t, Bruchfestigkeit und eine saubere, anwenderoptimierte L\u00f6sung. Das Produkt ist durch Medline Inc. ISO 13485 und CE zertifiziert. Weitere Informationen zu der Zertifizierung finden Sie <a href=\"https:\/\/gvbm.net\/index.php\/unternehmen\/qualitaet-zertifikate\/\">hier<\/a>.<\/p>\n<\/div>\n<\/div>\n<\/section>\n","protected":false},"excerpt":{"rendered":"<p>Yankauer mit ergonomischem Handst\u00fcck- Einmalsauger, gebogen, steril verpackt, 50 St\u00fcck je Verkaufseinheit<\/p>\n","protected":false},"featured_media":3826,"comment_status":"open","ping_status":"closed","template":"","meta":[],"product_cat":[18,17,42],"product_tag":[],"class_list":{"0":"post-3813","1":"product","2":"type-product","3":"status-publish","4":"has-post-thumbnail","6":"product_cat-einmalsauger","7":"product_cat-hno","8":"product_cat-yankauer","10":"first","11":"instock","12":"shipping-taxable","13":"purchasable","14":"product-type-variable"},"_links":{"self":[{"href":"https:\/\/gvbm.net\/index.php\/wp-json\/wp\/v2\/product\/3813","targetHints":{"allow":["GET"]}}],"collection":[{"href":"https:\/\/gvbm.net\/index.php\/wp-json\/wp\/v2\/product"}],"about":[{"href":"https:\/\/gvbm.net\/index.php\/wp-json\/wp\/v2\/types\/product"}],"replies":[{"embeddable":true,"href":"https:\/\/gvbm.net\/index.php\/wp-json\/wp\/v2\/comments?post=3813"}],"wp:featuredmedia":[{"embeddable":true,"href":"https:\/\/gvbm.net\/index.php\/wp-json\/wp\/v2\/media\/3826"}],"wp:attachment":[{"href":"https:\/\/gvbm.net\/index.php\/wp-json\/wp\/v2\/media?parent=3813"}],"wp:term":[{"taxonomy":"product_cat","embeddable":true,"href":"https:\/\/gvbm.net\/index.php\/wp-json\/wp\/v2\/product_cat?post=3813"},{"taxonomy":"product_tag","embeddable":true,"href":"https:\/\/gvbm.net\/index.php\/wp-json\/wp\/v2\/product_tag?post=3813"}],"curies":[{"name":"wp","href":"https:\/\/api.w.org\/{rel}","templated":true}]}}