{"id":3855,"date":"2024-07-29T09:59:23","date_gmt":"2024-07-29T09:59:23","guid":{"rendered":"https:\/\/gvbm.net\/?post_type=product&#038;p=3855"},"modified":"2025-09-23T00:01:09","modified_gmt":"2025-09-23T00:01:09","slug":"skalpellklinge-form-nr-10","status":"publish","type":"product","link":"https:\/\/gvbm.net\/index.php\/produkt\/skalpellklinge-form-nr-10\/","title":{"rendered":"Skalpellklinge Form-Nr. 10"},"content":{"rendered":"<section class=\"section mcb-section the_content has_content\">\n<div class=\"section_wrapper\">\n<div class=\"the_content_wrapper \">\n<section class=\"section mcb-section the_content has_content\">\n<div class=\"section_wrapper\">\n<div class=\"the_content_wrapper \">\n<h4>Anwendungsbereiche<\/h4>\n<p>Unsere Skalpellklinge Form-Nr. 10 Form ist ein einmalverwendbares Instrument, welches f\u00fcr das pr\u00e4zise Schneiden von Gewebe, z.B. Epidermis, verwendet wird. Es stehen mehrere Skalpellgeometrien zur Auswahl.<\/p>\n<h4>Material &amp; Form<\/h4>\n<p>Die Klingen passen auf gew\u00f6hnliche Skalpell-Handgriffe. Die Klingendicke betr\u00e4gt 0,4 mm.<\/p>\n<h4>Herstellung &amp; Zertifizierung<\/h4>\n<p>Der Herstellungs- sowie Sterilisationsprozess durch Heinz Herenz Hamburg gew\u00e4hrleisten hohe Stabilit\u00e4t, Bruchfestigkeit und eine saubere, anwenderoptimierte L\u00f6sung. Das Produkt ist durch Heinz Herenz Hamburg ISO 13485 und CE zertifiziert. Weitere Informationen zu der Zertifizierung finden Sie <a href=\"https:\/\/gvbm.net\/index.php\/unternehmen\/qualitaet-zertifikate\/\">hier<\/a>.<\/p>\n<\/div>\n<\/div>\n<\/section>\n<\/div>\n<\/div>\n<\/section>\n","protected":false},"excerpt":{"rendered":"<p>Skalpellklinge Form-Nr. 10-Einweg-Skalpellklinge, steril verpackt, 100 Stk je Verkaufseinheit<\/p>\n","protected":false},"featured_media":3856,"comment_status":"open","ping_status":"closed","template":"","meta":[],"product_cat":[1117,1120,88],"product_tag":[],"class_list":{"0":"post-3855","1":"product","2":"type-product","3":"status-publish","4":"has-post-thumbnail","6":"product_cat-einmal-messer","7":"product_cat-skalpell-klingen","8":"product_cat-wirbelsaeulen-neurochirurgie","10":"first","11":"instock","12":"shipping-taxable","13":"purchasable","14":"product-type-simple"},"_links":{"self":[{"href":"https:\/\/gvbm.net\/index.php\/wp-json\/wp\/v2\/product\/3855","targetHints":{"allow":["GET"]}}],"collection":[{"href":"https:\/\/gvbm.net\/index.php\/wp-json\/wp\/v2\/product"}],"about":[{"href":"https:\/\/gvbm.net\/index.php\/wp-json\/wp\/v2\/types\/product"}],"replies":[{"embeddable":true,"href":"https:\/\/gvbm.net\/index.php\/wp-json\/wp\/v2\/comments?post=3855"}],"wp:featuredmedia":[{"embeddable":true,"href":"https:\/\/gvbm.net\/index.php\/wp-json\/wp\/v2\/media\/3856"}],"wp:attachment":[{"href":"https:\/\/gvbm.net\/index.php\/wp-json\/wp\/v2\/media?parent=3855"}],"wp:term":[{"taxonomy":"product_cat","embeddable":true,"href":"https:\/\/gvbm.net\/index.php\/wp-json\/wp\/v2\/product_cat?post=3855"},{"taxonomy":"product_tag","embeddable":true,"href":"https:\/\/gvbm.net\/index.php\/wp-json\/wp\/v2\/product_tag?post=3855"}],"curies":[{"name":"wp","href":"https:\/\/api.w.org\/{rel}","templated":true}]}}