{"id":3971,"date":"2024-12-02T08:05:48","date_gmt":"2024-12-02T08:05:48","guid":{"rendered":"https:\/\/gvbm.net\/?post_type=product&#038;p=3971"},"modified":"2025-09-01T01:56:29","modified_gmt":"2025-09-01T01:56:29","slug":"augenheilkunde-abdecktuch-set","status":"publish","type":"product","link":"https:\/\/gvbm.net\/index.php\/produkt\/augenheilkunde-abdecktuch-set\/","title":{"rendered":"Augenheilkunde-Abdecktuch-Set"},"content":{"rendered":"<section class=\"section mcb-section the_content has_content\">\n<div class=\"section_wrapper\">\n<div class=\"the_content_wrapper \">\n<h4>Anwendungsbereiche<\/h4>\n<p>Das Augenheilkunde-Abdecktuch-Set erm\u00f6glicht das antiseptische Abdecken des Patienten w\u00e4hrend Operationen in der Augenheilkunde und sorgt f\u00fcr eine saubere, sichere Arbeitsumgebung.<\/p>\n<h4>Material &amp; Form<\/h4>\n<p>Bestandteile des Ophthalmologie-Abdecktuch-Sets:<br \/>\n\u25aa 2 Handt\u00fccher, Ma\u00dfe: 30 x 40 cm, bestehend aus fusselfreiem Cellulose<br \/>\n\u25aa 1 Ophthalmologie-Abdecktuch, Ma\u00dfe: 160 x 140 cm, bestehend aus 1 Schicht hydrophiler Flies und 1 Schicht Polyethylene-Folie<br \/>\n(Wasser- und mikrobendichtes Verbundgewebe), mit Sammelbeutel aus Polyethylen-Folie<br \/>\n\u25aa 1 Tischabdeckung, Ma\u00dfe: 190 x 150 cm, bestehend aus 1 Schicht Polyethylen-Folie und 1 Schicht verst\u00e4rkter Flies (Wasser-<br \/>\nund mikrobendichtes Verbundgewebe)<\/p>\n<h4>Herstellung &amp; Zertifizierung<\/h4>\n<p><a name=\"_GoBack\"><\/a>Hergestellt und steril verpackt durch Oasipor Medical S.A. Das Augenheilkunde-Abdecktuch-Set ist zertifiziert und gew\u00e4hrleistet eine qualitativ hochwertige, saubere und anwenderoptimierte L\u00f6sung f\u00fcr ophthalmologische Eingriffe.<\/p>\n<\/div>\n<\/div>\n<\/section>\n","protected":false},"excerpt":{"rendered":"<p>OP-Drape-Set f\u00fcr die Augenheilkunde \u2013 sicheres und hygienisches Abdecken w\u00e4hrend ophthalmologischer Operationen, inklusive Inzisionsfolie und Fl\u00fcssigkeitsauffangbeutel, steril verpackt, 27 St\u00fcck je VE (einseitiger Beutel), 22 St\u00fcck je VE (beidseitiger Beutel)<\/p>\n","protected":false},"featured_media":3973,"comment_status":"open","ping_status":"closed","template":"","meta":[],"product_cat":[695,1121],"product_tag":[],"class_list":{"0":"post-3971","1":"product","2":"type-product","3":"status-publish","4":"has-post-thumbnail","6":"product_cat-ophthalmologie","7":"product_cat-abdecktuecher","9":"first","10":"instock","11":"shipping-taxable","12":"purchasable","13":"product-type-variable"},"_links":{"self":[{"href":"https:\/\/gvbm.net\/index.php\/wp-json\/wp\/v2\/product\/3971","targetHints":{"allow":["GET"]}}],"collection":[{"href":"https:\/\/gvbm.net\/index.php\/wp-json\/wp\/v2\/product"}],"about":[{"href":"https:\/\/gvbm.net\/index.php\/wp-json\/wp\/v2\/types\/product"}],"replies":[{"embeddable":true,"href":"https:\/\/gvbm.net\/index.php\/wp-json\/wp\/v2\/comments?post=3971"}],"wp:featuredmedia":[{"embeddable":true,"href":"https:\/\/gvbm.net\/index.php\/wp-json\/wp\/v2\/media\/3973"}],"wp:attachment":[{"href":"https:\/\/gvbm.net\/index.php\/wp-json\/wp\/v2\/media?parent=3971"}],"wp:term":[{"taxonomy":"product_cat","embeddable":true,"href":"https:\/\/gvbm.net\/index.php\/wp-json\/wp\/v2\/product_cat?post=3971"},{"taxonomy":"product_tag","embeddable":true,"href":"https:\/\/gvbm.net\/index.php\/wp-json\/wp\/v2\/product_tag?post=3971"}],"curies":[{"name":"wp","href":"https:\/\/api.w.org\/{rel}","templated":true}]}}