{"id":4048,"date":"2025-05-13T07:24:15","date_gmt":"2025-05-13T07:24:15","guid":{"rendered":"https:\/\/gvbm.net\/?post_type=product&#038;p=4048"},"modified":"2025-09-21T15:40:25","modified_gmt":"2025-09-21T15:40:25","slug":"neuro-passivdrainage-set-mit-evakulierungspumpe","status":"publish","type":"product","link":"https:\/\/gvbm.net\/index.php\/produkt\/neuro-passivdrainage-set-mit-evakulierungspumpe\/","title":{"rendered":"Neuro-Passivdrainage-Set mit Evakulierungspumpe"},"content":{"rendered":"<section class=\"section mcb-section the_content has_content\">\n<div class=\"section_wrapper\">\n<div class=\"the_content_wrapper \">\n<h4>Anwendungsbereiche<\/h4>\n<p>Das Neuro-Passivdrainage-Set mit Evakuierungspumpe ist ein einmalverwendbares Drainagesystem f\u00fcr die postoperative Ableitung von Fl\u00fcssigkeiten wie Blut und Sekreten, insbesondere bei <a href=\"https:\/\/upload.wikimedia.org\/wikipedia\/commons\/9\/9f\/Cranial_bones_es.svg\" target=\"_blank\" rel=\"noopener\">intrakraniellen<\/a> Zug\u00e4ngen.<br \/>\nDank des gewebeschonenden Sogs und der Nutzung der Schwerkraft als Unterdruckquelle nach der Evakuierung wird auf externe Saugger\u00e4te verzichtet, was das Risiko f\u00fcr umliegendes Gewebe minimiert.<\/p>\n<h4>Anwendungsschritte<\/h4>\n<p>Das Passivdrainagesystem basiert auf dem physikalischen Prinzip der Entfernung der im Kreislauf vorhandenen Luft und der anschlie\u00dfenden Wirkung der Schwerkraft. F\u00fcr die Evakuierung muss die Pumpe auf den hochwirksamen Bakterienfilter (Feinpartikelfilter mit Korngrenze 2 \u03bcm) gesetzt werden. Die Evakulierung wird durch die Verwendung eines mit einem R\u00fcckschlagventil ausgestatteten Kolbens erreicht, der nach einigen kurzen Bet\u00e4tigungen der Evakulierungspumpe \u201eSimBulb\u201c die Luft aus dem Kreislauf entweichen l\u00e4sst.<\/p>\n<p>Die Pumpe kann nach der Evakulierung des Systems abgenommen werden. Der Sog der Evakulierungspumpe betr\u00e4gt maximal 140 mmHg. Sobald die Evakulierung abgeschlossen ist und die Pumpe entfernt wurde, wirkt das System als Passivdrainage. Fortan bestimmt lediglich die Schwerkraft die St\u00e4rke des Unterdrucks. In jeder Packung der Drainagesets wird eine Pumpe geliefert. Der Filter sollte w\u00e4hrend der Drainage geschlossen bleiben.<\/p>\n<h4>Material &amp; Form<\/h4>\n<p>Der Verbindungsschlauch zur Drainage ist aus Medical-Grade Silikon und die Evakuierungspumpe aus PVC hergestellt. Es werden in jeder Packung drei Adapter aus PVC f\u00fcr Drainageschl\u00e4uche mitgeliefert. Somit ist das System mit allen g\u00e4ngigen Drainageschl\u00e4uchen kompatibel.<\/p>\n<h4>Herstellung &amp; Zertifizierung<\/h4>\n<p>Der Herstellungs- sowie Sterilisationsprozess in Italien durch <a href=\"http:\/\/www.medeurope.eu\/products\/sterile-disposable-surgical-transducer\" target=\"_blank\" rel=\"noopener\">Med Europe s.r.l.<\/a> gew\u00e4hrleisten hohe Qualit\u00e4t und eine saubere, anwenderoptimierte L\u00f6sung. Das Produkt ist durch Med Europe s.r.l. ISO 13485 und CE zertifiziert. Weitere Informationen zu der Zertifizierung finden Sie <a href=\"https:\/\/gvbm.net\/index.php\/unternehmen\/qualitaet-zertifikate\/\">hier<\/a>.<\/p>\n<\/div>\n<\/div>\n<\/section>\n","protected":false},"excerpt":{"rendered":"<p>Neuro-Passivdrainage-Set mit Evakulierungspumpe \u2013 900 mm Schlauch, steril verpackt, 10 St\u00fcck je Verkaufseinheit.<\/p>\n","protected":false},"featured_media":4049,"comment_status":"open","ping_status":"closed","template":"","meta":[],"product_cat":[1122],"product_tag":[],"class_list":{"0":"post-4048","1":"product","2":"type-product","3":"status-publish","4":"has-post-thumbnail","6":"product_cat-einwegdrainage","8":"first","9":"instock","10":"shipping-taxable","11":"purchasable","12":"product-type-simple"},"_links":{"self":[{"href":"https:\/\/gvbm.net\/index.php\/wp-json\/wp\/v2\/product\/4048","targetHints":{"allow":["GET"]}}],"collection":[{"href":"https:\/\/gvbm.net\/index.php\/wp-json\/wp\/v2\/product"}],"about":[{"href":"https:\/\/gvbm.net\/index.php\/wp-json\/wp\/v2\/types\/product"}],"replies":[{"embeddable":true,"href":"https:\/\/gvbm.net\/index.php\/wp-json\/wp\/v2\/comments?post=4048"}],"wp:featuredmedia":[{"embeddable":true,"href":"https:\/\/gvbm.net\/index.php\/wp-json\/wp\/v2\/media\/4049"}],"wp:attachment":[{"href":"https:\/\/gvbm.net\/index.php\/wp-json\/wp\/v2\/media?parent=4048"}],"wp:term":[{"taxonomy":"product_cat","embeddable":true,"href":"https:\/\/gvbm.net\/index.php\/wp-json\/wp\/v2\/product_cat?post=4048"},{"taxonomy":"product_tag","embeddable":true,"href":"https:\/\/gvbm.net\/index.php\/wp-json\/wp\/v2\/product_tag?post=4048"}],"curies":[{"name":"wp","href":"https:\/\/api.w.org\/{rel}","templated":true}]}}