{"id":4051,"date":"2025-05-13T07:54:36","date_gmt":"2025-05-13T07:54:36","guid":{"rendered":"https:\/\/gvbm.net\/?post_type=product&#038;p=4051"},"modified":"2025-09-12T13:48:20","modified_gmt":"2025-09-12T13:48:20","slug":"kannelierte-drainage","status":"publish","type":"product","link":"https:\/\/gvbm.net\/index.php\/produkt\/kannelierte-drainage\/","title":{"rendered":"Kannelierte Drainage"},"content":{"rendered":"<section class=\"section mcb-section the_content has_content\">\n<div class=\"section_wrapper\">\n<div class=\"the_content_wrapper \">\n<section class=\"section mcb-section the_content has_content\">\n<div class=\"section_wrapper\">\n<div class=\"the_content_wrapper \">\n<h4>Anwendungsbereiche<\/h4>\n<p>Unsere kannelierte Drainage ist ein einmalverwendbarer Drainageschlauch, der f\u00fcr das postoperative Abf\u00fchren von Fl\u00fcssigkeiten wie Sekreten und Blut aus dem operierten Bereich, z. B. bei <a href=\"https:\/\/upload.wikimedia.org\/wikipedia\/commons\/9\/9f\/Cranial_bones_es.svg\" target=\"_blank\" rel=\"noopener\">intrakraniellen<\/a> Zug\u00e4ngen, eingesetzt wird. Das System verf\u00fcgt \u00fcber vier Kan\u00e4le im Silikonmantel, wodurch das Risiko einer vollst\u00e4ndigen Drainageverstopfung minimiert wird, selbst bei schonendem Niedervakuum. Eine Kanalverstopfung reduziert h\u00f6chstens 25 % der Leistung, sodass bei einer teilweisen Blockade noch bis zu 87,5 % Drainageleistung erhalten bleiben. Das verst\u00e4rkte Segment zwischen gerilltem und r\u00f6hrenf\u00f6rmigem Teil erleichtert die Fixierung, w\u00e4hrend das robuste Design Knicke oder Einquetschungen verhindert.<\/p>\n<h4>Material &amp; Form<\/h4>\n<p>Der Drainageschlauch ist aus Medical-Grade Silikon hergestellt. Entlang des Schlauchs ist ein r\u00f6ntgensichtbarer Streifen eingearbeitet.<\/p>\n<h4>Herstellung &amp; Zertifizierung<\/h4>\n<p>Der Herstellungs- sowie Sterilisationsprozess in Italien durch <a href=\"http:\/\/www.medeurope.eu\/products\/sterile-disposable-surgical-transducer\" target=\"_blank\" rel=\"noopener\">Med Europe s.r.l.<\/a> gew\u00e4hrleisten hohe Qualit\u00e4t und eine saubere, anwenderoptimierte L\u00f6sung. Das Produkt ist durch Med Europe s.r.l. ISO 13485 und CE zertifiziert. Weitere Informationen zu der Zertifizierung finden Sie <a href=\"https:\/\/gvbm.net\/index.php\/unternehmen\/qualitaet-zertifikate\/\">hier<\/a>.<\/p>\n<\/div>\n<\/div>\n<\/section>\n<\/div>\n<\/div>\n<\/section>\n","protected":false},"excerpt":{"rendered":"<p>Kannelierte Drainage \u2013 Niedervakuum-Einwegdrainageschlauch aus Silikon, 120 cm L\u00e4nge, 40 cm kannelierter Anteil, steril verpackt, 20 Stk je Verkaufseinheit<\/p>\n","protected":false},"featured_media":4052,"comment_status":"open","ping_status":"closed","template":"","meta":[],"product_cat":[1122],"product_tag":[],"class_list":{"0":"post-4051","1":"product","2":"type-product","3":"status-publish","4":"has-post-thumbnail","6":"product_cat-einwegdrainage","8":"first","9":"instock","10":"shipping-taxable","11":"purchasable","12":"product-type-variable"},"_links":{"self":[{"href":"https:\/\/gvbm.net\/index.php\/wp-json\/wp\/v2\/product\/4051","targetHints":{"allow":["GET"]}}],"collection":[{"href":"https:\/\/gvbm.net\/index.php\/wp-json\/wp\/v2\/product"}],"about":[{"href":"https:\/\/gvbm.net\/index.php\/wp-json\/wp\/v2\/types\/product"}],"replies":[{"embeddable":true,"href":"https:\/\/gvbm.net\/index.php\/wp-json\/wp\/v2\/comments?post=4051"}],"wp:featuredmedia":[{"embeddable":true,"href":"https:\/\/gvbm.net\/index.php\/wp-json\/wp\/v2\/media\/4052"}],"wp:attachment":[{"href":"https:\/\/gvbm.net\/index.php\/wp-json\/wp\/v2\/media?parent=4051"}],"wp:term":[{"taxonomy":"product_cat","embeddable":true,"href":"https:\/\/gvbm.net\/index.php\/wp-json\/wp\/v2\/product_cat?post=4051"},{"taxonomy":"product_tag","embeddable":true,"href":"https:\/\/gvbm.net\/index.php\/wp-json\/wp\/v2\/product_tag?post=4051"}],"curies":[{"name":"wp","href":"https:\/\/api.w.org\/{rel}","templated":true}]}}