{"id":4098,"date":"2025-07-01T06:53:23","date_gmt":"2025-07-01T06:53:23","guid":{"rendered":"https:\/\/gvbm.net\/?post_type=product&#038;p=4098"},"modified":"2025-09-12T04:33:49","modified_gmt":"2025-09-12T04:33:49","slug":"handgriffe","status":"publish","type":"product","link":"https:\/\/gvbm.net\/index.php\/produkt\/handgriffe\/","title":{"rendered":"Handgriffe"},"content":{"rendered":"<section class=\"section mcb-section the_content has_content\">\n<div class=\"section_wrapper\">\n<div class=\"the_content_wrapper \">\n<h4>Anwendungsbereiche<\/h4>\n<p>Unsere HNO-Handgriffe sind wiederverwendbare chirurgische Instrumente, welche f\u00fcr das Einspannen von Messerklingen z.B. f\u00fcr die Myringotomie verwendet werden. Es stehen mehrere Handgriffformen zur Auswahl, jeweils zu unterschiedlichen Klingenvarianten passend.<\/p>\n<h4>Material &amp; Form<\/h4>\n<p>Unsere Handgriffe sind aus rostfreiem Medical-Grade Stahl hergestellt. Die Spannfutter k\u00f6nnen durch Rotieren verj\u00fcngt oder erweitert werden.<\/p>\n<h4>Herstellung &amp; Zertifizierung<\/h4>\n<p>Der Herstellungs- sowie Sterilisationsprozess in den USA und CE-Zertifizierung durch <a href=\"http:\/\/dtrmedical.com\/products\/needle-holders\/\" target=\"_blank\" rel=\"noopener\">DTR medical Ltd.<\/a> gew\u00e4hrleisten hohe Stabilit\u00e4t, Bruchfestigkeit und eine saubere, anwenderoptimierte L\u00f6sung.\u00a0Weitere Informationen zu der Zertifizierung finden Sie <a href=\"https:\/\/gvbm.net\/index.php\/unternehmen\/qualitaet-zertifikate\/\">hier<\/a>.<\/p>\n<\/div>\n<\/div>\n<\/section>\n","protected":false},"excerpt":{"rendered":"<p>Handgriffe &#8211; Wiederverwendbare 100 mm Handgriffl\u00e4nge HNO-Handgriffe aus rostfreiem Medical-Grade Stahl, geeignet f\u00fcr verschiedene Messerklingen (z. B. Myringotomie). CE-zertifiziert, resterilisierbar und mit stabiler Spannmechanik, unsterile Lieferung, 1 Stk je Verkaufseinheit<\/p>\n","protected":false},"featured_media":4102,"comment_status":"open","ping_status":"closed","template":"","meta":[],"product_cat":[1105,17],"product_tag":[],"class_list":{"0":"post-4098","1":"product","2":"type-product","3":"status-publish","4":"has-post-thumbnail","6":"product_cat-einmal-messer-hno","7":"product_cat-hno","9":"first","10":"instock","11":"shipping-taxable","12":"purchasable","13":"product-type-variable"},"_links":{"self":[{"href":"https:\/\/gvbm.net\/index.php\/wp-json\/wp\/v2\/product\/4098","targetHints":{"allow":["GET"]}}],"collection":[{"href":"https:\/\/gvbm.net\/index.php\/wp-json\/wp\/v2\/product"}],"about":[{"href":"https:\/\/gvbm.net\/index.php\/wp-json\/wp\/v2\/types\/product"}],"replies":[{"embeddable":true,"href":"https:\/\/gvbm.net\/index.php\/wp-json\/wp\/v2\/comments?post=4098"}],"wp:featuredmedia":[{"embeddable":true,"href":"https:\/\/gvbm.net\/index.php\/wp-json\/wp\/v2\/media\/4102"}],"wp:attachment":[{"href":"https:\/\/gvbm.net\/index.php\/wp-json\/wp\/v2\/media?parent=4098"}],"wp:term":[{"taxonomy":"product_cat","embeddable":true,"href":"https:\/\/gvbm.net\/index.php\/wp-json\/wp\/v2\/product_cat?post=4098"},{"taxonomy":"product_tag","embeddable":true,"href":"https:\/\/gvbm.net\/index.php\/wp-json\/wp\/v2\/product_tag?post=4098"}],"curies":[{"name":"wp","href":"https:\/\/api.w.org\/{rel}","templated":true}]}}