{"id":4105,"date":"2025-07-01T07:05:50","date_gmt":"2025-07-01T07:05:50","guid":{"rendered":"https:\/\/gvbm.net\/?post_type=product&#038;p=4105"},"modified":"2025-09-24T22:56:09","modified_gmt":"2025-09-24T22:56:09","slug":"tympanoplastikklingen","status":"publish","type":"product","link":"https:\/\/gvbm.net\/index.php\/produkt\/tympanoplastikklingen\/","title":{"rendered":"Tympanoplastikklingen"},"content":{"rendered":"<h4>Anwendungsbereiche<\/h4>\n<p>Unsere Tympanoplastikklingen sind einmalverwendbare chirurgische Instrumente, welche f\u00fcr das <span data-huuid=\"3361444101813359164\">pr\u00e4zise Schneiden und Pr\u00e4parieren von Gewebe, wie beispielsweise bei der Trommelfellreparatur oder bei Operationen am Steigb\u00fcgel,<\/span> verwendet werden. Es steht eine gerade und eine 60\u00b0 gewinkelte Variante zur Verf\u00fcgung.<\/p>\n<h4>Herstellung &amp; Zertifizierung<\/h4>\n<p>Der Herstellungs- sowie Sterilisationsprozess in den USA und CE-Zertifizierung durch <a href=\"http:\/\/dtrmedical.com\/products\/needle-holders\/\" target=\"_blank\" rel=\"noopener\">DTR medical Ltd.<\/a> gew\u00e4hrleisten hohe Stabilit\u00e4t, Bruchfestigkeit und eine saubere, anwenderoptimierte L\u00f6sung.\u00a0Weitere Informationen zu der Zertifizierung finden Sie <a href=\"https:\/\/gvbm.net\/index.php\/unternehmen\/qualitaet-zertifikate\/\">hier<\/a>.<\/p>\n","protected":false},"excerpt":{"rendered":"<p>Tympanoplastikklingen-Einwegklingen, 55 mm Klingenl\u00e4nge, 2.5 mm Klingenbreite, steril verpackt, 6 St\u00fcck je Verkaufseinheit<\/p>\n","protected":false},"featured_media":4124,"comment_status":"open","ping_status":"closed","template":"","meta":[],"product_cat":[1105,17],"product_tag":[],"class_list":{"0":"post-4105","1":"product","2":"type-product","3":"status-publish","4":"has-post-thumbnail","6":"product_cat-einmal-messer-hno","7":"product_cat-hno","9":"first","10":"instock","11":"shipping-taxable","12":"purchasable","13":"product-type-variable"},"_links":{"self":[{"href":"https:\/\/gvbm.net\/index.php\/wp-json\/wp\/v2\/product\/4105","targetHints":{"allow":["GET"]}}],"collection":[{"href":"https:\/\/gvbm.net\/index.php\/wp-json\/wp\/v2\/product"}],"about":[{"href":"https:\/\/gvbm.net\/index.php\/wp-json\/wp\/v2\/types\/product"}],"replies":[{"embeddable":true,"href":"https:\/\/gvbm.net\/index.php\/wp-json\/wp\/v2\/comments?post=4105"}],"wp:featuredmedia":[{"embeddable":true,"href":"https:\/\/gvbm.net\/index.php\/wp-json\/wp\/v2\/media\/4124"}],"wp:attachment":[{"href":"https:\/\/gvbm.net\/index.php\/wp-json\/wp\/v2\/media?parent=4105"}],"wp:term":[{"taxonomy":"product_cat","embeddable":true,"href":"https:\/\/gvbm.net\/index.php\/wp-json\/wp\/v2\/product_cat?post=4105"},{"taxonomy":"product_tag","embeddable":true,"href":"https:\/\/gvbm.net\/index.php\/wp-json\/wp\/v2\/product_tag?post=4105"}],"curies":[{"name":"wp","href":"https:\/\/api.w.org\/{rel}","templated":true}]}}