{"id":4107,"date":"2025-07-01T07:11:48","date_gmt":"2025-07-01T07:11:48","guid":{"rendered":"https:\/\/gvbm.net\/?post_type=product&#038;p=4107"},"modified":"2025-09-22T14:24:38","modified_gmt":"2025-09-22T14:24:38","slug":"parazenteseklingen-myringotomie","status":"publish","type":"product","link":"https:\/\/gvbm.net\/index.php\/produkt\/parazenteseklingen-myringotomie\/","title":{"rendered":"Parazentesemesser mit verbundenem Handgriff (Myringotomie)"},"content":{"rendered":"<h4>Anwendungsbereiche<\/h4>\n<p>Unsere Parazentesemesser mit verbundenem Handgriff sind einmalverwendbare chirurgische Instrumente, die f\u00fcr die pr\u00e4zise Punktierung des Trommelfells (Membrana tympanica) im Rahmen einer Myringotomie eingesetzt werden. Zur Auswahl stehen verschiedene Schaft- und Klingenformen, je nach Operationsanforderung.<\/p>\n<h4>Material &amp; Form<\/h4>\n<ul>\n<li>Ergonomisch geformter, stabil verbundener Handgriff<\/li>\n<li>Scharfe, pr\u00e4zise Einwegklingen<\/li>\n<li>Verf\u00fcgbar in mehreren Klingen- und Schaftvarianten<\/li>\n<\/ul>\n<h4>Herstellung &amp; Zertifizierung<\/h4>\n<p>Der Herstellungs- sowie Sterilisationsprozess in den USA und CE-Zertifizierung durch <a href=\"http:\/\/dtrmedical.com\/products\/needle-holders\/\" target=\"_blank\" rel=\"noopener\">DTR medical Ltd.<\/a> gew\u00e4hrleisten hohe Stabilit\u00e4t, Bruchfestigkeit und eine saubere, anwenderoptimierte L\u00f6sung.\u00a0Weitere Informationen zu der Zertifizierung finden Sie <a href=\"https:\/\/gvbm.net\/index.php\/unternehmen\/qualitaet-zertifikate\/\">hier<\/a>.<\/p>\n","protected":false},"excerpt":{"rendered":"<p>Parazentesemesser mit verbundenem Handgriff zur pr\u00e4zisen Myringotomie (Trommelfellpunktion). Steril verpackt, verschiedene Formen verf\u00fcgbar, 6 St\u00fcck je Verkaufseinheit.<\/p>\n","protected":false},"featured_media":4110,"comment_status":"open","ping_status":"closed","template":"","meta":[],"product_cat":[1105,17],"product_tag":[],"class_list":{"0":"post-4107","1":"product","2":"type-product","3":"status-publish","4":"has-post-thumbnail","6":"product_cat-einmal-messer-hno","7":"product_cat-hno","9":"first","10":"instock","11":"shipping-taxable","12":"purchasable","13":"product-type-variable"},"_links":{"self":[{"href":"https:\/\/gvbm.net\/index.php\/wp-json\/wp\/v2\/product\/4107","targetHints":{"allow":["GET"]}}],"collection":[{"href":"https:\/\/gvbm.net\/index.php\/wp-json\/wp\/v2\/product"}],"about":[{"href":"https:\/\/gvbm.net\/index.php\/wp-json\/wp\/v2\/types\/product"}],"replies":[{"embeddable":true,"href":"https:\/\/gvbm.net\/index.php\/wp-json\/wp\/v2\/comments?post=4107"}],"wp:featuredmedia":[{"embeddable":true,"href":"https:\/\/gvbm.net\/index.php\/wp-json\/wp\/v2\/media\/4110"}],"wp:attachment":[{"href":"https:\/\/gvbm.net\/index.php\/wp-json\/wp\/v2\/media?parent=4107"}],"wp:term":[{"taxonomy":"product_cat","embeddable":true,"href":"https:\/\/gvbm.net\/index.php\/wp-json\/wp\/v2\/product_cat?post=4107"},{"taxonomy":"product_tag","embeddable":true,"href":"https:\/\/gvbm.net\/index.php\/wp-json\/wp\/v2\/product_tag?post=4107"}],"curies":[{"name":"wp","href":"https:\/\/api.w.org\/{rel}","templated":true}]}}