{"id":4111,"date":"2025-07-01T07:19:48","date_gmt":"2025-07-01T07:19:48","guid":{"rendered":"https:\/\/gvbm.net\/?post_type=product&#038;p=4111"},"modified":"2025-09-22T22:06:10","modified_gmt":"2025-09-22T22:06:10","slug":"sichelmesser","status":"publish","type":"product","link":"https:\/\/gvbm.net\/index.php\/produkt\/sichelmesser\/","title":{"rendered":"Sichelmesser"},"content":{"rendered":"<h4>Anwendungsbereiche<\/h4>\n<p>Unsere Sichelmesser sind einmalverwendbare chirurgische Instrumente f\u00fcr das pr\u00e4zise Schneiden und Pr\u00e4parieren von Gewebe. Typische Einsatzgebiete sind die Trommelfellrekonstruktion sowie operative Eingriffe am Steigb\u00fcgel. Je nach Anforderung stehen verschiedene Schaftformen zur Auswahl, um eine optimale Anpassung an den chirurgischen Zugang zu gew\u00e4hrleisten.<\/p>\n<h4>Material &amp; Form<\/h4>\n<ul>\n<li>Feine, gebogene Klingenform f\u00fcr pr\u00e4zise Schnitte<\/li>\n<li>Verschiedene Schaftformen verf\u00fcgbar<\/li>\n<li>Einweggebrauch zur Sicherstellung maximaler Hygiene<\/li>\n<\/ul>\n<h4>Herstellung &amp; Zertifizierung<\/h4>\n<p>Der Herstellungs- sowie Sterilisationsprozess in den USA und CE-Zertifizierung durch <a href=\"http:\/\/dtrmedical.com\/products\/needle-holders\/\" target=\"_blank\" rel=\"noopener\">DTR medical Ltd.<\/a> gew\u00e4hrleisten hohe Stabilit\u00e4t, Bruchfestigkeit und eine saubere, anwenderoptimierte L\u00f6sung.\u00a0Weitere Informationen zu der Zertifizierung finden Sie <a href=\"https:\/\/gvbm.net\/index.php\/unternehmen\/qualitaet-zertifikate\/\">hier<\/a>.<\/p>\n","protected":false},"excerpt":{"rendered":"<p>Sichelmesser-Einweg &#8211; Sichelmesser, steril verpackt.<\/p>\n","protected":false},"featured_media":4115,"comment_status":"open","ping_status":"closed","template":"","meta":[],"product_cat":[1105,17],"product_tag":[],"class_list":{"0":"post-4111","1":"product","2":"type-product","3":"status-publish","4":"has-post-thumbnail","6":"product_cat-einmal-messer-hno","7":"product_cat-hno","9":"first","10":"instock","11":"shipping-taxable","12":"purchasable","13":"product-type-variable"},"_links":{"self":[{"href":"https:\/\/gvbm.net\/index.php\/wp-json\/wp\/v2\/product\/4111","targetHints":{"allow":["GET"]}}],"collection":[{"href":"https:\/\/gvbm.net\/index.php\/wp-json\/wp\/v2\/product"}],"about":[{"href":"https:\/\/gvbm.net\/index.php\/wp-json\/wp\/v2\/types\/product"}],"replies":[{"embeddable":true,"href":"https:\/\/gvbm.net\/index.php\/wp-json\/wp\/v2\/comments?post=4111"}],"wp:featuredmedia":[{"embeddable":true,"href":"https:\/\/gvbm.net\/index.php\/wp-json\/wp\/v2\/media\/4115"}],"wp:attachment":[{"href":"https:\/\/gvbm.net\/index.php\/wp-json\/wp\/v2\/media?parent=4111"}],"wp:term":[{"taxonomy":"product_cat","embeddable":true,"href":"https:\/\/gvbm.net\/index.php\/wp-json\/wp\/v2\/product_cat?post=4111"},{"taxonomy":"product_tag","embeddable":true,"href":"https:\/\/gvbm.net\/index.php\/wp-json\/wp\/v2\/product_tag?post=4111"}],"curies":[{"name":"wp","href":"https:\/\/api.w.org\/{rel}","templated":true}]}}