{"id":4200,"date":"2025-08-18T13:25:23","date_gmt":"2025-08-18T13:25:23","guid":{"rendered":"https:\/\/gvbm.net\/?post_type=product&#038;p=4200"},"modified":"2025-09-22T14:27:17","modified_gmt":"2025-09-22T14:27:17","slug":"paukenroehrchen","status":"publish","type":"product","link":"https:\/\/gvbm.net\/index.php\/produkt\/paukenroehrchen\/","title":{"rendered":"Paukenr\u00f6hrchen"},"content":{"rendered":"<section class=\"section mcb-section the_content has_content\">\n<div class=\"section_wrapper\">\n<div class=\"the_content_wrapper \">\n<h4>Anwendungsbereiche<\/h4>\n<p>Unsere Paukenr\u00f6hrchen sind tempor\u00e4re Implantate im Trommelfell, die zur Bel\u00fcftung des Mittelohrs eingesetzt werden. Sie kommen vor allem bei einer Dysfunktion der Eustach\u2019schen R\u00f6hre oder wiederkehrenden Mittelohrentz\u00fcndungen zum Einsatz.<\/p>\n<h4>Material &amp; Form<\/h4>\n<p>Es stehen mehrere Gr\u00f6\u00dfen, Formen und Materialien (Fluoroplastik, Silikon, Titan) zur Auswahl.<\/p>\n<h4>Herstellung &amp; Zertifizierung<\/h4>\n<p>Der Herstellungs- sowie Sterilisationsprozess in Gro\u00dfbritannien durch <a href=\"http:\/\/dtrmedical.com\/products\/needle-holders\/\" target=\"_blank\" rel=\"noopener\">DTR medical Ltd.<\/a> gew\u00e4hrleisten hohe Stabilit\u00e4t, Bruchfestigkeit und eine saubere, anwenderoptimierte L\u00f6sung.\u00a0Das Produkt ist durch DTR medical Ltd. ISO 13485 und CE zertifiziert. Weitere Informationen zu der Zertifizierung finden Sie <a href=\"https:\/\/gvbm.net\/index.php\/unternehmen\/qualitaet-zertifikate\/\">hier<\/a>.<\/p>\n<\/div>\n<\/div>\n<\/section>\n","protected":false},"excerpt":{"rendered":"<p>Paukenr\u00f6hrchen zur tempor\u00e4ren Mittelohrbel\u00fcftung. Erh\u00e4ltlich in verschiedenen Formen &amp; Materialien. Steril verpackt, 10 St\u00fcck je Verkaufseinheit.<\/p>\n","protected":false},"featured_media":4226,"comment_status":"open","ping_status":"closed","template":"","meta":[],"product_cat":[17,1127],"product_tag":[],"class_list":{"0":"post-4200","1":"product","2":"type-product","3":"status-publish","4":"has-post-thumbnail","6":"product_cat-hno","7":"product_cat-paukenroehrchen-t-tube","9":"first","10":"instock","11":"shipping-taxable","12":"purchasable","13":"product-type-variable"},"_links":{"self":[{"href":"https:\/\/gvbm.net\/index.php\/wp-json\/wp\/v2\/product\/4200","targetHints":{"allow":["GET"]}}],"collection":[{"href":"https:\/\/gvbm.net\/index.php\/wp-json\/wp\/v2\/product"}],"about":[{"href":"https:\/\/gvbm.net\/index.php\/wp-json\/wp\/v2\/types\/product"}],"replies":[{"embeddable":true,"href":"https:\/\/gvbm.net\/index.php\/wp-json\/wp\/v2\/comments?post=4200"}],"wp:featuredmedia":[{"embeddable":true,"href":"https:\/\/gvbm.net\/index.php\/wp-json\/wp\/v2\/media\/4226"}],"wp:attachment":[{"href":"https:\/\/gvbm.net\/index.php\/wp-json\/wp\/v2\/media?parent=4200"}],"wp:term":[{"taxonomy":"product_cat","embeddable":true,"href":"https:\/\/gvbm.net\/index.php\/wp-json\/wp\/v2\/product_cat?post=4200"},{"taxonomy":"product_tag","embeddable":true,"href":"https:\/\/gvbm.net\/index.php\/wp-json\/wp\/v2\/product_tag?post=4200"}],"curies":[{"name":"wp","href":"https:\/\/api.w.org\/{rel}","templated":true}]}}