{"id":4230,"date":"2025-08-19T08:49:26","date_gmt":"2025-08-19T08:49:26","guid":{"rendered":"https:\/\/gvbm.net\/?post_type=product&#038;p=4230"},"modified":"2025-09-05T20:03:53","modified_gmt":"2025-09-05T20:03:53","slug":"externe-nasenschiene-aus-thermoplastik","status":"publish","type":"product","link":"https:\/\/gvbm.net\/index.php\/produkt\/externe-nasenschiene-aus-thermoplastik\/","title":{"rendered":"Externe Nasenschiene aus Thermoplastik"},"content":{"rendered":"<section class=\"section mcb-section the_content has_content\">\n<div class=\"section_wrapper\">\n<div class=\"the_content_wrapper \">\n<h4>Anwendungsbereiche<\/h4>\n<p>Unsere externe Nasenschiene aus Thermoplastik wird zur Stabilisierung der Nasengewebestrukturen nach chirurgischen Eingriffen, wie z. B. einer Rhinoplastik, eingesetzt.<\/p>\n<h4>Material &amp; Form<\/h4>\n<p>Die rigide Thermoplastik-Nasenschiene kann durch Erw\u00e4rmung in hei\u00dfem Wasser erweicht und anschlie\u00dfend individuell an die Nasenform des Patienten angepasst werden.<br \/>\nZus\u00e4tzlich lassen sich die R\u00e4nder manuell k\u00fcrzen, um die Gr\u00f6\u00dfe optimal abzustimmen.<\/p>\n<p>Die Nasenschienen sind einzeln oder im Set erh\u00e4ltlich. Ein Set enth\u00e4lt je Nasenschiene:<\/p>\n<ul>\n<li>2 vorgeschnittene Protecto-Streifen<\/li>\n<li>1 Alkoholtupfer<\/li>\n<li>1 SKIN-PREP Hautschutztuch<\/li>\n<li>1 nasenseitiges Polster<\/li>\n<\/ul>\n<h4>Herstellung &amp; Zertifizierung<\/h4>\n<p><a name=\"_GoBack\"><\/a>Der Herstellungs- sowie Sterilisationsprozess\u00a0durch <a href=\"https:\/\/innoviamedical.com\/\" target=\"_blank\" rel=\"noopener\">Innovia Medical<\/a> gew\u00e4hrleisten eine saubere, anwenderoptimierte L\u00f6sung. Das Produkt ist durch DTR Medical Ltd. ISO 13485 und CE zertifiziert. Weitere Informationen zu der Zertifizierung finden Sie <a href=\"https:\/\/gvbm.net\/index.php\/unternehmen\/qualitaet-zertifikate\/\">hier<\/a>.<\/p>\n<\/div>\n<\/div>\n<\/section>\n","protected":false},"excerpt":{"rendered":"<p>Externe Nasenschiene \u2013 Einweg-Thermoplastik-Nasenschiene f\u00fcr die postoperative Stabilisierung nach Rhinoplastik, individuell formbar, steril verpackt, 10 Stk je Verkaufseinheit<\/p>\n","protected":false},"featured_media":4248,"comment_status":"open","ping_status":"closed","template":"","meta":[],"product_cat":[17,1128],"product_tag":[],"class_list":{"0":"post-4230","1":"product","2":"type-product","3":"status-publish","4":"has-post-thumbnail","6":"product_cat-hno","7":"product_cat-nasenschienen","9":"first","10":"instock","11":"shipping-taxable","12":"purchasable","13":"product-type-variable"},"_links":{"self":[{"href":"https:\/\/gvbm.net\/index.php\/wp-json\/wp\/v2\/product\/4230","targetHints":{"allow":["GET"]}}],"collection":[{"href":"https:\/\/gvbm.net\/index.php\/wp-json\/wp\/v2\/product"}],"about":[{"href":"https:\/\/gvbm.net\/index.php\/wp-json\/wp\/v2\/types\/product"}],"replies":[{"embeddable":true,"href":"https:\/\/gvbm.net\/index.php\/wp-json\/wp\/v2\/comments?post=4230"}],"wp:featuredmedia":[{"embeddable":true,"href":"https:\/\/gvbm.net\/index.php\/wp-json\/wp\/v2\/media\/4248"}],"wp:attachment":[{"href":"https:\/\/gvbm.net\/index.php\/wp-json\/wp\/v2\/media?parent=4230"}],"wp:term":[{"taxonomy":"product_cat","embeddable":true,"href":"https:\/\/gvbm.net\/index.php\/wp-json\/wp\/v2\/product_cat?post=4230"},{"taxonomy":"product_tag","embeddable":true,"href":"https:\/\/gvbm.net\/index.php\/wp-json\/wp\/v2\/product_tag?post=4230"}],"curies":[{"name":"wp","href":"https:\/\/api.w.org\/{rel}","templated":true}]}}