{"id":4278,"date":"2025-08-20T09:15:16","date_gmt":"2025-08-20T09:15:16","guid":{"rendered":"https:\/\/gvbm.net\/?post_type=product&#038;p=4278"},"modified":"2025-09-12T13:45:44","modified_gmt":"2025-09-12T13:45:44","slug":"interne-nasenschiene-aus-silikon","status":"publish","type":"product","link":"https:\/\/gvbm.net\/index.php\/produkt\/interne-nasenschiene-aus-silikon\/","title":{"rendered":"Interne Nasenschiene aus Silikon"},"content":{"rendered":"<h4>Anwendungsbereiche<\/h4>\n<p>Unsere interne Nasenschiene aus Silikon wird zur Stabilisierung der Nasengewebestrukturen nach operativen Eingriffen wie z. B. einer Rhinoplastik eingesetzt.<\/p>\n<h4>Material &amp; Form<\/h4>\n<p>Das weiche Silikon bietet hohen Patientenkomfort sowie einen leichten Einsatz und eine schonende Entfernung nach der Operation. Vorgestanzte Nahtl\u00f6cher erm\u00f6glichen eine sichere Fixierung. Je nach Anforderung stehen Nasenschienen mit oder ohne integrierte Luftwege zur Verf\u00fcgung. Die Schienen sind paarweise verpackt.<\/p>\n<h4>Herstellung &amp; Zertifizierung<\/h4>\n<p><a name=\"_GoBack\"><\/a>Der Herstellungs- sowie Sterilisationsprozess\u00a0durch <a href=\"https:\/\/innoviamedical.com\/\" target=\"_blank\" rel=\"noopener\">Innovia Medical<\/a> gew\u00e4hrleisten eine saubere, anwenderoptimierte L\u00f6sung. Das Produkt ist durch DTR Medical Ltd. ISO 13485 und CE zertifiziert. Weitere Informationen zu der Zertifizierung finden Sie <a href=\"https:\/\/gvbm.net\/index.php\/unternehmen\/qualitaet-zertifikate\/\">hier<\/a>.<\/p>\n","protected":false},"excerpt":{"rendered":"<p>Interne Nasenschiene aus Silikon \u2013 Einweg-Nasenschiene mit oder ohne integrierte Luftwege, paarweise steril verpackt, 50 Paare je Verkaufseinheit<\/p>\n","protected":false},"featured_media":4283,"comment_status":"open","ping_status":"closed","template":"","meta":[],"product_cat":[17,1128],"product_tag":[],"class_list":{"0":"post-4278","1":"product","2":"type-product","3":"status-publish","4":"has-post-thumbnail","6":"product_cat-hno","7":"product_cat-nasenschienen","9":"first","10":"instock","11":"shipping-taxable","12":"purchasable","13":"product-type-variable"},"_links":{"self":[{"href":"https:\/\/gvbm.net\/index.php\/wp-json\/wp\/v2\/product\/4278","targetHints":{"allow":["GET"]}}],"collection":[{"href":"https:\/\/gvbm.net\/index.php\/wp-json\/wp\/v2\/product"}],"about":[{"href":"https:\/\/gvbm.net\/index.php\/wp-json\/wp\/v2\/types\/product"}],"replies":[{"embeddable":true,"href":"https:\/\/gvbm.net\/index.php\/wp-json\/wp\/v2\/comments?post=4278"}],"wp:featuredmedia":[{"embeddable":true,"href":"https:\/\/gvbm.net\/index.php\/wp-json\/wp\/v2\/media\/4283"}],"wp:attachment":[{"href":"https:\/\/gvbm.net\/index.php\/wp-json\/wp\/v2\/media?parent=4278"}],"wp:term":[{"taxonomy":"product_cat","embeddable":true,"href":"https:\/\/gvbm.net\/index.php\/wp-json\/wp\/v2\/product_cat?post=4278"},{"taxonomy":"product_tag","embeddable":true,"href":"https:\/\/gvbm.net\/index.php\/wp-json\/wp\/v2\/product_tag?post=4278"}],"curies":[{"name":"wp","href":"https:\/\/api.w.org\/{rel}","templated":true}]}}