{"id":4286,"date":"2025-08-20T12:14:40","date_gmt":"2025-08-20T12:14:40","guid":{"rendered":"https:\/\/gvbm.net\/?post_type=product&#038;p=4286"},"modified":"2025-09-12T13:42:53","modified_gmt":"2025-09-12T13:42:53","slug":"interne-nasenschiene-aus-fluoroplastik","status":"publish","type":"product","link":"https:\/\/gvbm.net\/index.php\/produkt\/interne-nasenschiene-aus-fluoroplastik\/","title":{"rendered":"Interne Nasenschiene aus Fluoroplastik"},"content":{"rendered":"<h4>Anwendungsbereiche<\/h4>\n<p>Unsere interne Nasenschiene aus Fluoroplastik wird zur Stabilisierung der Nasengewebestrukturen nach operativen Eingriffen wie z. B. einer Rhinoplastik eingesetzt.<\/p>\n<h4>Material &amp; Form<\/h4>\n<p>Die Non-Stick-Oberfl\u00e4che minimiert Adh\u00e4sionen und Verletzungen bei der Entfernung der Schiene. Vorgestanzte Nahtl\u00f6cher erm\u00f6glichen eine sichere Fixierung.<\/p>\n<h4>Herstellung &amp; Zertifizierung<\/h4>\n<p><a name=\"_GoBack\"><\/a>Der Herstellungs- sowie Sterilisationsprozess\u00a0durch <a href=\"https:\/\/innoviamedical.com\/\" target=\"_blank\" rel=\"noopener\">Innovia Medical<\/a> gew\u00e4hrleisten eine saubere, anwenderoptimierte L\u00f6sung. Das Produkt ist durch DTR Medical Ltd. ISO 13485 und CE zertifiziert. Weitere Informationen zu der Zertifizierung finden Sie <a href=\"https:\/\/gvbm.net\/index.php\/unternehmen\/qualitaet-zertifikate\/\">hier<\/a>.<\/p>\n","protected":false},"excerpt":{"rendered":"<p>Interne Nasenschiene aus Fluoroplastik \u2013 Einweg-Nasenschiene, mit Non-Stick-Oberfl\u00e4che und vorgestanzten Nahtl\u00f6chern, steril verpackt, 10 Stk je Verkaufseinheit<\/p>\n","protected":false},"featured_media":4291,"comment_status":"open","ping_status":"closed","template":"","meta":[],"product_cat":[17,1128],"product_tag":[],"class_list":{"0":"post-4286","1":"product","2":"type-product","3":"status-publish","4":"has-post-thumbnail","6":"product_cat-hno","7":"product_cat-nasenschienen","9":"first","10":"instock","11":"shipping-taxable","12":"purchasable","13":"product-type-variable"},"_links":{"self":[{"href":"https:\/\/gvbm.net\/index.php\/wp-json\/wp\/v2\/product\/4286","targetHints":{"allow":["GET"]}}],"collection":[{"href":"https:\/\/gvbm.net\/index.php\/wp-json\/wp\/v2\/product"}],"about":[{"href":"https:\/\/gvbm.net\/index.php\/wp-json\/wp\/v2\/types\/product"}],"replies":[{"embeddable":true,"href":"https:\/\/gvbm.net\/index.php\/wp-json\/wp\/v2\/comments?post=4286"}],"wp:featuredmedia":[{"embeddable":true,"href":"https:\/\/gvbm.net\/index.php\/wp-json\/wp\/v2\/media\/4291"}],"wp:attachment":[{"href":"https:\/\/gvbm.net\/index.php\/wp-json\/wp\/v2\/media?parent=4286"}],"wp:term":[{"taxonomy":"product_cat","embeddable":true,"href":"https:\/\/gvbm.net\/index.php\/wp-json\/wp\/v2\/product_cat?post=4286"},{"taxonomy":"product_tag","embeddable":true,"href":"https:\/\/gvbm.net\/index.php\/wp-json\/wp\/v2\/product_tag?post=4286"}],"curies":[{"name":"wp","href":"https:\/\/api.w.org\/{rel}","templated":true}]}}