{"id":4292,"date":"2025-08-20T14:17:18","date_gmt":"2025-08-20T14:17:18","guid":{"rendered":"https:\/\/gvbm.net\/?post_type=product&#038;p=4292"},"modified":"2025-09-22T14:45:38","modified_gmt":"2025-09-22T14:45:38","slug":"rotierbare-einwegstanze","status":"publish","type":"product","link":"https:\/\/gvbm.net\/index.php\/produkt\/rotierbare-einwegstanze\/","title":{"rendered":"Rotierbare Einwegstanze f\u00fcr orale Inzisionsbiopsie"},"content":{"rendered":"<h4>Anwendungsbereiche<\/h4>\n<p>Unsere rotierbare Probeentnahme-Zange ist ein innovatives einmalverwendbares chirurgisches Instrument, welches f\u00fcr das Entnehmen von <a href=\"https:\/\/www.netdoktor.de\/diagnostik\/biopsie\/\" target=\"_blank\" rel=\"noopener\">Gewebeproben<\/a> der Mundschleimhaut, der Mandeln, dem Gaumen und der Zunge im Zuge einer histologischen Untersuchung verwendet wird.<\/p>\n<p>Die messerscharfe Schneide am oberen Maulteil ist h\u00e4rter als Titan, ultra-scharf und passt exakt in den unteren Maulkorb, wodurch ein einfacher, sauberer Schnitt durch das m\u00f6glicherweise verh\u00e4rtete Gewebe ohne Schwierigkeiten durchgef\u00fchrt werden kann. Das flache Mauldesign und die Rotierbarkeit des Mauls erm\u00f6glicht das Entnehmen von Gewebe aus Stellen, die schwer zug\u00e4nglich und weit hinten im Rachen oder Mundraum liegen.<\/p>\n<p><a name=\"_GoBack\"><\/a>Der Einmalgebrauch des Instruments garantiert eine 100%-eindeutige <a href=\"https:\/\/www.eurocytology.eu\/de\/course\/929\" target=\"_blank\" rel=\"noopener\">Histologie<\/a> und damit Vermeidung wiederholter Probeentnahmen.<\/p>\n<h4>Herstellung &amp; Zertifizierung<\/h4>\n<p>Der Herstellungs- sowie Sterilisationsprozess in Gro\u00dfbritannien durch <a href=\"http:\/\/dtrmedical.com\/products\/needle-holders\/\" target=\"_blank\" rel=\"noopener\">DTR medical Ltd.<\/a> gew\u00e4hrleisten hohe Stabilit\u00e4t, Bruchfestigkeit und eine saubere, anwenderoptimierte L\u00f6sung.\u00a0Das Produkt ist durch DTR medical Ltd. ISO 13485 und CE zertifiziert. Weitere Informationen zu der Zertifizierung finden Sie <a href=\"https:\/\/gvbm.net\/index.php\/unternehmen\/qualitaet-zertifikate\/\">hier<\/a>.<\/p>\n","protected":false},"excerpt":{"rendered":"<p>Rotierbare Einwegstanze -Einmal-Produkt, Biospiemaul 3,6\u202fmm \u00d7 5,2\u202fmm, steril verpackt, 10 St\u00fcck je Verkaufseinheit.<\/p>\n","protected":false},"featured_media":4295,"comment_status":"open","ping_status":"closed","template":"","meta":[],"product_cat":[17,1129],"product_tag":[],"class_list":{"0":"post-4292","1":"product","2":"type-product","3":"status-publish","4":"has-post-thumbnail","6":"product_cat-hno","7":"product_cat-rotierbare-einwegstanze-fuer-orale-inzisionsbiopsie","9":"first","10":"instock","11":"shipping-taxable","12":"purchasable","13":"product-type-variable"},"_links":{"self":[{"href":"https:\/\/gvbm.net\/index.php\/wp-json\/wp\/v2\/product\/4292","targetHints":{"allow":["GET"]}}],"collection":[{"href":"https:\/\/gvbm.net\/index.php\/wp-json\/wp\/v2\/product"}],"about":[{"href":"https:\/\/gvbm.net\/index.php\/wp-json\/wp\/v2\/types\/product"}],"replies":[{"embeddable":true,"href":"https:\/\/gvbm.net\/index.php\/wp-json\/wp\/v2\/comments?post=4292"}],"wp:featuredmedia":[{"embeddable":true,"href":"https:\/\/gvbm.net\/index.php\/wp-json\/wp\/v2\/media\/4295"}],"wp:attachment":[{"href":"https:\/\/gvbm.net\/index.php\/wp-json\/wp\/v2\/media?parent=4292"}],"wp:term":[{"taxonomy":"product_cat","embeddable":true,"href":"https:\/\/gvbm.net\/index.php\/wp-json\/wp\/v2\/product_cat?post=4292"},{"taxonomy":"product_tag","embeddable":true,"href":"https:\/\/gvbm.net\/index.php\/wp-json\/wp\/v2\/product_tag?post=4292"}],"curies":[{"name":"wp","href":"https:\/\/api.w.org\/{rel}","templated":true}]}}