{"id":4314,"date":"2025-08-29T21:25:39","date_gmt":"2025-08-29T21:25:39","guid":{"rendered":"https:\/\/gvbm.net\/?post_type=product&#038;p=4314"},"modified":"2026-04-24T21:08:16","modified_gmt":"2026-04-24T21:08:16","slug":"medgyn-endosampler-i-ii","status":"publish","type":"product","link":"https:\/\/gvbm.net\/index.php\/produkt\/medgyn-endosampler-i-ii\/","title":{"rendered":"MedGyn Endosampler I &#038; II &#8211; Saugk\u00fcrette f\u00fcr Endometriumbiopsie"},"content":{"rendered":"<section class=\"section mcb-section the_content has_content\">\n<div class=\"section_wrapper\">\n<div class=\"the_content_wrapper \">\n<h4>Anwendungsbereiche<\/h4>\n<p>Der MedGyn Endosampler I &amp; II ist eine einmalverwendbare Saugk\u00fcrette f\u00fcr Endometriumbiopsie.<br \/>\nEr dient der Entnahme von Endometrium-<a href=\"https:\/\/www.netdoktor.de\/diagnostik\/biopsie\/\" target=\"_blank\" rel=\"noopener\">Gewebeproben<\/a> im Zuge einer Krebsdiagnostik oder Fruchtbarkeitsuntersuchung.<br \/>\nDie Anwendung kann ohne An\u00e4sthetikum erfolgen und erm\u00f6glicht eine einfache, saubere und schmerzarme Entnahme.<\/p>\n<p>Die tropfenf\u00f6rmige \u00d6ffnung am K\u00fcrettenende erlaubt Scraping und Aspiration in einem Arbeitsschritt.<br \/>\nDank der Steifigkeit des Biopsierohrs l\u00e4sst sich das Instrument stabil und sicher in den Uterus einf\u00fchren.<\/p>\n<p>Besonders praktisch: Der Sog wird \u00fcber eine 10 cc Einmalspritze erzeugt, die w\u00e4hrend der Anwendung abgeschraubt werden kann, ohne das K\u00fcrettenrohr zu entfernen. Dadurch sind mehrere Proben hintereinander m\u00f6glich, ohne erneutes Einf\u00fchren.<\/p>\n<h4>Material &amp; Form<\/h4>\n<ul>\n<li>Biopsierohr: 3 mm Durchmesser, 135 mm Arbeitsl\u00e4nge<\/li>\n<li>Tropfenf\u00f6rmige \u00d6ffnung f\u00fcr Aspiration &amp; Scraping<\/li>\n<li>Stabil und flexibel zugleich<\/li>\n<li>Mit 10 cc Einmalspritze f\u00fcr kontrollierte Probenentnahme<\/li>\n<\/ul>\n<h4>Herstellung &amp; Zertifizierung<\/h4>\n<p>Der Herstellungs- sowie Sterilisationsprozess in Gro\u00dfbritannien durch <a href=\"http:\/\/dtrmedical.com\/products\/needle-holders\/\" target=\"_blank\" rel=\"noopener\">DTR medical Ltd.<\/a> gew\u00e4hrleisten hohe Stabilit\u00e4t, Bruchfestigkeit und eine saubere, anwenderoptimierte L\u00f6sung.\u00a0Das Produkt ist durch DTR medical Ltd. ISO 13485 und CE zertifiziert. Weitere Informationen zu der Zertifizierung finden Sie <a href=\"https:\/\/gvbm.net\/index.php\/unternehmen\/qualitaet-zertifikate\/\">hier<\/a>.<\/p>\n<\/div>\n<\/div>\n<\/section>\n<div class=\"notranslate\" style=\"all: initial;\"><\/div>\n","protected":false},"excerpt":{"rendered":"<p>MedGyn Endosampler I &amp; II Einmal-Saugk\u00fcrette mit 10cc Spritze f\u00fcr Endometriumbiopsie. Stabil, einfach anwendbar, steril verpackt, 25 St\u00fcck je Verkaufseinheit.<\/p>\n","protected":false},"featured_media":4315,"comment_status":"open","ping_status":"closed","template":"","meta":[],"product_cat":[139,498],"product_tag":[],"class_list":{"0":"post-4314","1":"product","2":"type-product","3":"status-publish","4":"has-post-thumbnail","6":"product_cat-gynaekologie","7":"product_cat-pe-zange-gynaekologie-hpv","9":"first","10":"instock","11":"shipping-taxable","12":"purchasable","13":"product-type-variable"},"_links":{"self":[{"href":"https:\/\/gvbm.net\/index.php\/wp-json\/wp\/v2\/product\/4314","targetHints":{"allow":["GET"]}}],"collection":[{"href":"https:\/\/gvbm.net\/index.php\/wp-json\/wp\/v2\/product"}],"about":[{"href":"https:\/\/gvbm.net\/index.php\/wp-json\/wp\/v2\/types\/product"}],"replies":[{"embeddable":true,"href":"https:\/\/gvbm.net\/index.php\/wp-json\/wp\/v2\/comments?post=4314"}],"wp:featuredmedia":[{"embeddable":true,"href":"https:\/\/gvbm.net\/index.php\/wp-json\/wp\/v2\/media\/4315"}],"wp:attachment":[{"href":"https:\/\/gvbm.net\/index.php\/wp-json\/wp\/v2\/media?parent=4314"}],"wp:term":[{"taxonomy":"product_cat","embeddable":true,"href":"https:\/\/gvbm.net\/index.php\/wp-json\/wp\/v2\/product_cat?post=4314"},{"taxonomy":"product_tag","embeddable":true,"href":"https:\/\/gvbm.net\/index.php\/wp-json\/wp\/v2\/product_tag?post=4314"}],"curies":[{"name":"wp","href":"https:\/\/api.w.org\/{rel}","templated":true}]}}