{"id":4322,"date":"2025-08-30T08:27:00","date_gmt":"2025-08-30T08:27:00","guid":{"rendered":"https:\/\/gvbm.net\/?post_type=product&#038;p=4322"},"modified":"2025-09-20T23:17:17","modified_gmt":"2025-09-20T23:17:17","slug":"medgyn-pipette-saugkuerette-fuer-endometriumbiopsie","status":"publish","type":"product","link":"https:\/\/gvbm.net\/index.php\/produkt\/medgyn-pipette-saugkuerette-fuer-endometriumbiopsie\/","title":{"rendered":"MedGyn Pipette &#8211; Saugk\u00fcrette f\u00fcr Endometriumbiopsie"},"content":{"rendered":"<section class=\"section mcb-section the_content has_content\">\n<div class=\"section_wrapper\">\n<div class=\"the_content_wrapper \">\n<h4>Anwendungsbereiche<\/h4>\n<p>Unsere MedGyn Pipette f\u00fcr Endometriumbiopsie ist ein einmalverwendbares chirurgisches Instrument, welches f\u00fcr das Entnehmen von <a href=\"https:\/\/www.netdoktor.de\/diagnostik\/biopsie\/\" target=\"_blank\" rel=\"noopener\">Gewebeproben<\/a> des Endometrium im Uterus im Zuge einer Krebs- oder Fruchtbarkeitsuntersuchung verwendet wird. Die Anwendung kann ohne An\u00e4sthetikum erfolgen.<\/p>\n<p>Die tropfenf\u00f6rmige \u00d6ffnung am Saugk\u00fcrettenende erm\u00f6glicht Aspiration von Endometrium mit minimalem Unwohlgef\u00fchl der Patientin. Die Steifigkeit des K\u00fcrettenrohrs gibt dem Instrument die n\u00f6tige Stabilit\u00e4t, um es schnell und einfach in den Uterus einf\u00fchren zu k\u00f6nnen.<\/p>\n<p>Der Sog wird durch einen skalierten Sogkolben erzeugt.<\/p>\n<h4>Herstellung &amp; Zertifizierung<\/h4>\n<p>Der Herstellungs- sowie Sterilisationsprozess in Gro\u00dfbritannien durch <a href=\"http:\/\/dtrmedical.com\/products\/needle-holders\/\" target=\"_blank\" rel=\"noopener\">DTR medical Ltd.<\/a> gew\u00e4hrleisten hohe Stabilit\u00e4t, Bruchfestigkeit und eine saubere, anwenderoptimierte L\u00f6sung.\u00a0Das Produkt ist durch DTR medical Ltd. ISO 13485 und CE zertifiziert. Weitere Informationen zu der Zertifizierung finden Sie <a href=\"https:\/\/gvbm.net\/index.php\/unternehmen\/qualitaet-zertifikate\/\">hier<\/a>.<\/p>\n<\/div>\n<\/div>\n<\/section>\n","protected":false},"excerpt":{"rendered":"<p>MedGyn Pipette &#8211; Saugk\u00fcrette f\u00fcr Endometriumbiopsie mit integriertem Kolben, minimal belastend, steril verpackt, 25 St\u00fcck je Verkaufseinheit.<\/p>\n","protected":false},"featured_media":4324,"comment_status":"open","ping_status":"closed","template":"","meta":[],"product_cat":[139,498],"product_tag":[],"class_list":{"0":"post-4322","1":"product","2":"type-product","3":"status-publish","4":"has-post-thumbnail","6":"product_cat-gynaekologie","7":"product_cat-pe-zange-gynaekologie-hpv","9":"first","10":"instock","11":"shipping-taxable","12":"purchasable","13":"product-type-simple"},"_links":{"self":[{"href":"https:\/\/gvbm.net\/index.php\/wp-json\/wp\/v2\/product\/4322","targetHints":{"allow":["GET"]}}],"collection":[{"href":"https:\/\/gvbm.net\/index.php\/wp-json\/wp\/v2\/product"}],"about":[{"href":"https:\/\/gvbm.net\/index.php\/wp-json\/wp\/v2\/types\/product"}],"replies":[{"embeddable":true,"href":"https:\/\/gvbm.net\/index.php\/wp-json\/wp\/v2\/comments?post=4322"}],"wp:featuredmedia":[{"embeddable":true,"href":"https:\/\/gvbm.net\/index.php\/wp-json\/wp\/v2\/media\/4324"}],"wp:attachment":[{"href":"https:\/\/gvbm.net\/index.php\/wp-json\/wp\/v2\/media?parent=4322"}],"wp:term":[{"taxonomy":"product_cat","embeddable":true,"href":"https:\/\/gvbm.net\/index.php\/wp-json\/wp\/v2\/product_cat?post=4322"},{"taxonomy":"product_tag","embeddable":true,"href":"https:\/\/gvbm.net\/index.php\/wp-json\/wp\/v2\/product_tag?post=4322"}],"curies":[{"name":"wp","href":"https:\/\/api.w.org\/{rel}","templated":true}]}}