{"id":4326,"date":"2025-08-30T09:48:56","date_gmt":"2025-08-30T09:48:56","guid":{"rendered":"https:\/\/gvbm.net\/?post_type=product&#038;p=4326"},"modified":"2026-01-09T09:14:40","modified_gmt":"2026-01-09T09:14:40","slug":"latexfreier-ring-pessar-aus-silikon","status":"publish","type":"product","link":"https:\/\/gvbm.net\/index.php\/produkt\/latexfreier-ring-pessar-aus-silikon\/","title":{"rendered":"Latexfreier Ring-Pessar aus Silikon"},"content":{"rendered":"<section class=\"section mcb-section the_content has_content\">\n<div class=\"section_wrapper\">\n<div class=\"the_content_wrapper \">\n<h4>Anwendungsbereiche<\/h4>\n<p>Der latexfreie Ring-Pessar aus Silikon ist ein st\u00fctzender Torus, der zur Stabilisierung der Beckenbodenorgane wie Geb\u00e4rmutter und Blase eingesetzt wird. Er kann bei Uterus-Prolaps und Inkontinenz eine therapeutische Wirkung entfalten.<br \/>\nDas vaginale Einsetzen erfolgt ausschlie\u00dflich durch daf\u00fcr ausgebildetes medizinisches Fachpersonal.<\/p>\n<h4>Material &amp; Form<\/h4>\n<p>Der Pessarring besteht aus Medical Grade Silikon und ist vollst\u00e4ndig latexfrei, um ideale Biokompatibilit\u00e4t gew\u00e4hrleisten zu k\u00f6nnen. Es stehen verschiedene Ring-Au\u00dfendurchmesser zur Verf\u00fcgung.<\/p>\n<h4>Herstellung &amp; Zertifizierung<\/h4>\n<p>Der Herstellungs- sowie Sterilisationsprozess in Italien durch <a href=\"http:\/\/www.medeurope.eu\/products\/sterile-disposable-surgical-transducer\" target=\"_blank\" rel=\"noopener\">Med Europe s.r.l.<\/a> gew\u00e4hrleisten hohe Qualit\u00e4t und eine saubere, anwenderoptimierte L\u00f6sung. Das Produkt ist durch Med Europe s.r.l. ISO 13485 und CE zertifiziert. Weitere Informationen zu der Zertifizierung finden Sie <a href=\"https:\/\/gvbm.net\/index.php\/unternehmen\/qualitaet-zertifikate\/\">hier<\/a>.<\/p>\n<\/div>\n<\/div>\n<\/section>\n","protected":false},"excerpt":{"rendered":"<p>Latexfreier Ring-Pessar aus Silikon \u2013 zur Stabilisierung bei Uterus-Prolaps und Inkontinenz, steril verpackt, 1 St\u00fcck je Verkaufseinheit<\/p>\n","protected":false},"featured_media":4328,"comment_status":"open","ping_status":"closed","template":"","meta":[],"product_cat":[139,1130],"product_tag":[],"class_list":{"0":"post-4326","1":"product","2":"type-product","3":"status-publish","4":"has-post-thumbnail","6":"product_cat-gynaekologie","7":"product_cat-pessare","9":"first","10":"instock","11":"shipping-taxable","12":"purchasable","13":"product-type-variable"},"_links":{"self":[{"href":"https:\/\/gvbm.net\/index.php\/wp-json\/wp\/v2\/product\/4326","targetHints":{"allow":["GET"]}}],"collection":[{"href":"https:\/\/gvbm.net\/index.php\/wp-json\/wp\/v2\/product"}],"about":[{"href":"https:\/\/gvbm.net\/index.php\/wp-json\/wp\/v2\/types\/product"}],"replies":[{"embeddable":true,"href":"https:\/\/gvbm.net\/index.php\/wp-json\/wp\/v2\/comments?post=4326"}],"wp:featuredmedia":[{"embeddable":true,"href":"https:\/\/gvbm.net\/index.php\/wp-json\/wp\/v2\/media\/4328"}],"wp:attachment":[{"href":"https:\/\/gvbm.net\/index.php\/wp-json\/wp\/v2\/media?parent=4326"}],"wp:term":[{"taxonomy":"product_cat","embeddable":true,"href":"https:\/\/gvbm.net\/index.php\/wp-json\/wp\/v2\/product_cat?post=4326"},{"taxonomy":"product_tag","embeddable":true,"href":"https:\/\/gvbm.net\/index.php\/wp-json\/wp\/v2\/product_tag?post=4326"}],"curies":[{"name":"wp","href":"https:\/\/api.w.org\/{rel}","templated":true}]}}