{"id":4412,"date":"2025-10-09T14:37:55","date_gmt":"2025-10-09T14:37:55","guid":{"rendered":"https:\/\/gvbm.net\/?post_type=product&#038;p=4412"},"modified":"2026-02-11T08:37:09","modified_gmt":"2026-02-11T08:37:09","slug":"bouquet-einweg-vaginalspekulum","status":"publish","type":"product","link":"https:\/\/gvbm.net\/index.php\/produkt\/bouquet-einweg-vaginalspekulum\/","title":{"rendered":"Bouquet Einweg-Vaginalspekulum"},"content":{"rendered":"<section class=\"section mcb-section the_content has_content\">\n<div class=\"section_wrapper\">\n<div class=\"the_content_wrapper \">\n<h4>Anwendungsbereiche<\/h4>\n<p class=\"ds-markdown-paragraph\">Unser einmal verwendbares Bouquet-Vaginalspekulum ist das ideale Instrument f\u00fcr die gyn\u00e4kologische Untersuchung und erleichtert das schonende Aufspreizen der Vagina. Der entscheidende Vorteil liegt in der einzigartigen, radialen 5-bl\u00e4ttrigen \u00d6ffnung, die sich gleichm\u00e4\u00dfig um die Portio legt.<\/p>\n<p class=\"ds-markdown-paragraph\">Im Gegensatz zu herk\u00f6mmlichen Spekula, die oft nur eine eingeschr\u00e4nkte Sicht bieten, gew\u00e4hrleistet unsere 360\u00b0-\u00d6ffnung eine vollst\u00e4ndige \u00dcbersicht \u00fcber den Geb\u00e4rmutterhals (Zervix). Dies ist insbesondere f\u00fcr die Fr\u00fcherkennung von Zervixkarzinomen und die Diagnose von Dysplasien von kritischer Bedeutung, da seitliche Scheidenw\u00e4nde \u2013 besonders bei schlaffem Beckenbodengewebe \u2013 die Sicht nicht mehr verdecken.<\/p>\n<p class=\"ds-markdown-paragraph\">F\u00fcr eine pr\u00e4zise und individuelle Anpassung verf\u00fcgt das Spekulum \u00fcber einen praktischen Stufenspanner. Dieser erm\u00f6glicht die Einstellung verschiedener \u00d6ffnungswinkel mit entsprechenden Spitzendurchmessern von 1,0 cm bis 3,5 cm. So l\u00e4sst sich das Instrument optimal an die Anatomie der Patientin und die Gr\u00f6\u00dfe der Portio anpassen, was den Komfort w\u00e4hrend der gyn\u00e4kologischen Untersuchung signifikant steigert.<\/p>\n<p class=\"ds-markdown-paragraph\"><strong>Vorteile auf einen Blick:<\/strong><\/p>\n<ul>\n<li>\n<p class=\"ds-markdown-paragraph\"><strong>Hervorragende Sicht:<\/strong> 360\u00b0-Blick auf die Zervix f\u00fcr verbesserte <strong>Diagnosesicherheit<\/strong>.<\/p>\n<\/li>\n<li>\n<p class=\"ds-markdown-paragraph\"><strong>Maximierter Patientinnenkomfort:<\/strong> Die radiale \u00d6ffnungstechnik reduziert Druck und Unbehagen.<\/p>\n<\/li>\n<li>\n<p class=\"ds-markdown-paragraph\"><strong>Einfache Handhabung:<\/strong> Pr\u00e4zise Einstellung der Weite \u00fcber den Stufenspanner.<\/p>\n<\/li>\n<li>\n<p class=\"ds-markdown-paragraph\"><strong>Hygienisch und sicher:<\/strong> Einmalgebrauch f\u00fcr maximale <strong>Hygiene<\/strong> und Infektionspr\u00e4vention.<\/p>\n<\/li>\n<li>\n<p class=\"ds-markdown-paragraph\"><strong>Ideal f\u00fcr Vorsorge und Abstrich:<\/strong> Perfekt geeignet f\u00fcr den <strong>Pap-Abstrich<\/strong> und andere gyn\u00e4kologische Eingriffe.<\/p>\n<\/li>\n<\/ul>\n<h4>Material &amp; Form<\/h4>\n<p>Das Bouquet Einwegspekulum ist aus kristallklarem, kompostierbarem Plastik.<\/p>\n<div class=\"BorlabsCookie _brlbs-cb-youtube\">\n<div class=\"_brlbs-content-blocker\">\n<div class=\"_brlbs-embed _brlbs-video-youtube\"> <img decoding=\"async\" class=\"_brlbs-thumbnail\" src=\"https:\/\/gvbm.net\/wp-content\/plugins\/borlabs-cookie\/assets\/images\/cb-no-thumbnail.png\" alt=\"YouTube\"> <\/p>\n<div class=\"_brlbs-caption\">\n<p>Mit dem Laden des Videos akzeptieren Sie die Datenschutzerkl\u00e4rung von YouTube.<br \/><a href=\"https:\/\/policies.google.com\/privacy\" target=\"_blank\" rel=\"nofollow noopener noreferrer\">Mehr erfahren<\/a><\/p>\n<p><a class=\"_brlbs-btn _brlbs-icon-play-white\" href=\"#\" data-borlabs-cookie-unblock role=\"button\">Video laden<\/a><\/p>\n<p><label><input type=\"checkbox\" name=\"unblockAll\" value=\"1\" checked> <small>YouTube immer entsperren<\/small><\/label><\/p>\n<\/p><\/div>\n<\/p><\/div>\n<\/p><\/div>\n<div class=\"borlabs-hide\" data-borlabs-cookie-type=\"content-blocker\" data-borlabs-cookie-id=\"youtube\"><script type=\"text\/template\">PGlmcmFtZSB0aXRsZT0iS29scG9za29waWUtUm91dGluZSBlbnR3aWNrZWxuIG1pdCBMTEVUWmxlYXJuwq4gVHJhaW5pbmciIHdpZHRoPSIxMjIwIiBoZWlnaHQ9IjY4NiIgc3JjPSJodHRwczovL3d3dy55b3V0dWJlLW5vY29va2llLmNvbS9lbWJlZC9BS2wzeUh5a1BXWT9mZWF0dXJlPW9lbWJlZCIgZnJhbWVib3JkZXI9IjAiIGFsbG93PSJhY2NlbGVyb21ldGVyOyBhdXRvcGxheTsgY2xpcGJvYXJkLXdyaXRlOyBlbmNyeXB0ZWQtbWVkaWE7IGd5cm9zY29wZTsgcGljdHVyZS1pbi1waWN0dXJlOyB3ZWItc2hhcmUiIHJlZmVycmVycG9saWN5PSJzdHJpY3Qtb3JpZ2luLXdoZW4tY3Jvc3Mtb3JpZ2luIiBhbGxvd2Z1bGxzY3JlZW4+PC9pZnJhbWU+<\/script><\/div>\n<\/div>\n<h4>Herstellung &amp; Zertifizierung<\/h4>\n<p>Der Herstellungs- sowie Sterilisationsprozess in Frankreich durch <a href=\"https:\/\/natech-healthcare.com\/en\/\" target=\"_blank\" rel=\"noopener\">NaTech SAS<\/a> gew\u00e4hrleisten hohe Verarbeitungsqualit\u00e4t, Bruchfestigkeit und eine saubere, anwenderoptimierte L\u00f6sung. Das Produkt ist durch NaTech SAS ISO 13485 und CE zertifiziert. Weitere Informationen zu der Zertifizierung finden Sie <a href=\"https:\/\/gvbm.net\/index.php\/unternehmen\/qualitaet-zertifikate\/\">hier<\/a>.<\/p>\n<\/div>\n<\/div>\n<\/section>\n","protected":false},"excerpt":{"rendered":"<p>Vaginalspekulum mit 360\u00b0 Radialspreizern, Einmalprodukt, 1 bis 3.5 cm Durchmesser, Stufenspanner, steril verpackt, 20 St\u00fcck je Verkaufseinheit<\/p>\n","protected":false},"featured_media":4415,"comment_status":"open","ping_status":"closed","template":"","meta":[],"product_cat":[139,151],"product_tag":[],"class_list":{"0":"post-4412","1":"product","2":"type-product","3":"status-publish","4":"has-post-thumbnail","6":"product_cat-gynaekologie","7":"product_cat-spekula-gynaekologie","9":"first","10":"instock","11":"shipping-taxable","12":"purchasable","13":"product-type-simple"},"_links":{"self":[{"href":"https:\/\/gvbm.net\/index.php\/wp-json\/wp\/v2\/product\/4412","targetHints":{"allow":["GET"]}}],"collection":[{"href":"https:\/\/gvbm.net\/index.php\/wp-json\/wp\/v2\/product"}],"about":[{"href":"https:\/\/gvbm.net\/index.php\/wp-json\/wp\/v2\/types\/product"}],"replies":[{"embeddable":true,"href":"https:\/\/gvbm.net\/index.php\/wp-json\/wp\/v2\/comments?post=4412"}],"wp:featuredmedia":[{"embeddable":true,"href":"https:\/\/gvbm.net\/index.php\/wp-json\/wp\/v2\/media\/4415"}],"wp:attachment":[{"href":"https:\/\/gvbm.net\/index.php\/wp-json\/wp\/v2\/media?parent=4412"}],"wp:term":[{"taxonomy":"product_cat","embeddable":true,"href":"https:\/\/gvbm.net\/index.php\/wp-json\/wp\/v2\/product_cat?post=4412"},{"taxonomy":"product_tag","embeddable":true,"href":"https:\/\/gvbm.net\/index.php\/wp-json\/wp\/v2\/product_tag?post=4412"}],"curies":[{"name":"wp","href":"https:\/\/api.w.org\/{rel}","templated":true}]}}